{"id":567,"date":"2025-06-05T08:46:20","date_gmt":"2025-06-05T08:46:20","guid":{"rendered":"https:\/\/spinbetter.space\/hu\/?page_id=567"},"modified":"2025-06-05T08:48:04","modified_gmt":"2025-06-05T08:48:04","slug":"app-freebet","status":"publish","type":"page","link":"https:\/\/spinbetter.space\/hu\/bonuses\/app-freebet\/","title":{"rendered":"App Freebet"},"content":{"rendered":"","protected":false},"excerpt":{"rendered":"","protected":false},"author":1,"featured_media":0,"parent":152,"menu_order":0,"comment_status":"closed","ping_status":"closed","template":"","meta":{"footnotes":""},"class_list":["post-567","page","type-page","status-publish","hentry"],"yoast_head":"<!-- This site is optimized with the Yoast SEO plugin v23.5 - https:\/\/yoast.com\/wordpress\/plugins\/seo\/ -->\n<title>Fogad\u00e1s a SpinBetter alkalmaz\u00e1sban &gt; Szerezd meg a Freebetet<\/title>\n<meta name=\"description\" content=\"Tegyen 10 fogad\u00e1st a SpinBetter mobilalkalmaz\u00e1sban, \u00e9s kap egy 10 EUR-ig terjed\u0151 ingyenes fogad\u00e1st. Csak akt\u00edv Line \u00e9s Live j\u00e1t\u00e9kosoknak - j\u00e1tsszon \u00e9s kapja meg a b\u00f3nuszt!\" \/>\n<meta name=\"robots\" content=\"index, follow, max-snippet:-1, max-image-preview:large, max-video-preview:-1\" \/>\n<meta property=\"og:locale\" content=\"hu_HU\" \/>\n<meta property=\"og:type\" content=\"article\" \/>\n<meta property=\"og:title\" content=\"Fogad\u00e1s a SpinBetter alkalmaz\u00e1sban &gt; Szerezd meg a Freebetet\" \/>\n<meta property=\"og:description\" content=\"Tegyen 10 fogad\u00e1st a SpinBetter mobilalkalmaz\u00e1sban, \u00e9s kap egy 10 EUR-ig terjed\u0151 ingyenes fogad\u00e1st. Csak akt\u00edv Line \u00e9s Live j\u00e1t\u00e9kosoknak - j\u00e1tsszon \u00e9s kapja meg a b\u00f3nuszt!\" \/>\n<meta property=\"og:url\" content=\"https:\/\/spinbetter.space\/hu\/bonuses\/app-freebet\/\" \/>\n<meta property=\"og:site_name\" content=\"spinbetter team hu\" \/>\n<meta property=\"article:modified_time\" content=\"2025-06-05T08:48:04+00:00\" \/>\n<meta name=\"twitter:card\" content=\"summary_large_image\" \/>\n<script type=\"application\/ld+json\" class=\"yoast-schema-graph\">{\"@context\":\"https:\/\/schema.org\",\"@graph\":[{\"@type\":\"WebPage\",\"@id\":\"https:\/\/spinbetter.space\/hu\/bonuses\/app-freebet\/\",\"url\":\"https:\/\/spinbetter.space\/hu\/bonuses\/app-freebet\/\",\"name\":\"Fogad\u00e1s a SpinBetter alkalmaz\u00e1sban > Szerezd meg a Freebetet\",\"isPartOf\":{\"@id\":\"https:\/\/spinbetter.space\/hu\/#website\"},\"datePublished\":\"2025-06-05T08:46:20+00:00\",\"dateModified\":\"2025-06-05T08:48:04+00:00\",\"description\":\"Tegyen 10 fogad\u00e1st a SpinBetter mobilalkalmaz\u00e1sban, \u00e9s kap egy 10 EUR-ig terjed\u0151 ingyenes fogad\u00e1st. Csak akt\u00edv Line \u00e9s Live j\u00e1t\u00e9kosoknak - j\u00e1tsszon \u00e9s kapja meg a b\u00f3nuszt!\",\"breadcrumb\":{\"@id\":\"https:\/\/spinbetter.space\/hu\/bonuses\/app-freebet\/#breadcrumb\"},\"inLanguage\":\"hu\",\"potentialAction\":[{\"@type\":\"ReadAction\",\"target\":[\"https:\/\/spinbetter.space\/hu\/bonuses\/app-freebet\/\"]}]},{\"@type\":\"BreadcrumbList\",\"@id\":\"https:\/\/spinbetter.space\/hu\/bonuses\/app-freebet\/#breadcrumb\",\"itemListElement\":[{\"@type\":\"ListItem\",\"position\":1,\"name\":\"\u0413\u043b\u0430\u0432\u043d\u0430\u044f \u0441\u0442\u0440\u0430\u043d\u0438\u0446\u0430\",\"item\":\"https:\/\/spinbetter.space\/hu\/\"},{\"@type\":\"ListItem\",\"position\":2,\"name\":\"B\u00f3nuszok\",\"item\":\"https:\/\/spinbetter.space\/hu\/bonuses\/\"},{\"@type\":\"ListItem\",\"position\":3,\"name\":\"App Freebet\"}]},{\"@type\":\"WebSite\",\"@id\":\"https:\/\/spinbetter.space\/hu\/#website\",\"url\":\"https:\/\/spinbetter.space\/hu\/\",\"name\":\"spinbetter team hu\",\"description\":\"My WordPress Blog\",\"potentialAction\":[{\"@type\":\"SearchAction\",\"target\":{\"@type\":\"EntryPoint\",\"urlTemplate\":\"https:\/\/spinbetter.space\/hu\/?s={search_term_string}\"},\"query-input\":{\"@type\":\"PropertyValueSpecification\",\"valueRequired\":true,\"valueName\":\"search_term_string\"}}],\"inLanguage\":\"hu\"}]}<\/script>\n<!-- \/ Yoast SEO plugin. -->","yoast_head_json":{"title":"Fogad\u00e1s a SpinBetter alkalmaz\u00e1sban > Szerezd meg a Freebetet","description":"Tegyen 10 fogad\u00e1st a SpinBetter mobilalkalmaz\u00e1sban, \u00e9s kap egy 10 EUR-ig terjed\u0151 ingyenes fogad\u00e1st. Csak akt\u00edv Line \u00e9s Live j\u00e1t\u00e9kosoknak - j\u00e1tsszon \u00e9s kapja meg a b\u00f3nuszt!","robots":{"index":"index","follow":"follow","max-snippet":"max-snippet:-1","max-image-preview":"max-image-preview:large","max-video-preview":"max-video-preview:-1"},"og_locale":"hu_HU","og_type":"article","og_title":"Fogad\u00e1s a SpinBetter alkalmaz\u00e1sban > Szerezd meg a Freebetet","og_description":"Tegyen 10 fogad\u00e1st a SpinBetter mobilalkalmaz\u00e1sban, \u00e9s kap egy 10 EUR-ig terjed\u0151 ingyenes fogad\u00e1st. Csak akt\u00edv Line \u00e9s Live j\u00e1t\u00e9kosoknak - j\u00e1tsszon \u00e9s kapja meg a b\u00f3nuszt!","og_url":"https:\/\/spinbetter.space\/hu\/bonuses\/app-freebet\/","og_site_name":"spinbetter team hu","article_modified_time":"2025-06-05T08:48:04+00:00","twitter_card":"summary_large_image","schema":{"@context":"https:\/\/schema.org","@graph":[{"@type":"WebPage","@id":"https:\/\/spinbetter.space\/hu\/bonuses\/app-freebet\/","url":"https:\/\/spinbetter.space\/hu\/bonuses\/app-freebet\/","name":"Fogad\u00e1s a SpinBetter alkalmaz\u00e1sban > Szerezd meg a Freebetet","isPartOf":{"@id":"https:\/\/spinbetter.space\/hu\/#website"},"datePublished":"2025-06-05T08:46:20+00:00","dateModified":"2025-06-05T08:48:04+00:00","description":"Tegyen 10 fogad\u00e1st a SpinBetter mobilalkalmaz\u00e1sban, \u00e9s kap egy 10 EUR-ig terjed\u0151 ingyenes fogad\u00e1st. Csak akt\u00edv Line \u00e9s Live j\u00e1t\u00e9kosoknak - j\u00e1tsszon \u00e9s kapja meg a b\u00f3nuszt!","breadcrumb":{"@id":"https:\/\/spinbetter.space\/hu\/bonuses\/app-freebet\/#breadcrumb"},"inLanguage":"hu","potentialAction":[{"@type":"ReadAction","target":["https:\/\/spinbetter.space\/hu\/bonuses\/app-freebet\/"]}]},{"@type":"BreadcrumbList","@id":"https:\/\/spinbetter.space\/hu\/bonuses\/app-freebet\/#breadcrumb","itemListElement":[{"@type":"ListItem","position":1,"name":"\u0413\u043b\u0430\u0432\u043d\u0430\u044f \u0441\u0442\u0440\u0430\u043d\u0438\u0446\u0430","item":"https:\/\/spinbetter.space\/hu\/"},{"@type":"ListItem","position":2,"name":"B\u00f3nuszok","item":"https:\/\/spinbetter.space\/hu\/bonuses\/"},{"@type":"ListItem","position":3,"name":"App Freebet"}]},{"@type":"WebSite","@id":"https:\/\/spinbetter.space\/hu\/#website","url":"https:\/\/spinbetter.space\/hu\/","name":"spinbetter team hu","description":"My WordPress Blog","potentialAction":[{"@type":"SearchAction","target":{"@type":"EntryPoint","urlTemplate":"https:\/\/spinbetter.space\/hu\/?s={search_term_string}"},"query-input":{"@type":"PropertyValueSpecification","valueRequired":true,"valueName":"search_term_string"}}],"inLanguage":"hu"}]}},"_links":{"self":[{"href":"https:\/\/spinbetter.space\/hu\/wp-json\/wp\/v2\/pages\/567","targetHints":{"allow":["GET"]}}],"collection":[{"href":"https:\/\/spinbetter.space\/hu\/wp-json\/wp\/v2\/pages"}],"about":[{"href":"https:\/\/spinbetter.space\/hu\/wp-json\/wp\/v2\/types\/page"}],"author":[{"embeddable":true,"href":"https:\/\/spinbetter.space\/hu\/wp-json\/wp\/v2\/users\/1"}],"replies":[{"embeddable":true,"href":"https:\/\/spinbetter.space\/hu\/wp-json\/wp\/v2\/comments?post=567"}],"version-history":[{"count":1,"href":"https:\/\/spinbetter.space\/hu\/wp-json\/wp\/v2\/pages\/567\/revisions"}],"predecessor-version":[{"id":568,"href":"https:\/\/spinbetter.space\/hu\/wp-json\/wp\/v2\/pages\/567\/revisions\/568"}],"up":[{"embeddable":true,"href":"https:\/\/spinbetter.space\/hu\/wp-json\/wp\/v2\/pages\/152"}],"wp:attachment":[{"href":"https:\/\/spinbetter.space\/hu\/wp-json\/wp\/v2\/media?parent=567"}],"curies":[{"name":"wp","href":"https:\/\/api.w.org\/{rel}","templated":true}]}}