{"id":388,"date":"2024-09-26T11:52:57","date_gmt":"2024-09-26T11:52:57","guid":{"rendered":"https:\/\/spinbetter.team\/hu\/?page_id=388"},"modified":"2025-06-18T19:32:14","modified_gmt":"2025-06-18T19:32:14","slug":"partners","status":"publish","type":"page","link":"https:\/\/spinbetter.space\/hu\/partners\/","title":{"rendered":"Partnerek"},"content":{"rendered":"","protected":false},"excerpt":{"rendered":"","protected":false},"author":1,"featured_media":0,"parent":0,"menu_order":0,"comment_status":"closed","ping_status":"closed","template":"","meta":{"footnotes":""},"class_list":["post-388","page","type-page","status-publish","hentry"],"yoast_head":"<!-- This site is optimized with the Yoast SEO plugin v23.5 - https:\/\/yoast.com\/wordpress\/plugins\/seo\/ -->\n<title>SpinBetter Partners Hungary &gt; csatlakozz a programhoz<\/title>\n<meta name=\"description\" content=\"Tudja meg, hogyan csatlakozhat a SpinBetter Vi\u1ec7t Nam Affiliate Programhoz, \u00e9s hogyan kezdjen el keresni. Fedezze fel a legjobb strat\u00e9gi\u00e1kat, eszk\u00f6z\u00f6ket \u00e9s forr\u00e1sokat!\" \/>\n<meta name=\"robots\" content=\"index, follow, max-snippet:-1, max-image-preview:large, max-video-preview:-1\" \/>\n<meta property=\"og:locale\" content=\"hu_HU\" \/>\n<meta property=\"og:type\" content=\"article\" \/>\n<meta property=\"og:title\" content=\"SpinBetter Partners Hungary &gt; csatlakozz a programhoz\" \/>\n<meta property=\"og:description\" content=\"Tudja meg, hogyan csatlakozhat a SpinBetter Vi\u1ec7t Nam Affiliate Programhoz, \u00e9s hogyan kezdjen el keresni. Fedezze fel a legjobb strat\u00e9gi\u00e1kat, eszk\u00f6z\u00f6ket \u00e9s forr\u00e1sokat!\" \/>\n<meta property=\"og:url\" content=\"https:\/\/spinbetter.space\/hu\/partners\/\" \/>\n<meta property=\"og:site_name\" content=\"spinbetter team hu\" \/>\n<meta property=\"article:modified_time\" content=\"2025-06-18T19:32:14+00:00\" \/>\n<meta name=\"twitter:card\" content=\"summary_large_image\" \/>\n<script type=\"application\/ld+json\" class=\"yoast-schema-graph\">{\"@context\":\"https:\/\/schema.org\",\"@graph\":[{\"@type\":\"WebPage\",\"@id\":\"https:\/\/spinbetter.space\/hu\/partners\/\",\"url\":\"https:\/\/spinbetter.space\/hu\/partners\/\",\"name\":\"SpinBetter Partners Hungary > csatlakozz a programhoz\",\"isPartOf\":{\"@id\":\"https:\/\/spinbetter.space\/hu\/#website\"},\"datePublished\":\"2024-09-26T11:52:57+00:00\",\"dateModified\":\"2025-06-18T19:32:14+00:00\",\"description\":\"Tudja meg, hogyan csatlakozhat a SpinBetter Vi\u1ec7t Nam Affiliate Programhoz, \u00e9s hogyan kezdjen el keresni. Fedezze fel a legjobb strat\u00e9gi\u00e1kat, eszk\u00f6z\u00f6ket \u00e9s forr\u00e1sokat!\",\"breadcrumb\":{\"@id\":\"https:\/\/spinbetter.space\/hu\/partners\/#breadcrumb\"},\"inLanguage\":\"hu\",\"potentialAction\":[{\"@type\":\"ReadAction\",\"target\":[\"https:\/\/spinbetter.space\/hu\/partners\/\"]}]},{\"@type\":\"BreadcrumbList\",\"@id\":\"https:\/\/spinbetter.space\/hu\/partners\/#breadcrumb\",\"itemListElement\":[{\"@type\":\"ListItem\",\"position\":1,\"name\":\"\u0413\u043b\u0430\u0432\u043d\u0430\u044f \u0441\u0442\u0440\u0430\u043d\u0438\u0446\u0430\",\"item\":\"https:\/\/spinbetter.space\/hu\/\"},{\"@type\":\"ListItem\",\"position\":2,\"name\":\"Partnerek\"}]},{\"@type\":\"WebSite\",\"@id\":\"https:\/\/spinbetter.space\/hu\/#website\",\"url\":\"https:\/\/spinbetter.space\/hu\/\",\"name\":\"spinbetter team hu\",\"description\":\"My WordPress Blog\",\"potentialAction\":[{\"@type\":\"SearchAction\",\"target\":{\"@type\":\"EntryPoint\",\"urlTemplate\":\"https:\/\/spinbetter.space\/hu\/?s={search_term_string}\"},\"query-input\":{\"@type\":\"PropertyValueSpecification\",\"valueRequired\":true,\"valueName\":\"search_term_string\"}}],\"inLanguage\":\"hu\"}]}<\/script>\n<!-- \/ Yoast SEO plugin. -->","yoast_head_json":{"title":"SpinBetter Partners Hungary > csatlakozz a programhoz","description":"Tudja meg, hogyan csatlakozhat a SpinBetter Vi\u1ec7t Nam Affiliate Programhoz, \u00e9s hogyan kezdjen el keresni. Fedezze fel a legjobb strat\u00e9gi\u00e1kat, eszk\u00f6z\u00f6ket \u00e9s forr\u00e1sokat!","robots":{"index":"index","follow":"follow","max-snippet":"max-snippet:-1","max-image-preview":"max-image-preview:large","max-video-preview":"max-video-preview:-1"},"og_locale":"hu_HU","og_type":"article","og_title":"SpinBetter Partners Hungary > csatlakozz a programhoz","og_description":"Tudja meg, hogyan csatlakozhat a SpinBetter Vi\u1ec7t Nam Affiliate Programhoz, \u00e9s hogyan kezdjen el keresni. Fedezze fel a legjobb strat\u00e9gi\u00e1kat, eszk\u00f6z\u00f6ket \u00e9s forr\u00e1sokat!","og_url":"https:\/\/spinbetter.space\/hu\/partners\/","og_site_name":"spinbetter team hu","article_modified_time":"2025-06-18T19:32:14+00:00","twitter_card":"summary_large_image","schema":{"@context":"https:\/\/schema.org","@graph":[{"@type":"WebPage","@id":"https:\/\/spinbetter.space\/hu\/partners\/","url":"https:\/\/spinbetter.space\/hu\/partners\/","name":"SpinBetter Partners Hungary > csatlakozz a programhoz","isPartOf":{"@id":"https:\/\/spinbetter.space\/hu\/#website"},"datePublished":"2024-09-26T11:52:57+00:00","dateModified":"2025-06-18T19:32:14+00:00","description":"Tudja meg, hogyan csatlakozhat a SpinBetter Vi\u1ec7t Nam Affiliate Programhoz, \u00e9s hogyan kezdjen el keresni. Fedezze fel a legjobb strat\u00e9gi\u00e1kat, eszk\u00f6z\u00f6ket \u00e9s forr\u00e1sokat!","breadcrumb":{"@id":"https:\/\/spinbetter.space\/hu\/partners\/#breadcrumb"},"inLanguage":"hu","potentialAction":[{"@type":"ReadAction","target":["https:\/\/spinbetter.space\/hu\/partners\/"]}]},{"@type":"BreadcrumbList","@id":"https:\/\/spinbetter.space\/hu\/partners\/#breadcrumb","itemListElement":[{"@type":"ListItem","position":1,"name":"\u0413\u043b\u0430\u0432\u043d\u0430\u044f \u0441\u0442\u0440\u0430\u043d\u0438\u0446\u0430","item":"https:\/\/spinbetter.space\/hu\/"},{"@type":"ListItem","position":2,"name":"Partnerek"}]},{"@type":"WebSite","@id":"https:\/\/spinbetter.space\/hu\/#website","url":"https:\/\/spinbetter.space\/hu\/","name":"spinbetter team hu","description":"My WordPress Blog","potentialAction":[{"@type":"SearchAction","target":{"@type":"EntryPoint","urlTemplate":"https:\/\/spinbetter.space\/hu\/?s={search_term_string}"},"query-input":{"@type":"PropertyValueSpecification","valueRequired":true,"valueName":"search_term_string"}}],"inLanguage":"hu"}]}},"_links":{"self":[{"href":"https:\/\/spinbetter.space\/hu\/wp-json\/wp\/v2\/pages\/388","targetHints":{"allow":["GET"]}}],"collection":[{"href":"https:\/\/spinbetter.space\/hu\/wp-json\/wp\/v2\/pages"}],"about":[{"href":"https:\/\/spinbetter.space\/hu\/wp-json\/wp\/v2\/types\/page"}],"author":[{"embeddable":true,"href":"https:\/\/spinbetter.space\/hu\/wp-json\/wp\/v2\/users\/1"}],"replies":[{"embeddable":true,"href":"https:\/\/spinbetter.space\/hu\/wp-json\/wp\/v2\/comments?post=388"}],"version-history":[{"count":10,"href":"https:\/\/spinbetter.space\/hu\/wp-json\/wp\/v2\/pages\/388\/revisions"}],"predecessor-version":[{"id":558,"href":"https:\/\/spinbetter.space\/hu\/wp-json\/wp\/v2\/pages\/388\/revisions\/558"}],"wp:attachment":[{"href":"https:\/\/spinbetter.space\/hu\/wp-json\/wp\/v2\/media?parent=388"}],"curies":[{"name":"wp","href":"https:\/\/api.w.org\/{rel}","templated":true}]}}