{"id":363,"date":"2024-09-26T08:40:59","date_gmt":"2024-09-26T08:40:59","guid":{"rendered":"https:\/\/spinbetter.team\/hu\/?page_id=363"},"modified":"2025-06-18T19:33:21","modified_gmt":"2025-06-18T19:33:21","slug":"mirror","status":"publish","type":"page","link":"https:\/\/spinbetter.space\/hu\/mirror\/","title":{"rendered":"T\u00fck\u00f6r"},"content":{"rendered":"","protected":false},"excerpt":{"rendered":"","protected":false},"author":1,"featured_media":0,"parent":0,"menu_order":0,"comment_status":"closed","ping_status":"closed","template":"","meta":{"footnotes":""},"class_list":["post-363","page","type-page","status-publish","hentry"],"yoast_head":"<!-- This site is optimized with the Yoast SEO plugin v23.5 - https:\/\/yoast.com\/wordpress\/plugins\/seo\/ -->\n<title>SpinBetter Magyarorsz\u00e1g T\u00fckr\u00f6k | Tippek \u00e9s Haszn\u00e1lati \u00datmutat\u00f3<\/title>\n<meta name=\"description\" content=\"Tudjon meg mindent a SpinBetter Vi\u1ec7t Nam t\u00fckr\u00f6kr\u0151l! Hogyan m\u0171k\u00f6dnek, hol tal\u00e1l naprak\u00e9sz linkeket a SpinBetter t\u00fckr\u00f6kh\u00f6z, \u00e9s hogyan tarthatja biztons\u00e1gban az adatait!\" \/>\n<meta name=\"robots\" content=\"index, follow, max-snippet:-1, max-image-preview:large, max-video-preview:-1\" \/>\n<meta property=\"og:locale\" content=\"hu_HU\" \/>\n<meta property=\"og:type\" content=\"article\" \/>\n<meta property=\"og:title\" content=\"SpinBetter Magyarorsz\u00e1g T\u00fckr\u00f6k | Tippek \u00e9s Haszn\u00e1lati \u00datmutat\u00f3\" \/>\n<meta property=\"og:description\" content=\"Tudjon meg mindent a SpinBetter Vi\u1ec7t Nam t\u00fckr\u00f6kr\u0151l! Hogyan m\u0171k\u00f6dnek, hol tal\u00e1l naprak\u00e9sz linkeket a SpinBetter t\u00fckr\u00f6kh\u00f6z, \u00e9s hogyan tarthatja biztons\u00e1gban az adatait!\" \/>\n<meta property=\"og:url\" content=\"https:\/\/spinbetter.space\/hu\/mirror\/\" \/>\n<meta property=\"og:site_name\" content=\"spinbetter team hu\" \/>\n<meta property=\"article:modified_time\" content=\"2025-06-18T19:33:21+00:00\" \/>\n<meta name=\"twitter:card\" content=\"summary_large_image\" \/>\n<script type=\"application\/ld+json\" class=\"yoast-schema-graph\">{\"@context\":\"https:\/\/schema.org\",\"@graph\":[{\"@type\":\"WebPage\",\"@id\":\"https:\/\/spinbetter.space\/hu\/mirror\/\",\"url\":\"https:\/\/spinbetter.space\/hu\/mirror\/\",\"name\":\"SpinBetter Magyarorsz\u00e1g T\u00fckr\u00f6k | Tippek \u00e9s Haszn\u00e1lati \u00datmutat\u00f3\",\"isPartOf\":{\"@id\":\"https:\/\/spinbetter.space\/hu\/#website\"},\"datePublished\":\"2024-09-26T08:40:59+00:00\",\"dateModified\":\"2025-06-18T19:33:21+00:00\",\"description\":\"Tudjon meg mindent a SpinBetter Vi\u1ec7t Nam t\u00fckr\u00f6kr\u0151l! Hogyan m\u0171k\u00f6dnek, hol tal\u00e1l naprak\u00e9sz linkeket a SpinBetter t\u00fckr\u00f6kh\u00f6z, \u00e9s hogyan tarthatja biztons\u00e1gban az adatait!\",\"breadcrumb\":{\"@id\":\"https:\/\/spinbetter.space\/hu\/mirror\/#breadcrumb\"},\"inLanguage\":\"hu\",\"potentialAction\":[{\"@type\":\"ReadAction\",\"target\":[\"https:\/\/spinbetter.space\/hu\/mirror\/\"]}]},{\"@type\":\"BreadcrumbList\",\"@id\":\"https:\/\/spinbetter.space\/hu\/mirror\/#breadcrumb\",\"itemListElement\":[{\"@type\":\"ListItem\",\"position\":1,\"name\":\"\u0413\u043b\u0430\u0432\u043d\u0430\u044f \u0441\u0442\u0440\u0430\u043d\u0438\u0446\u0430\",\"item\":\"https:\/\/spinbetter.space\/hu\/\"},{\"@type\":\"ListItem\",\"position\":2,\"name\":\"T\u00fck\u00f6r\"}]},{\"@type\":\"WebSite\",\"@id\":\"https:\/\/spinbetter.space\/hu\/#website\",\"url\":\"https:\/\/spinbetter.space\/hu\/\",\"name\":\"spinbetter team hu\",\"description\":\"My WordPress Blog\",\"potentialAction\":[{\"@type\":\"SearchAction\",\"target\":{\"@type\":\"EntryPoint\",\"urlTemplate\":\"https:\/\/spinbetter.space\/hu\/?s={search_term_string}\"},\"query-input\":{\"@type\":\"PropertyValueSpecification\",\"valueRequired\":true,\"valueName\":\"search_term_string\"}}],\"inLanguage\":\"hu\"}]}<\/script>\n<!-- \/ Yoast SEO plugin. -->","yoast_head_json":{"title":"SpinBetter Magyarorsz\u00e1g T\u00fckr\u00f6k | Tippek \u00e9s Haszn\u00e1lati \u00datmutat\u00f3","description":"Tudjon meg mindent a SpinBetter Vi\u1ec7t Nam t\u00fckr\u00f6kr\u0151l! Hogyan m\u0171k\u00f6dnek, hol tal\u00e1l naprak\u00e9sz linkeket a SpinBetter t\u00fckr\u00f6kh\u00f6z, \u00e9s hogyan tarthatja biztons\u00e1gban az adatait!","robots":{"index":"index","follow":"follow","max-snippet":"max-snippet:-1","max-image-preview":"max-image-preview:large","max-video-preview":"max-video-preview:-1"},"og_locale":"hu_HU","og_type":"article","og_title":"SpinBetter Magyarorsz\u00e1g T\u00fckr\u00f6k | Tippek \u00e9s Haszn\u00e1lati \u00datmutat\u00f3","og_description":"Tudjon meg mindent a SpinBetter Vi\u1ec7t Nam t\u00fckr\u00f6kr\u0151l! Hogyan m\u0171k\u00f6dnek, hol tal\u00e1l naprak\u00e9sz linkeket a SpinBetter t\u00fckr\u00f6kh\u00f6z, \u00e9s hogyan tarthatja biztons\u00e1gban az adatait!","og_url":"https:\/\/spinbetter.space\/hu\/mirror\/","og_site_name":"spinbetter team hu","article_modified_time":"2025-06-18T19:33:21+00:00","twitter_card":"summary_large_image","schema":{"@context":"https:\/\/schema.org","@graph":[{"@type":"WebPage","@id":"https:\/\/spinbetter.space\/hu\/mirror\/","url":"https:\/\/spinbetter.space\/hu\/mirror\/","name":"SpinBetter Magyarorsz\u00e1g T\u00fckr\u00f6k | Tippek \u00e9s Haszn\u00e1lati \u00datmutat\u00f3","isPartOf":{"@id":"https:\/\/spinbetter.space\/hu\/#website"},"datePublished":"2024-09-26T08:40:59+00:00","dateModified":"2025-06-18T19:33:21+00:00","description":"Tudjon meg mindent a SpinBetter Vi\u1ec7t Nam t\u00fckr\u00f6kr\u0151l! Hogyan m\u0171k\u00f6dnek, hol tal\u00e1l naprak\u00e9sz linkeket a SpinBetter t\u00fckr\u00f6kh\u00f6z, \u00e9s hogyan tarthatja biztons\u00e1gban az adatait!","breadcrumb":{"@id":"https:\/\/spinbetter.space\/hu\/mirror\/#breadcrumb"},"inLanguage":"hu","potentialAction":[{"@type":"ReadAction","target":["https:\/\/spinbetter.space\/hu\/mirror\/"]}]},{"@type":"BreadcrumbList","@id":"https:\/\/spinbetter.space\/hu\/mirror\/#breadcrumb","itemListElement":[{"@type":"ListItem","position":1,"name":"\u0413\u043b\u0430\u0432\u043d\u0430\u044f \u0441\u0442\u0440\u0430\u043d\u0438\u0446\u0430","item":"https:\/\/spinbetter.space\/hu\/"},{"@type":"ListItem","position":2,"name":"T\u00fck\u00f6r"}]},{"@type":"WebSite","@id":"https:\/\/spinbetter.space\/hu\/#website","url":"https:\/\/spinbetter.space\/hu\/","name":"spinbetter team hu","description":"My WordPress Blog","potentialAction":[{"@type":"SearchAction","target":{"@type":"EntryPoint","urlTemplate":"https:\/\/spinbetter.space\/hu\/?s={search_term_string}"},"query-input":{"@type":"PropertyValueSpecification","valueRequired":true,"valueName":"search_term_string"}}],"inLanguage":"hu"}]}},"_links":{"self":[{"href":"https:\/\/spinbetter.space\/hu\/wp-json\/wp\/v2\/pages\/363","targetHints":{"allow":["GET"]}}],"collection":[{"href":"https:\/\/spinbetter.space\/hu\/wp-json\/wp\/v2\/pages"}],"about":[{"href":"https:\/\/spinbetter.space\/hu\/wp-json\/wp\/v2\/types\/page"}],"author":[{"embeddable":true,"href":"https:\/\/spinbetter.space\/hu\/wp-json\/wp\/v2\/users\/1"}],"replies":[{"embeddable":true,"href":"https:\/\/spinbetter.space\/hu\/wp-json\/wp\/v2\/comments?post=363"}],"version-history":[{"count":11,"href":"https:\/\/spinbetter.space\/hu\/wp-json\/wp\/v2\/pages\/363\/revisions"}],"predecessor-version":[{"id":553,"href":"https:\/\/spinbetter.space\/hu\/wp-json\/wp\/v2\/pages\/363\/revisions\/553"}],"wp:attachment":[{"href":"https:\/\/spinbetter.space\/hu\/wp-json\/wp\/v2\/media?parent=363"}],"curies":[{"name":"wp","href":"https:\/\/api.w.org\/{rel}","templated":true}]}}