{"id":334,"date":"2024-09-25T14:32:23","date_gmt":"2024-09-25T14:32:23","guid":{"rendered":"https:\/\/spinbetter.team\/hu\/?page_id=334"},"modified":"2025-06-18T19:26:58","modified_gmt":"2025-06-18T19:26:58","slug":"download","status":"publish","type":"page","link":"https:\/\/spinbetter.space\/hu\/download\/","title":{"rendered":"Let\u00f6lt\u00e9s"},"content":{"rendered":"","protected":false},"excerpt":{"rendered":"","protected":false},"author":1,"featured_media":0,"parent":0,"menu_order":0,"comment_status":"closed","ping_status":"closed","template":"","meta":{"footnotes":""},"class_list":["post-334","page","type-page","status-publish","hentry"],"yoast_head":"<!-- This site is optimized with the Yoast SEO plugin v23.5 - https:\/\/yoast.com\/wordpress\/plugins\/seo\/ -->\n<title>Hogyan t\u00f6lts\u00fck le a SpinBetter Hungary-t &gt; \u00datmutat\u00f3 \u00e9s tippek<\/title>\n<meta name=\"description\" content=\"A SpinBetter Vi\u1ec7t Nam alkalmaz\u00e1s r\u00e9szletes \u00e1ttekint\u00e9se. Tudja meg, hogyan t\u00f6ltse le a SpinBettert, \u00e9s hogyan hozza ki bel\u0151le a legt\u00f6bbet: j\u00e1t\u00e9kok, fogad\u00e1sok \u00e9s exkluz\u00edv b\u00f3nuszok!\" \/>\n<meta name=\"robots\" content=\"index, follow, max-snippet:-1, max-image-preview:large, max-video-preview:-1\" \/>\n<meta property=\"og:locale\" content=\"hu_HU\" \/>\n<meta property=\"og:type\" content=\"article\" \/>\n<meta property=\"og:title\" content=\"Hogyan t\u00f6lts\u00fck le a SpinBetter Hungary-t &gt; \u00datmutat\u00f3 \u00e9s tippek\" \/>\n<meta property=\"og:description\" content=\"A SpinBetter Vi\u1ec7t Nam alkalmaz\u00e1s r\u00e9szletes \u00e1ttekint\u00e9se. Tudja meg, hogyan t\u00f6ltse le a SpinBettert, \u00e9s hogyan hozza ki bel\u0151le a legt\u00f6bbet: j\u00e1t\u00e9kok, fogad\u00e1sok \u00e9s exkluz\u00edv b\u00f3nuszok!\" \/>\n<meta property=\"og:url\" content=\"https:\/\/spinbetter.space\/hu\/download\/\" \/>\n<meta property=\"og:site_name\" content=\"spinbetter team hu\" \/>\n<meta property=\"article:modified_time\" content=\"2025-06-18T19:26:58+00:00\" \/>\n<meta name=\"twitter:card\" content=\"summary_large_image\" \/>\n<script type=\"application\/ld+json\" class=\"yoast-schema-graph\">{\"@context\":\"https:\/\/schema.org\",\"@graph\":[{\"@type\":\"WebPage\",\"@id\":\"https:\/\/spinbetter.space\/hu\/download\/\",\"url\":\"https:\/\/spinbetter.space\/hu\/download\/\",\"name\":\"Hogyan t\u00f6lts\u00fck le a SpinBetter Hungary-t > \u00datmutat\u00f3 \u00e9s tippek\",\"isPartOf\":{\"@id\":\"https:\/\/spinbetter.space\/hu\/#website\"},\"datePublished\":\"2024-09-25T14:32:23+00:00\",\"dateModified\":\"2025-06-18T19:26:58+00:00\",\"description\":\"A SpinBetter Vi\u1ec7t Nam alkalmaz\u00e1s r\u00e9szletes \u00e1ttekint\u00e9se. Tudja meg, hogyan t\u00f6ltse le a SpinBettert, \u00e9s hogyan hozza ki bel\u0151le a legt\u00f6bbet: j\u00e1t\u00e9kok, fogad\u00e1sok \u00e9s exkluz\u00edv b\u00f3nuszok!\",\"breadcrumb\":{\"@id\":\"https:\/\/spinbetter.space\/hu\/download\/#breadcrumb\"},\"inLanguage\":\"hu\",\"potentialAction\":[{\"@type\":\"ReadAction\",\"target\":[\"https:\/\/spinbetter.space\/hu\/download\/\"]}]},{\"@type\":\"BreadcrumbList\",\"@id\":\"https:\/\/spinbetter.space\/hu\/download\/#breadcrumb\",\"itemListElement\":[{\"@type\":\"ListItem\",\"position\":1,\"name\":\"\u0413\u043b\u0430\u0432\u043d\u0430\u044f \u0441\u0442\u0440\u0430\u043d\u0438\u0446\u0430\",\"item\":\"https:\/\/spinbetter.space\/hu\/\"},{\"@type\":\"ListItem\",\"position\":2,\"name\":\"Let\u00f6lt\u00e9s\"}]},{\"@type\":\"WebSite\",\"@id\":\"https:\/\/spinbetter.space\/hu\/#website\",\"url\":\"https:\/\/spinbetter.space\/hu\/\",\"name\":\"spinbetter team hu\",\"description\":\"My WordPress Blog\",\"potentialAction\":[{\"@type\":\"SearchAction\",\"target\":{\"@type\":\"EntryPoint\",\"urlTemplate\":\"https:\/\/spinbetter.space\/hu\/?s={search_term_string}\"},\"query-input\":{\"@type\":\"PropertyValueSpecification\",\"valueRequired\":true,\"valueName\":\"search_term_string\"}}],\"inLanguage\":\"hu\"}]}<\/script>\n<!-- \/ Yoast SEO plugin. -->","yoast_head_json":{"title":"Hogyan t\u00f6lts\u00fck le a SpinBetter Hungary-t > \u00datmutat\u00f3 \u00e9s tippek","description":"A SpinBetter Vi\u1ec7t Nam alkalmaz\u00e1s r\u00e9szletes \u00e1ttekint\u00e9se. Tudja meg, hogyan t\u00f6ltse le a SpinBettert, \u00e9s hogyan hozza ki bel\u0151le a legt\u00f6bbet: j\u00e1t\u00e9kok, fogad\u00e1sok \u00e9s exkluz\u00edv b\u00f3nuszok!","robots":{"index":"index","follow":"follow","max-snippet":"max-snippet:-1","max-image-preview":"max-image-preview:large","max-video-preview":"max-video-preview:-1"},"og_locale":"hu_HU","og_type":"article","og_title":"Hogyan t\u00f6lts\u00fck le a SpinBetter Hungary-t > \u00datmutat\u00f3 \u00e9s tippek","og_description":"A SpinBetter Vi\u1ec7t Nam alkalmaz\u00e1s r\u00e9szletes \u00e1ttekint\u00e9se. Tudja meg, hogyan t\u00f6ltse le a SpinBettert, \u00e9s hogyan hozza ki bel\u0151le a legt\u00f6bbet: j\u00e1t\u00e9kok, fogad\u00e1sok \u00e9s exkluz\u00edv b\u00f3nuszok!","og_url":"https:\/\/spinbetter.space\/hu\/download\/","og_site_name":"spinbetter team hu","article_modified_time":"2025-06-18T19:26:58+00:00","twitter_card":"summary_large_image","schema":{"@context":"https:\/\/schema.org","@graph":[{"@type":"WebPage","@id":"https:\/\/spinbetter.space\/hu\/download\/","url":"https:\/\/spinbetter.space\/hu\/download\/","name":"Hogyan t\u00f6lts\u00fck le a SpinBetter Hungary-t > \u00datmutat\u00f3 \u00e9s tippek","isPartOf":{"@id":"https:\/\/spinbetter.space\/hu\/#website"},"datePublished":"2024-09-25T14:32:23+00:00","dateModified":"2025-06-18T19:26:58+00:00","description":"A SpinBetter Vi\u1ec7t Nam alkalmaz\u00e1s r\u00e9szletes \u00e1ttekint\u00e9se. Tudja meg, hogyan t\u00f6ltse le a SpinBettert, \u00e9s hogyan hozza ki bel\u0151le a legt\u00f6bbet: j\u00e1t\u00e9kok, fogad\u00e1sok \u00e9s exkluz\u00edv b\u00f3nuszok!","breadcrumb":{"@id":"https:\/\/spinbetter.space\/hu\/download\/#breadcrumb"},"inLanguage":"hu","potentialAction":[{"@type":"ReadAction","target":["https:\/\/spinbetter.space\/hu\/download\/"]}]},{"@type":"BreadcrumbList","@id":"https:\/\/spinbetter.space\/hu\/download\/#breadcrumb","itemListElement":[{"@type":"ListItem","position":1,"name":"\u0413\u043b\u0430\u0432\u043d\u0430\u044f \u0441\u0442\u0440\u0430\u043d\u0438\u0446\u0430","item":"https:\/\/spinbetter.space\/hu\/"},{"@type":"ListItem","position":2,"name":"Let\u00f6lt\u00e9s"}]},{"@type":"WebSite","@id":"https:\/\/spinbetter.space\/hu\/#website","url":"https:\/\/spinbetter.space\/hu\/","name":"spinbetter team hu","description":"My WordPress Blog","potentialAction":[{"@type":"SearchAction","target":{"@type":"EntryPoint","urlTemplate":"https:\/\/spinbetter.space\/hu\/?s={search_term_string}"},"query-input":{"@type":"PropertyValueSpecification","valueRequired":true,"valueName":"search_term_string"}}],"inLanguage":"hu"}]}},"_links":{"self":[{"href":"https:\/\/spinbetter.space\/hu\/wp-json\/wp\/v2\/pages\/334","targetHints":{"allow":["GET"]}}],"collection":[{"href":"https:\/\/spinbetter.space\/hu\/wp-json\/wp\/v2\/pages"}],"about":[{"href":"https:\/\/spinbetter.space\/hu\/wp-json\/wp\/v2\/types\/page"}],"author":[{"embeddable":true,"href":"https:\/\/spinbetter.space\/hu\/wp-json\/wp\/v2\/users\/1"}],"replies":[{"embeddable":true,"href":"https:\/\/spinbetter.space\/hu\/wp-json\/wp\/v2\/comments?post=334"}],"version-history":[{"count":23,"href":"https:\/\/spinbetter.space\/hu\/wp-json\/wp\/v2\/pages\/334\/revisions"}],"predecessor-version":[{"id":544,"href":"https:\/\/spinbetter.space\/hu\/wp-json\/wp\/v2\/pages\/334\/revisions\/544"}],"wp:attachment":[{"href":"https:\/\/spinbetter.space\/hu\/wp-json\/wp\/v2\/media?parent=334"}],"curies":[{"name":"wp","href":"https:\/\/api.w.org\/{rel}","templated":true}]}}