{"id":310,"date":"2024-09-24T14:15:24","date_gmt":"2024-09-24T14:15:24","guid":{"rendered":"https:\/\/spinbetter.team\/hu\/?page_id=310"},"modified":"2025-06-18T19:28:50","modified_gmt":"2025-06-18T19:28:50","slug":"freespins","status":"publish","type":"page","link":"https:\/\/spinbetter.space\/hu\/freespins\/","title":{"rendered":"Freespins"},"content":{"rendered":"<ul>\n<li><\/li>\n<\/ul>\n","protected":false},"excerpt":{"rendered":"","protected":false},"author":1,"featured_media":0,"parent":0,"menu_order":0,"comment_status":"closed","ping_status":"closed","template":"","meta":{"footnotes":""},"class_list":["post-310","page","type-page","status-publish","hentry"],"yoast_head":"<!-- This site is optimized with the Yoast SEO plugin v23.5 - https:\/\/yoast.com\/wordpress\/plugins\/seo\/ -->\n<title>SpinBetter Hungary Ingyenes P\u00f6rget\u00e9sek &gt; Nyerem\u00e9nyeid<\/title>\n<meta name=\"description\" content=\"Ismerje meg, hogyan haszn\u00e1lja hat\u00e9konyan a SpinBetter Vi\u1ec7t Nam ingyenes p\u00f6rget\u00e9seket, hogyan hozza ki a legt\u00f6bbet a prom\u00f3ci\u00f3kb\u00f3l, hogyan ker\u00fclje el a gyakori hib\u00e1kat \u00e9s hogyan j\u00e1tsszon felel\u0151ss\u00e9gteljesen!\" \/>\n<meta name=\"robots\" content=\"index, follow, max-snippet:-1, max-image-preview:large, max-video-preview:-1\" \/>\n<meta property=\"og:locale\" content=\"hu_HU\" \/>\n<meta property=\"og:type\" content=\"article\" \/>\n<meta property=\"og:title\" content=\"SpinBetter Hungary Ingyenes P\u00f6rget\u00e9sek &gt; Nyerem\u00e9nyeid\" \/>\n<meta property=\"og:description\" content=\"Ismerje meg, hogyan haszn\u00e1lja hat\u00e9konyan a SpinBetter Vi\u1ec7t Nam ingyenes p\u00f6rget\u00e9seket, hogyan hozza ki a legt\u00f6bbet a prom\u00f3ci\u00f3kb\u00f3l, hogyan ker\u00fclje el a gyakori hib\u00e1kat \u00e9s hogyan j\u00e1tsszon felel\u0151ss\u00e9gteljesen!\" \/>\n<meta property=\"og:url\" content=\"https:\/\/spinbetter.space\/hu\/freespins\/\" \/>\n<meta property=\"og:site_name\" content=\"spinbetter team hu\" \/>\n<meta property=\"article:modified_time\" content=\"2025-06-18T19:28:50+00:00\" \/>\n<meta name=\"twitter:card\" content=\"summary_large_image\" \/>\n<script type=\"application\/ld+json\" class=\"yoast-schema-graph\">{\"@context\":\"https:\/\/schema.org\",\"@graph\":[{\"@type\":\"WebPage\",\"@id\":\"https:\/\/spinbetter.space\/hu\/freespins\/\",\"url\":\"https:\/\/spinbetter.space\/hu\/freespins\/\",\"name\":\"SpinBetter Hungary Ingyenes P\u00f6rget\u00e9sek > Nyerem\u00e9nyeid\",\"isPartOf\":{\"@id\":\"https:\/\/spinbetter.space\/hu\/#website\"},\"datePublished\":\"2024-09-24T14:15:24+00:00\",\"dateModified\":\"2025-06-18T19:28:50+00:00\",\"description\":\"Ismerje meg, hogyan haszn\u00e1lja hat\u00e9konyan a SpinBetter Vi\u1ec7t Nam ingyenes p\u00f6rget\u00e9seket, hogyan hozza ki a legt\u00f6bbet a prom\u00f3ci\u00f3kb\u00f3l, hogyan ker\u00fclje el a gyakori hib\u00e1kat \u00e9s hogyan j\u00e1tsszon felel\u0151ss\u00e9gteljesen!\",\"breadcrumb\":{\"@id\":\"https:\/\/spinbetter.space\/hu\/freespins\/#breadcrumb\"},\"inLanguage\":\"hu\",\"potentialAction\":[{\"@type\":\"ReadAction\",\"target\":[\"https:\/\/spinbetter.space\/hu\/freespins\/\"]}]},{\"@type\":\"BreadcrumbList\",\"@id\":\"https:\/\/spinbetter.space\/hu\/freespins\/#breadcrumb\",\"itemListElement\":[{\"@type\":\"ListItem\",\"position\":1,\"name\":\"\u0413\u043b\u0430\u0432\u043d\u0430\u044f \u0441\u0442\u0440\u0430\u043d\u0438\u0446\u0430\",\"item\":\"https:\/\/spinbetter.space\/hu\/\"},{\"@type\":\"ListItem\",\"position\":2,\"name\":\"Freespins\"}]},{\"@type\":\"WebSite\",\"@id\":\"https:\/\/spinbetter.space\/hu\/#website\",\"url\":\"https:\/\/spinbetter.space\/hu\/\",\"name\":\"spinbetter team hu\",\"description\":\"My WordPress Blog\",\"potentialAction\":[{\"@type\":\"SearchAction\",\"target\":{\"@type\":\"EntryPoint\",\"urlTemplate\":\"https:\/\/spinbetter.space\/hu\/?s={search_term_string}\"},\"query-input\":{\"@type\":\"PropertyValueSpecification\",\"valueRequired\":true,\"valueName\":\"search_term_string\"}}],\"inLanguage\":\"hu\"}]}<\/script>\n<!-- \/ Yoast SEO plugin. -->","yoast_head_json":{"title":"SpinBetter Hungary Ingyenes P\u00f6rget\u00e9sek > Nyerem\u00e9nyeid","description":"Ismerje meg, hogyan haszn\u00e1lja hat\u00e9konyan a SpinBetter Vi\u1ec7t Nam ingyenes p\u00f6rget\u00e9seket, hogyan hozza ki a legt\u00f6bbet a prom\u00f3ci\u00f3kb\u00f3l, hogyan ker\u00fclje el a gyakori hib\u00e1kat \u00e9s hogyan j\u00e1tsszon felel\u0151ss\u00e9gteljesen!","robots":{"index":"index","follow":"follow","max-snippet":"max-snippet:-1","max-image-preview":"max-image-preview:large","max-video-preview":"max-video-preview:-1"},"og_locale":"hu_HU","og_type":"article","og_title":"SpinBetter Hungary Ingyenes P\u00f6rget\u00e9sek > Nyerem\u00e9nyeid","og_description":"Ismerje meg, hogyan haszn\u00e1lja hat\u00e9konyan a SpinBetter Vi\u1ec7t Nam ingyenes p\u00f6rget\u00e9seket, hogyan hozza ki a legt\u00f6bbet a prom\u00f3ci\u00f3kb\u00f3l, hogyan ker\u00fclje el a gyakori hib\u00e1kat \u00e9s hogyan j\u00e1tsszon felel\u0151ss\u00e9gteljesen!","og_url":"https:\/\/spinbetter.space\/hu\/freespins\/","og_site_name":"spinbetter team hu","article_modified_time":"2025-06-18T19:28:50+00:00","twitter_card":"summary_large_image","schema":{"@context":"https:\/\/schema.org","@graph":[{"@type":"WebPage","@id":"https:\/\/spinbetter.space\/hu\/freespins\/","url":"https:\/\/spinbetter.space\/hu\/freespins\/","name":"SpinBetter Hungary Ingyenes P\u00f6rget\u00e9sek > Nyerem\u00e9nyeid","isPartOf":{"@id":"https:\/\/spinbetter.space\/hu\/#website"},"datePublished":"2024-09-24T14:15:24+00:00","dateModified":"2025-06-18T19:28:50+00:00","description":"Ismerje meg, hogyan haszn\u00e1lja hat\u00e9konyan a SpinBetter Vi\u1ec7t Nam ingyenes p\u00f6rget\u00e9seket, hogyan hozza ki a legt\u00f6bbet a prom\u00f3ci\u00f3kb\u00f3l, hogyan ker\u00fclje el a gyakori hib\u00e1kat \u00e9s hogyan j\u00e1tsszon felel\u0151ss\u00e9gteljesen!","breadcrumb":{"@id":"https:\/\/spinbetter.space\/hu\/freespins\/#breadcrumb"},"inLanguage":"hu","potentialAction":[{"@type":"ReadAction","target":["https:\/\/spinbetter.space\/hu\/freespins\/"]}]},{"@type":"BreadcrumbList","@id":"https:\/\/spinbetter.space\/hu\/freespins\/#breadcrumb","itemListElement":[{"@type":"ListItem","position":1,"name":"\u0413\u043b\u0430\u0432\u043d\u0430\u044f \u0441\u0442\u0440\u0430\u043d\u0438\u0446\u0430","item":"https:\/\/spinbetter.space\/hu\/"},{"@type":"ListItem","position":2,"name":"Freespins"}]},{"@type":"WebSite","@id":"https:\/\/spinbetter.space\/hu\/#website","url":"https:\/\/spinbetter.space\/hu\/","name":"spinbetter team hu","description":"My WordPress Blog","potentialAction":[{"@type":"SearchAction","target":{"@type":"EntryPoint","urlTemplate":"https:\/\/spinbetter.space\/hu\/?s={search_term_string}"},"query-input":{"@type":"PropertyValueSpecification","valueRequired":true,"valueName":"search_term_string"}}],"inLanguage":"hu"}]}},"_links":{"self":[{"href":"https:\/\/spinbetter.space\/hu\/wp-json\/wp\/v2\/pages\/310","targetHints":{"allow":["GET"]}}],"collection":[{"href":"https:\/\/spinbetter.space\/hu\/wp-json\/wp\/v2\/pages"}],"about":[{"href":"https:\/\/spinbetter.space\/hu\/wp-json\/wp\/v2\/types\/page"}],"author":[{"embeddable":true,"href":"https:\/\/spinbetter.space\/hu\/wp-json\/wp\/v2\/users\/1"}],"replies":[{"embeddable":true,"href":"https:\/\/spinbetter.space\/hu\/wp-json\/wp\/v2\/comments?post=310"}],"version-history":[{"count":20,"href":"https:\/\/spinbetter.space\/hu\/wp-json\/wp\/v2\/pages\/310\/revisions"}],"predecessor-version":[{"id":547,"href":"https:\/\/spinbetter.space\/hu\/wp-json\/wp\/v2\/pages\/310\/revisions\/547"}],"wp:attachment":[{"href":"https:\/\/spinbetter.space\/hu\/wp-json\/wp\/v2\/media?parent=310"}],"curies":[{"name":"wp","href":"https:\/\/api.w.org\/{rel}","templated":true}]}}