{"id":238,"date":"2024-09-20T08:33:08","date_gmt":"2024-09-20T08:33:08","guid":{"rendered":"https:\/\/spinbetter.team\/hu\/?page_id=238"},"modified":"2025-06-18T19:27:18","modified_gmt":"2025-06-18T19:27:18","slug":"promo-code","status":"publish","type":"page","link":"https:\/\/spinbetter.space\/hu\/promo-code\/","title":{"rendered":"Promo k\u00f3d"},"content":{"rendered":"","protected":false},"excerpt":{"rendered":"","protected":false},"author":1,"featured_media":0,"parent":0,"menu_order":0,"comment_status":"closed","ping_status":"closed","template":"","meta":{"footnotes":""},"class_list":["post-238","page","type-page","status-publish","hentry"],"yoast_head":"<!-- This site is optimized with the Yoast SEO plugin v23.5 - https:\/\/yoast.com\/wordpress\/plugins\/seo\/ -->\n<title>SpinBetter Vi\u1ec7t Nam Promo k\u00f3dok &gt; Tippek, b\u00f3nuszok \u00e9s el\u0151ny\u00f6k<\/title>\n<meta name=\"description\" content=\"Ismerje meg, hogyan lehet hat\u00e9konyan haszn\u00e1lni SpinBetter Vi\u1ec7t Nam promo k\u00f3dok. Egyszer\u0171 tippek, egyedi b\u00f3nuszok \u00e9s lehet\u0151s\u00e9gek a nyerem\u00e9nyek n\u00f6vel\u00e9s\u00e9re a SpinBetter prom\u00f3ci\u00f3s k\u00f3dokkal!\" \/>\n<meta name=\"robots\" content=\"index, follow, max-snippet:-1, max-image-preview:large, max-video-preview:-1\" \/>\n<meta property=\"og:locale\" content=\"hu_HU\" \/>\n<meta property=\"og:type\" content=\"article\" \/>\n<meta property=\"og:title\" content=\"SpinBetter Vi\u1ec7t Nam Promo k\u00f3dok &gt; Tippek, b\u00f3nuszok \u00e9s el\u0151ny\u00f6k\" \/>\n<meta property=\"og:description\" content=\"Ismerje meg, hogyan lehet hat\u00e9konyan haszn\u00e1lni SpinBetter Vi\u1ec7t Nam promo k\u00f3dok. Egyszer\u0171 tippek, egyedi b\u00f3nuszok \u00e9s lehet\u0151s\u00e9gek a nyerem\u00e9nyek n\u00f6vel\u00e9s\u00e9re a SpinBetter prom\u00f3ci\u00f3s k\u00f3dokkal!\" \/>\n<meta property=\"og:url\" content=\"https:\/\/spinbetter.space\/hu\/promo-code\/\" \/>\n<meta property=\"og:site_name\" content=\"spinbetter team hu\" \/>\n<meta property=\"article:modified_time\" content=\"2025-06-18T19:27:18+00:00\" \/>\n<meta name=\"twitter:card\" content=\"summary_large_image\" \/>\n<script type=\"application\/ld+json\" class=\"yoast-schema-graph\">{\"@context\":\"https:\/\/schema.org\",\"@graph\":[{\"@type\":\"WebPage\",\"@id\":\"https:\/\/spinbetter.space\/hu\/promo-code\/\",\"url\":\"https:\/\/spinbetter.space\/hu\/promo-code\/\",\"name\":\"SpinBetter Vi\u1ec7t Nam Promo k\u00f3dok > Tippek, b\u00f3nuszok \u00e9s el\u0151ny\u00f6k\",\"isPartOf\":{\"@id\":\"https:\/\/spinbetter.space\/hu\/#website\"},\"datePublished\":\"2024-09-20T08:33:08+00:00\",\"dateModified\":\"2025-06-18T19:27:18+00:00\",\"description\":\"Ismerje meg, hogyan lehet hat\u00e9konyan haszn\u00e1lni SpinBetter Vi\u1ec7t Nam promo k\u00f3dok. Egyszer\u0171 tippek, egyedi b\u00f3nuszok \u00e9s lehet\u0151s\u00e9gek a nyerem\u00e9nyek n\u00f6vel\u00e9s\u00e9re a SpinBetter prom\u00f3ci\u00f3s k\u00f3dokkal!\",\"breadcrumb\":{\"@id\":\"https:\/\/spinbetter.space\/hu\/promo-code\/#breadcrumb\"},\"inLanguage\":\"hu\",\"potentialAction\":[{\"@type\":\"ReadAction\",\"target\":[\"https:\/\/spinbetter.space\/hu\/promo-code\/\"]}]},{\"@type\":\"BreadcrumbList\",\"@id\":\"https:\/\/spinbetter.space\/hu\/promo-code\/#breadcrumb\",\"itemListElement\":[{\"@type\":\"ListItem\",\"position\":1,\"name\":\"\u0413\u043b\u0430\u0432\u043d\u0430\u044f \u0441\u0442\u0440\u0430\u043d\u0438\u0446\u0430\",\"item\":\"https:\/\/spinbetter.space\/hu\/\"},{\"@type\":\"ListItem\",\"position\":2,\"name\":\"Promo k\u00f3d\"}]},{\"@type\":\"WebSite\",\"@id\":\"https:\/\/spinbetter.space\/hu\/#website\",\"url\":\"https:\/\/spinbetter.space\/hu\/\",\"name\":\"spinbetter team hu\",\"description\":\"My WordPress Blog\",\"potentialAction\":[{\"@type\":\"SearchAction\",\"target\":{\"@type\":\"EntryPoint\",\"urlTemplate\":\"https:\/\/spinbetter.space\/hu\/?s={search_term_string}\"},\"query-input\":{\"@type\":\"PropertyValueSpecification\",\"valueRequired\":true,\"valueName\":\"search_term_string\"}}],\"inLanguage\":\"hu\"}]}<\/script>\n<!-- \/ Yoast SEO plugin. -->","yoast_head_json":{"title":"SpinBetter Vi\u1ec7t Nam Promo k\u00f3dok > Tippek, b\u00f3nuszok \u00e9s el\u0151ny\u00f6k","description":"Ismerje meg, hogyan lehet hat\u00e9konyan haszn\u00e1lni SpinBetter Vi\u1ec7t Nam promo k\u00f3dok. Egyszer\u0171 tippek, egyedi b\u00f3nuszok \u00e9s lehet\u0151s\u00e9gek a nyerem\u00e9nyek n\u00f6vel\u00e9s\u00e9re a SpinBetter prom\u00f3ci\u00f3s k\u00f3dokkal!","robots":{"index":"index","follow":"follow","max-snippet":"max-snippet:-1","max-image-preview":"max-image-preview:large","max-video-preview":"max-video-preview:-1"},"og_locale":"hu_HU","og_type":"article","og_title":"SpinBetter Vi\u1ec7t Nam Promo k\u00f3dok > Tippek, b\u00f3nuszok \u00e9s el\u0151ny\u00f6k","og_description":"Ismerje meg, hogyan lehet hat\u00e9konyan haszn\u00e1lni SpinBetter Vi\u1ec7t Nam promo k\u00f3dok. Egyszer\u0171 tippek, egyedi b\u00f3nuszok \u00e9s lehet\u0151s\u00e9gek a nyerem\u00e9nyek n\u00f6vel\u00e9s\u00e9re a SpinBetter prom\u00f3ci\u00f3s k\u00f3dokkal!","og_url":"https:\/\/spinbetter.space\/hu\/promo-code\/","og_site_name":"spinbetter team hu","article_modified_time":"2025-06-18T19:27:18+00:00","twitter_card":"summary_large_image","schema":{"@context":"https:\/\/schema.org","@graph":[{"@type":"WebPage","@id":"https:\/\/spinbetter.space\/hu\/promo-code\/","url":"https:\/\/spinbetter.space\/hu\/promo-code\/","name":"SpinBetter Vi\u1ec7t Nam Promo k\u00f3dok > Tippek, b\u00f3nuszok \u00e9s el\u0151ny\u00f6k","isPartOf":{"@id":"https:\/\/spinbetter.space\/hu\/#website"},"datePublished":"2024-09-20T08:33:08+00:00","dateModified":"2025-06-18T19:27:18+00:00","description":"Ismerje meg, hogyan lehet hat\u00e9konyan haszn\u00e1lni SpinBetter Vi\u1ec7t Nam promo k\u00f3dok. Egyszer\u0171 tippek, egyedi b\u00f3nuszok \u00e9s lehet\u0151s\u00e9gek a nyerem\u00e9nyek n\u00f6vel\u00e9s\u00e9re a SpinBetter prom\u00f3ci\u00f3s k\u00f3dokkal!","breadcrumb":{"@id":"https:\/\/spinbetter.space\/hu\/promo-code\/#breadcrumb"},"inLanguage":"hu","potentialAction":[{"@type":"ReadAction","target":["https:\/\/spinbetter.space\/hu\/promo-code\/"]}]},{"@type":"BreadcrumbList","@id":"https:\/\/spinbetter.space\/hu\/promo-code\/#breadcrumb","itemListElement":[{"@type":"ListItem","position":1,"name":"\u0413\u043b\u0430\u0432\u043d\u0430\u044f \u0441\u0442\u0440\u0430\u043d\u0438\u0446\u0430","item":"https:\/\/spinbetter.space\/hu\/"},{"@type":"ListItem","position":2,"name":"Promo k\u00f3d"}]},{"@type":"WebSite","@id":"https:\/\/spinbetter.space\/hu\/#website","url":"https:\/\/spinbetter.space\/hu\/","name":"spinbetter team hu","description":"My WordPress Blog","potentialAction":[{"@type":"SearchAction","target":{"@type":"EntryPoint","urlTemplate":"https:\/\/spinbetter.space\/hu\/?s={search_term_string}"},"query-input":{"@type":"PropertyValueSpecification","valueRequired":true,"valueName":"search_term_string"}}],"inLanguage":"hu"}]}},"_links":{"self":[{"href":"https:\/\/spinbetter.space\/hu\/wp-json\/wp\/v2\/pages\/238","targetHints":{"allow":["GET"]}}],"collection":[{"href":"https:\/\/spinbetter.space\/hu\/wp-json\/wp\/v2\/pages"}],"about":[{"href":"https:\/\/spinbetter.space\/hu\/wp-json\/wp\/v2\/types\/page"}],"author":[{"embeddable":true,"href":"https:\/\/spinbetter.space\/hu\/wp-json\/wp\/v2\/users\/1"}],"replies":[{"embeddable":true,"href":"https:\/\/spinbetter.space\/hu\/wp-json\/wp\/v2\/comments?post=238"}],"version-history":[{"count":20,"href":"https:\/\/spinbetter.space\/hu\/wp-json\/wp\/v2\/pages\/238\/revisions"}],"predecessor-version":[{"id":545,"href":"https:\/\/spinbetter.space\/hu\/wp-json\/wp\/v2\/pages\/238\/revisions\/545"}],"wp:attachment":[{"href":"https:\/\/spinbetter.space\/hu\/wp-json\/wp\/v2\/media?parent=238"}],"curies":[{"name":"wp","href":"https:\/\/api.w.org\/{rel}","templated":true}]}}