{"id":624,"date":"2025-08-12T13:29:14","date_gmt":"2025-08-12T13:29:14","guid":{"rendered":"https:\/\/spinbetter.space\/hr\/?page_id=624"},"modified":"2025-08-12T13:29:21","modified_gmt":"2025-08-12T13:29:21","slug":"freebet-international","status":"publish","type":"page","link":"https:\/\/spinbetter.space\/hr\/bonuses\/freebet-international\/","title":{"rendered":"Besplatna oklada na The International"},"content":{"rendered":"","protected":false},"excerpt":{"rendered":"","protected":false},"author":1,"featured_media":0,"parent":152,"menu_order":0,"comment_status":"closed","ping_status":"closed","template":"","meta":{"footnotes":""},"class_list":["post-624","page","type-page","status-publish","hentry"],"yoast_head":"<!-- This site is optimized with the Yoast SEO plugin v23.5 - https:\/\/yoast.com\/wordpress\/plugins\/seo\/ -->\n<title>SpinBetter daje besplatnu okladu do 200 EUR za oklade na TI<\/title>\n<meta name=\"description\" content=\"Predvi\u0111ate li dobitak na The International? Okladite se dobitno ve\u0107 od 10 EUR - i osvojite besplatnu okladu do 200 EUR. Po\u017eurite prije 16. rujna!\" \/>\n<meta name=\"robots\" content=\"index, follow, max-snippet:-1, max-image-preview:large, max-video-preview:-1\" \/>\n<meta property=\"og:locale\" content=\"hr_HR\" \/>\n<meta property=\"og:type\" content=\"article\" \/>\n<meta property=\"og:title\" content=\"SpinBetter daje besplatnu okladu do 200 EUR za oklade na TI\" \/>\n<meta property=\"og:description\" content=\"Predvi\u0111ate li dobitak na The International? Okladite se dobitno ve\u0107 od 10 EUR - i osvojite besplatnu okladu do 200 EUR. Po\u017eurite prije 16. rujna!\" \/>\n<meta property=\"og:url\" content=\"https:\/\/spinbetter.space\/hr\/bonuses\/freebet-international\/\" \/>\n<meta property=\"og:site_name\" content=\"Spinbetter Team HR\" \/>\n<meta property=\"article:modified_time\" content=\"2025-08-12T13:29:21+00:00\" \/>\n<meta name=\"twitter:card\" content=\"summary_large_image\" \/>\n<script type=\"application\/ld+json\" class=\"yoast-schema-graph\">{\"@context\":\"https:\/\/schema.org\",\"@graph\":[{\"@type\":\"WebPage\",\"@id\":\"https:\/\/spinbetter.space\/hr\/bonuses\/freebet-international\/\",\"url\":\"https:\/\/spinbetter.space\/hr\/bonuses\/freebet-international\/\",\"name\":\"SpinBetter daje besplatnu okladu do 200 EUR za oklade na TI\",\"isPartOf\":{\"@id\":\"https:\/\/spinbetter.space\/hr\/#website\"},\"datePublished\":\"2025-08-12T13:29:14+00:00\",\"dateModified\":\"2025-08-12T13:29:21+00:00\",\"description\":\"Predvi\u0111ate li dobitak na The International? Okladite se dobitno ve\u0107 od 10 EUR - i osvojite besplatnu okladu do 200 EUR. Po\u017eurite prije 16. rujna!\",\"breadcrumb\":{\"@id\":\"https:\/\/spinbetter.space\/hr\/bonuses\/freebet-international\/#breadcrumb\"},\"inLanguage\":\"hr\",\"potentialAction\":[{\"@type\":\"ReadAction\",\"target\":[\"https:\/\/spinbetter.space\/hr\/bonuses\/freebet-international\/\"]}]},{\"@type\":\"BreadcrumbList\",\"@id\":\"https:\/\/spinbetter.space\/hr\/bonuses\/freebet-international\/#breadcrumb\",\"itemListElement\":[{\"@type\":\"ListItem\",\"position\":1,\"name\":\"\u0413\u043b\u0430\u0432\u043d\u0430\u044f \u0441\u0442\u0440\u0430\u043d\u0438\u0446\u0430\",\"item\":\"https:\/\/spinbetter.space\/hr\/\"},{\"@type\":\"ListItem\",\"position\":2,\"name\":\"Bonusi\",\"item\":\"https:\/\/spinbetter.space\/hr\/bonuses\/\"},{\"@type\":\"ListItem\",\"position\":3,\"name\":\"Besplatna oklada na The International\"}]},{\"@type\":\"WebSite\",\"@id\":\"https:\/\/spinbetter.space\/hr\/#website\",\"url\":\"https:\/\/spinbetter.space\/hr\/\",\"name\":\"Spinbetter Team HR\",\"description\":\"My WordPress Blog\",\"potentialAction\":[{\"@type\":\"SearchAction\",\"target\":{\"@type\":\"EntryPoint\",\"urlTemplate\":\"https:\/\/spinbetter.space\/hr\/?s={search_term_string}\"},\"query-input\":{\"@type\":\"PropertyValueSpecification\",\"valueRequired\":true,\"valueName\":\"search_term_string\"}}],\"inLanguage\":\"hr\"}]}<\/script>\n<!-- \/ Yoast SEO plugin. -->","yoast_head_json":{"title":"SpinBetter daje besplatnu okladu do 200 EUR za oklade na TI","description":"Predvi\u0111ate li dobitak na The International? Okladite se dobitno ve\u0107 od 10 EUR - i osvojite besplatnu okladu do 200 EUR. Po\u017eurite prije 16. rujna!","robots":{"index":"index","follow":"follow","max-snippet":"max-snippet:-1","max-image-preview":"max-image-preview:large","max-video-preview":"max-video-preview:-1"},"og_locale":"hr_HR","og_type":"article","og_title":"SpinBetter daje besplatnu okladu do 200 EUR za oklade na TI","og_description":"Predvi\u0111ate li dobitak na The International? Okladite se dobitno ve\u0107 od 10 EUR - i osvojite besplatnu okladu do 200 EUR. Po\u017eurite prije 16. rujna!","og_url":"https:\/\/spinbetter.space\/hr\/bonuses\/freebet-international\/","og_site_name":"Spinbetter Team HR","article_modified_time":"2025-08-12T13:29:21+00:00","twitter_card":"summary_large_image","schema":{"@context":"https:\/\/schema.org","@graph":[{"@type":"WebPage","@id":"https:\/\/spinbetter.space\/hr\/bonuses\/freebet-international\/","url":"https:\/\/spinbetter.space\/hr\/bonuses\/freebet-international\/","name":"SpinBetter daje besplatnu okladu do 200 EUR za oklade na TI","isPartOf":{"@id":"https:\/\/spinbetter.space\/hr\/#website"},"datePublished":"2025-08-12T13:29:14+00:00","dateModified":"2025-08-12T13:29:21+00:00","description":"Predvi\u0111ate li dobitak na The International? Okladite se dobitno ve\u0107 od 10 EUR - i osvojite besplatnu okladu do 200 EUR. Po\u017eurite prije 16. rujna!","breadcrumb":{"@id":"https:\/\/spinbetter.space\/hr\/bonuses\/freebet-international\/#breadcrumb"},"inLanguage":"hr","potentialAction":[{"@type":"ReadAction","target":["https:\/\/spinbetter.space\/hr\/bonuses\/freebet-international\/"]}]},{"@type":"BreadcrumbList","@id":"https:\/\/spinbetter.space\/hr\/bonuses\/freebet-international\/#breadcrumb","itemListElement":[{"@type":"ListItem","position":1,"name":"\u0413\u043b\u0430\u0432\u043d\u0430\u044f \u0441\u0442\u0440\u0430\u043d\u0438\u0446\u0430","item":"https:\/\/spinbetter.space\/hr\/"},{"@type":"ListItem","position":2,"name":"Bonusi","item":"https:\/\/spinbetter.space\/hr\/bonuses\/"},{"@type":"ListItem","position":3,"name":"Besplatna oklada na The International"}]},{"@type":"WebSite","@id":"https:\/\/spinbetter.space\/hr\/#website","url":"https:\/\/spinbetter.space\/hr\/","name":"Spinbetter Team HR","description":"My WordPress Blog","potentialAction":[{"@type":"SearchAction","target":{"@type":"EntryPoint","urlTemplate":"https:\/\/spinbetter.space\/hr\/?s={search_term_string}"},"query-input":{"@type":"PropertyValueSpecification","valueRequired":true,"valueName":"search_term_string"}}],"inLanguage":"hr"}]}},"_links":{"self":[{"href":"https:\/\/spinbetter.space\/hr\/wp-json\/wp\/v2\/pages\/624","targetHints":{"allow":["GET"]}}],"collection":[{"href":"https:\/\/spinbetter.space\/hr\/wp-json\/wp\/v2\/pages"}],"about":[{"href":"https:\/\/spinbetter.space\/hr\/wp-json\/wp\/v2\/types\/page"}],"author":[{"embeddable":true,"href":"https:\/\/spinbetter.space\/hr\/wp-json\/wp\/v2\/users\/1"}],"replies":[{"embeddable":true,"href":"https:\/\/spinbetter.space\/hr\/wp-json\/wp\/v2\/comments?post=624"}],"version-history":[{"count":1,"href":"https:\/\/spinbetter.space\/hr\/wp-json\/wp\/v2\/pages\/624\/revisions"}],"predecessor-version":[{"id":625,"href":"https:\/\/spinbetter.space\/hr\/wp-json\/wp\/v2\/pages\/624\/revisions\/625"}],"up":[{"embeddable":true,"href":"https:\/\/spinbetter.space\/hr\/wp-json\/wp\/v2\/pages\/152"}],"wp:attachment":[{"href":"https:\/\/spinbetter.space\/hr\/wp-json\/wp\/v2\/media?parent=624"}],"curies":[{"name":"wp","href":"https:\/\/api.w.org\/{rel}","templated":true}]}}