{"id":583,"date":"2025-08-12T10:39:07","date_gmt":"2025-08-12T10:39:07","guid":{"rendered":"https:\/\/spinbetter.space\/fi\/?page_id=583"},"modified":"2025-08-12T10:39:13","modified_gmt":"2025-08-12T10:39:13","slug":"20-cashback","status":"publish","type":"page","link":"https:\/\/spinbetter.space\/fi\/bonuses\/20-cashback\/","title":{"rendered":"Saat jopa 20 % k\u00e4teispalautusta"},"content":{"rendered":"","protected":false},"excerpt":{"rendered":"","protected":false},"author":1,"featured_media":0,"parent":152,"menu_order":0,"comment_status":"closed","ping_status":"closed","template":"","meta":{"footnotes":""},"class_list":["post-583","page","type-page","status-publish","hentry"],"yoast_head":"<!-- This site is optimized with the Yoast SEO plugin v23.5 - https:\/\/yoast.com\/wordpress\/plugins\/seo\/ -->\n<title>SpinBetter &gt; Jopa 20 % k\u00e4teispalautusta jalkapallovedonly\u00f6nniss\u00e4<\/title>\n<meta name=\"description\" content=\"Osallistu SpinBetter-kampanjaan: saat takaisin jopa 20 % jalkapallovetojen m\u00e4\u00e4r\u00e4st\u00e4 joka viikko. 4. elokuuta - 5. lokakuuta 2025. Saatavilla kaikilla laitteilla.\" \/>\n<meta name=\"robots\" content=\"index, follow, max-snippet:-1, max-image-preview:large, max-video-preview:-1\" \/>\n<meta property=\"og:locale\" content=\"fi_FI\" \/>\n<meta property=\"og:type\" content=\"article\" \/>\n<meta property=\"og:title\" content=\"SpinBetter &gt; Jopa 20 % k\u00e4teispalautusta jalkapallovedonly\u00f6nniss\u00e4\" \/>\n<meta property=\"og:description\" content=\"Osallistu SpinBetter-kampanjaan: saat takaisin jopa 20 % jalkapallovetojen m\u00e4\u00e4r\u00e4st\u00e4 joka viikko. 4. elokuuta - 5. lokakuuta 2025. Saatavilla kaikilla laitteilla.\" \/>\n<meta property=\"og:url\" content=\"https:\/\/spinbetter.space\/fi\/bonuses\/20-cashback\/\" \/>\n<meta property=\"og:site_name\" content=\"spinbetter team fi\" \/>\n<meta property=\"article:modified_time\" content=\"2025-08-12T10:39:13+00:00\" \/>\n<meta name=\"twitter:card\" content=\"summary_large_image\" \/>\n<script type=\"application\/ld+json\" class=\"yoast-schema-graph\">{\"@context\":\"https:\/\/schema.org\",\"@graph\":[{\"@type\":\"WebPage\",\"@id\":\"https:\/\/spinbetter.space\/fi\/bonuses\/20-cashback\/\",\"url\":\"https:\/\/spinbetter.space\/fi\/bonuses\/20-cashback\/\",\"name\":\"SpinBetter > Jopa 20 % k\u00e4teispalautusta jalkapallovedonly\u00f6nniss\u00e4\",\"isPartOf\":{\"@id\":\"https:\/\/spinbetter.space\/fi\/#website\"},\"datePublished\":\"2025-08-12T10:39:07+00:00\",\"dateModified\":\"2025-08-12T10:39:13+00:00\",\"description\":\"Osallistu SpinBetter-kampanjaan: saat takaisin jopa 20 % jalkapallovetojen m\u00e4\u00e4r\u00e4st\u00e4 joka viikko. 4. elokuuta - 5. lokakuuta 2025. Saatavilla kaikilla laitteilla.\",\"breadcrumb\":{\"@id\":\"https:\/\/spinbetter.space\/fi\/bonuses\/20-cashback\/#breadcrumb\"},\"inLanguage\":\"fi\",\"potentialAction\":[{\"@type\":\"ReadAction\",\"target\":[\"https:\/\/spinbetter.space\/fi\/bonuses\/20-cashback\/\"]}]},{\"@type\":\"BreadcrumbList\",\"@id\":\"https:\/\/spinbetter.space\/fi\/bonuses\/20-cashback\/#breadcrumb\",\"itemListElement\":[{\"@type\":\"ListItem\",\"position\":1,\"name\":\"\u0413\u043b\u0430\u0432\u043d\u0430\u044f \u0441\u0442\u0440\u0430\u043d\u0438\u0446\u0430\",\"item\":\"https:\/\/spinbetter.space\/fi\/\"},{\"@type\":\"ListItem\",\"position\":2,\"name\":\"Bonukset\",\"item\":\"https:\/\/spinbetter.space\/fi\/bonuses\/\"},{\"@type\":\"ListItem\",\"position\":3,\"name\":\"Saat jopa 20 % k\u00e4teispalautusta\"}]},{\"@type\":\"WebSite\",\"@id\":\"https:\/\/spinbetter.space\/fi\/#website\",\"url\":\"https:\/\/spinbetter.space\/fi\/\",\"name\":\"spinbetter team fi\",\"description\":\"My WordPress Blog\",\"potentialAction\":[{\"@type\":\"SearchAction\",\"target\":{\"@type\":\"EntryPoint\",\"urlTemplate\":\"https:\/\/spinbetter.space\/fi\/?s={search_term_string}\"},\"query-input\":{\"@type\":\"PropertyValueSpecification\",\"valueRequired\":true,\"valueName\":\"search_term_string\"}}],\"inLanguage\":\"fi\"}]}<\/script>\n<!-- \/ Yoast SEO plugin. -->","yoast_head_json":{"title":"SpinBetter > Jopa 20 % k\u00e4teispalautusta jalkapallovedonly\u00f6nniss\u00e4","description":"Osallistu SpinBetter-kampanjaan: saat takaisin jopa 20 % jalkapallovetojen m\u00e4\u00e4r\u00e4st\u00e4 joka viikko. 4. elokuuta - 5. lokakuuta 2025. Saatavilla kaikilla laitteilla.","robots":{"index":"index","follow":"follow","max-snippet":"max-snippet:-1","max-image-preview":"max-image-preview:large","max-video-preview":"max-video-preview:-1"},"og_locale":"fi_FI","og_type":"article","og_title":"SpinBetter > Jopa 20 % k\u00e4teispalautusta jalkapallovedonly\u00f6nniss\u00e4","og_description":"Osallistu SpinBetter-kampanjaan: saat takaisin jopa 20 % jalkapallovetojen m\u00e4\u00e4r\u00e4st\u00e4 joka viikko. 4. elokuuta - 5. lokakuuta 2025. Saatavilla kaikilla laitteilla.","og_url":"https:\/\/spinbetter.space\/fi\/bonuses\/20-cashback\/","og_site_name":"spinbetter team fi","article_modified_time":"2025-08-12T10:39:13+00:00","twitter_card":"summary_large_image","schema":{"@context":"https:\/\/schema.org","@graph":[{"@type":"WebPage","@id":"https:\/\/spinbetter.space\/fi\/bonuses\/20-cashback\/","url":"https:\/\/spinbetter.space\/fi\/bonuses\/20-cashback\/","name":"SpinBetter > Jopa 20 % k\u00e4teispalautusta jalkapallovedonly\u00f6nniss\u00e4","isPartOf":{"@id":"https:\/\/spinbetter.space\/fi\/#website"},"datePublished":"2025-08-12T10:39:07+00:00","dateModified":"2025-08-12T10:39:13+00:00","description":"Osallistu SpinBetter-kampanjaan: saat takaisin jopa 20 % jalkapallovetojen m\u00e4\u00e4r\u00e4st\u00e4 joka viikko. 4. elokuuta - 5. lokakuuta 2025. Saatavilla kaikilla laitteilla.","breadcrumb":{"@id":"https:\/\/spinbetter.space\/fi\/bonuses\/20-cashback\/#breadcrumb"},"inLanguage":"fi","potentialAction":[{"@type":"ReadAction","target":["https:\/\/spinbetter.space\/fi\/bonuses\/20-cashback\/"]}]},{"@type":"BreadcrumbList","@id":"https:\/\/spinbetter.space\/fi\/bonuses\/20-cashback\/#breadcrumb","itemListElement":[{"@type":"ListItem","position":1,"name":"\u0413\u043b\u0430\u0432\u043d\u0430\u044f \u0441\u0442\u0440\u0430\u043d\u0438\u0446\u0430","item":"https:\/\/spinbetter.space\/fi\/"},{"@type":"ListItem","position":2,"name":"Bonukset","item":"https:\/\/spinbetter.space\/fi\/bonuses\/"},{"@type":"ListItem","position":3,"name":"Saat jopa 20 % k\u00e4teispalautusta"}]},{"@type":"WebSite","@id":"https:\/\/spinbetter.space\/fi\/#website","url":"https:\/\/spinbetter.space\/fi\/","name":"spinbetter team fi","description":"My WordPress Blog","potentialAction":[{"@type":"SearchAction","target":{"@type":"EntryPoint","urlTemplate":"https:\/\/spinbetter.space\/fi\/?s={search_term_string}"},"query-input":{"@type":"PropertyValueSpecification","valueRequired":true,"valueName":"search_term_string"}}],"inLanguage":"fi"}]}},"_links":{"self":[{"href":"https:\/\/spinbetter.space\/fi\/wp-json\/wp\/v2\/pages\/583","targetHints":{"allow":["GET"]}}],"collection":[{"href":"https:\/\/spinbetter.space\/fi\/wp-json\/wp\/v2\/pages"}],"about":[{"href":"https:\/\/spinbetter.space\/fi\/wp-json\/wp\/v2\/types\/page"}],"author":[{"embeddable":true,"href":"https:\/\/spinbetter.space\/fi\/wp-json\/wp\/v2\/users\/1"}],"replies":[{"embeddable":true,"href":"https:\/\/spinbetter.space\/fi\/wp-json\/wp\/v2\/comments?post=583"}],"version-history":[{"count":1,"href":"https:\/\/spinbetter.space\/fi\/wp-json\/wp\/v2\/pages\/583\/revisions"}],"predecessor-version":[{"id":584,"href":"https:\/\/spinbetter.space\/fi\/wp-json\/wp\/v2\/pages\/583\/revisions\/584"}],"up":[{"embeddable":true,"href":"https:\/\/spinbetter.space\/fi\/wp-json\/wp\/v2\/pages\/152"}],"wp:attachment":[{"href":"https:\/\/spinbetter.space\/fi\/wp-json\/wp\/v2\/media?parent=583"}],"curies":[{"name":"wp","href":"https:\/\/api.w.org\/{rel}","templated":true}]}}