{"id":567,"date":"2025-06-25T07:58:00","date_gmt":"2025-06-25T07:58:00","guid":{"rendered":"https:\/\/spinbetter.space\/fi\/?page_id=567"},"modified":"2025-06-25T07:58:08","modified_gmt":"2025-06-25T07:58:08","slug":"vote-freebet","status":"publish","type":"page","link":"https:\/\/spinbetter.space\/fi\/bonuses\/vote-freebet\/","title":{"rendered":"Ilmaisveto"},"content":{"rendered":"","protected":false},"excerpt":{"rendered":"","protected":false},"author":1,"featured_media":0,"parent":152,"menu_order":0,"comment_status":"closed","ping_status":"closed","template":"","meta":{"footnotes":""},"class_list":["post-567","page","type-page","status-publish","hentry"],"yoast_head":"<!-- This site is optimized with the Yoast SEO plugin v23.5 - https:\/\/yoast.com\/wordpress\/plugins\/seo\/ -->\n<title>SpinBetter-kasinon kampanja &gt; \u00c4\u00e4nest\u00e4 lajiasi ja saat ilmaisvedon<\/title>\n<meta name=\"description\" content=\"Valitse lajisi, suorita yksinkertaisia \u200b\u200bteht\u00e4vi\u00e4 ja saat jopa 200 euron ilmaisvedon. \u00c4\u00e4nest\u00e4, ly\u00f6 vetoa ja voita SpinBetterill\u00e4 - osallistu 27. hein\u00e4kuuta 2025 asti!\" \/>\n<meta name=\"robots\" content=\"index, follow, max-snippet:-1, max-image-preview:large, max-video-preview:-1\" \/>\n<meta property=\"og:locale\" content=\"fi_FI\" \/>\n<meta property=\"og:type\" content=\"article\" \/>\n<meta property=\"og:title\" content=\"SpinBetter-kasinon kampanja &gt; \u00c4\u00e4nest\u00e4 lajiasi ja saat ilmaisvedon\" \/>\n<meta property=\"og:description\" content=\"Valitse lajisi, suorita yksinkertaisia \u200b\u200bteht\u00e4vi\u00e4 ja saat jopa 200 euron ilmaisvedon. \u00c4\u00e4nest\u00e4, ly\u00f6 vetoa ja voita SpinBetterill\u00e4 - osallistu 27. hein\u00e4kuuta 2025 asti!\" \/>\n<meta property=\"og:url\" content=\"https:\/\/spinbetter.space\/fi\/bonuses\/vote-freebet\/\" \/>\n<meta property=\"og:site_name\" content=\"spinbetter team fi\" \/>\n<meta property=\"article:modified_time\" content=\"2025-06-25T07:58:08+00:00\" \/>\n<meta name=\"twitter:card\" content=\"summary_large_image\" \/>\n<script type=\"application\/ld+json\" class=\"yoast-schema-graph\">{\"@context\":\"https:\/\/schema.org\",\"@graph\":[{\"@type\":\"WebPage\",\"@id\":\"https:\/\/spinbetter.space\/fi\/bonuses\/vote-freebet\/\",\"url\":\"https:\/\/spinbetter.space\/fi\/bonuses\/vote-freebet\/\",\"name\":\"SpinBetter-kasinon kampanja > \u00c4\u00e4nest\u00e4 lajiasi ja saat ilmaisvedon\",\"isPartOf\":{\"@id\":\"https:\/\/spinbetter.space\/fi\/#website\"},\"datePublished\":\"2025-06-25T07:58:00+00:00\",\"dateModified\":\"2025-06-25T07:58:08+00:00\",\"description\":\"Valitse lajisi, suorita yksinkertaisia \u200b\u200bteht\u00e4vi\u00e4 ja saat jopa 200 euron ilmaisvedon. \u00c4\u00e4nest\u00e4, ly\u00f6 vetoa ja voita SpinBetterill\u00e4 - osallistu 27. hein\u00e4kuuta 2025 asti!\",\"breadcrumb\":{\"@id\":\"https:\/\/spinbetter.space\/fi\/bonuses\/vote-freebet\/#breadcrumb\"},\"inLanguage\":\"fi\",\"potentialAction\":[{\"@type\":\"ReadAction\",\"target\":[\"https:\/\/spinbetter.space\/fi\/bonuses\/vote-freebet\/\"]}]},{\"@type\":\"BreadcrumbList\",\"@id\":\"https:\/\/spinbetter.space\/fi\/bonuses\/vote-freebet\/#breadcrumb\",\"itemListElement\":[{\"@type\":\"ListItem\",\"position\":1,\"name\":\"\u0413\u043b\u0430\u0432\u043d\u0430\u044f \u0441\u0442\u0440\u0430\u043d\u0438\u0446\u0430\",\"item\":\"https:\/\/spinbetter.space\/fi\/\"},{\"@type\":\"ListItem\",\"position\":2,\"name\":\"Bonukset\",\"item\":\"https:\/\/spinbetter.space\/fi\/bonuses\/\"},{\"@type\":\"ListItem\",\"position\":3,\"name\":\"Ilmaisveto\"}]},{\"@type\":\"WebSite\",\"@id\":\"https:\/\/spinbetter.space\/fi\/#website\",\"url\":\"https:\/\/spinbetter.space\/fi\/\",\"name\":\"spinbetter team fi\",\"description\":\"My WordPress Blog\",\"potentialAction\":[{\"@type\":\"SearchAction\",\"target\":{\"@type\":\"EntryPoint\",\"urlTemplate\":\"https:\/\/spinbetter.space\/fi\/?s={search_term_string}\"},\"query-input\":{\"@type\":\"PropertyValueSpecification\",\"valueRequired\":true,\"valueName\":\"search_term_string\"}}],\"inLanguage\":\"fi\"}]}<\/script>\n<!-- \/ Yoast SEO plugin. -->","yoast_head_json":{"title":"SpinBetter-kasinon kampanja > \u00c4\u00e4nest\u00e4 lajiasi ja saat ilmaisvedon","description":"Valitse lajisi, suorita yksinkertaisia \u200b\u200bteht\u00e4vi\u00e4 ja saat jopa 200 euron ilmaisvedon. \u00c4\u00e4nest\u00e4, ly\u00f6 vetoa ja voita SpinBetterill\u00e4 - osallistu 27. hein\u00e4kuuta 2025 asti!","robots":{"index":"index","follow":"follow","max-snippet":"max-snippet:-1","max-image-preview":"max-image-preview:large","max-video-preview":"max-video-preview:-1"},"og_locale":"fi_FI","og_type":"article","og_title":"SpinBetter-kasinon kampanja > \u00c4\u00e4nest\u00e4 lajiasi ja saat ilmaisvedon","og_description":"Valitse lajisi, suorita yksinkertaisia \u200b\u200bteht\u00e4vi\u00e4 ja saat jopa 200 euron ilmaisvedon. \u00c4\u00e4nest\u00e4, ly\u00f6 vetoa ja voita SpinBetterill\u00e4 - osallistu 27. hein\u00e4kuuta 2025 asti!","og_url":"https:\/\/spinbetter.space\/fi\/bonuses\/vote-freebet\/","og_site_name":"spinbetter team fi","article_modified_time":"2025-06-25T07:58:08+00:00","twitter_card":"summary_large_image","schema":{"@context":"https:\/\/schema.org","@graph":[{"@type":"WebPage","@id":"https:\/\/spinbetter.space\/fi\/bonuses\/vote-freebet\/","url":"https:\/\/spinbetter.space\/fi\/bonuses\/vote-freebet\/","name":"SpinBetter-kasinon kampanja > \u00c4\u00e4nest\u00e4 lajiasi ja saat ilmaisvedon","isPartOf":{"@id":"https:\/\/spinbetter.space\/fi\/#website"},"datePublished":"2025-06-25T07:58:00+00:00","dateModified":"2025-06-25T07:58:08+00:00","description":"Valitse lajisi, suorita yksinkertaisia \u200b\u200bteht\u00e4vi\u00e4 ja saat jopa 200 euron ilmaisvedon. \u00c4\u00e4nest\u00e4, ly\u00f6 vetoa ja voita SpinBetterill\u00e4 - osallistu 27. hein\u00e4kuuta 2025 asti!","breadcrumb":{"@id":"https:\/\/spinbetter.space\/fi\/bonuses\/vote-freebet\/#breadcrumb"},"inLanguage":"fi","potentialAction":[{"@type":"ReadAction","target":["https:\/\/spinbetter.space\/fi\/bonuses\/vote-freebet\/"]}]},{"@type":"BreadcrumbList","@id":"https:\/\/spinbetter.space\/fi\/bonuses\/vote-freebet\/#breadcrumb","itemListElement":[{"@type":"ListItem","position":1,"name":"\u0413\u043b\u0430\u0432\u043d\u0430\u044f \u0441\u0442\u0440\u0430\u043d\u0438\u0446\u0430","item":"https:\/\/spinbetter.space\/fi\/"},{"@type":"ListItem","position":2,"name":"Bonukset","item":"https:\/\/spinbetter.space\/fi\/bonuses\/"},{"@type":"ListItem","position":3,"name":"Ilmaisveto"}]},{"@type":"WebSite","@id":"https:\/\/spinbetter.space\/fi\/#website","url":"https:\/\/spinbetter.space\/fi\/","name":"spinbetter team fi","description":"My WordPress Blog","potentialAction":[{"@type":"SearchAction","target":{"@type":"EntryPoint","urlTemplate":"https:\/\/spinbetter.space\/fi\/?s={search_term_string}"},"query-input":{"@type":"PropertyValueSpecification","valueRequired":true,"valueName":"search_term_string"}}],"inLanguage":"fi"}]}},"_links":{"self":[{"href":"https:\/\/spinbetter.space\/fi\/wp-json\/wp\/v2\/pages\/567","targetHints":{"allow":["GET"]}}],"collection":[{"href":"https:\/\/spinbetter.space\/fi\/wp-json\/wp\/v2\/pages"}],"about":[{"href":"https:\/\/spinbetter.space\/fi\/wp-json\/wp\/v2\/types\/page"}],"author":[{"embeddable":true,"href":"https:\/\/spinbetter.space\/fi\/wp-json\/wp\/v2\/users\/1"}],"replies":[{"embeddable":true,"href":"https:\/\/spinbetter.space\/fi\/wp-json\/wp\/v2\/comments?post=567"}],"version-history":[{"count":1,"href":"https:\/\/spinbetter.space\/fi\/wp-json\/wp\/v2\/pages\/567\/revisions"}],"predecessor-version":[{"id":568,"href":"https:\/\/spinbetter.space\/fi\/wp-json\/wp\/v2\/pages\/567\/revisions\/568"}],"up":[{"embeddable":true,"href":"https:\/\/spinbetter.space\/fi\/wp-json\/wp\/v2\/pages\/152"}],"wp:attachment":[{"href":"https:\/\/spinbetter.space\/fi\/wp-json\/wp\/v2\/media?parent=567"}],"curies":[{"name":"wp","href":"https:\/\/api.w.org\/{rel}","templated":true}]}}