{"id":353,"date":"2024-09-26T07:44:31","date_gmt":"2024-09-26T07:44:31","guid":{"rendered":"https:\/\/spinbetter.team\/fi\/?page_id=353"},"modified":"2025-01-15T01:13:46","modified_gmt":"2025-01-15T01:13:46","slug":"feedback","status":"publish","type":"page","link":"https:\/\/spinbetter.space\/fi\/feedback\/","title":{"rendered":"Palaute"},"content":{"rendered":"","protected":false},"excerpt":{"rendered":"","protected":false},"author":1,"featured_media":0,"parent":0,"menu_order":0,"comment_status":"closed","ping_status":"closed","template":"","meta":{"footnotes":""},"class_list":["post-353","page","type-page","status-publish","hentry"],"yoast_head":"<!-- This site is optimized with the Yoast SEO plugin v23.5 - https:\/\/yoast.com\/wordpress\/plugins\/seo\/ -->\n<title>SpinBetterin Suomi pelaajapalaute: Kaikki mit\u00e4 sinun tarvitsee tiet\u00e4\u00e4<\/title>\n<meta name=\"description\" content=\"Tutustu pelaajien mielipiteisiin Suomi SpinBetterin palautteessa. Vertaile kilpailijoihin, saat vinkkej\u00e4 ja l\u00f6yd\u00e4t vastauksia usein kysyttyihin kysymyksiin. Kaikki mit\u00e4 sinun tarvitsee tiet\u00e4\u00e4 SpinBetterist\u00e4!\" \/>\n<meta name=\"robots\" content=\"index, follow, max-snippet:-1, max-image-preview:large, max-video-preview:-1\" \/>\n<meta property=\"og:locale\" content=\"fi_FI\" \/>\n<meta property=\"og:type\" content=\"article\" \/>\n<meta property=\"og:title\" content=\"SpinBetterin Suomi pelaajapalaute: Kaikki mit\u00e4 sinun tarvitsee tiet\u00e4\u00e4\" \/>\n<meta property=\"og:description\" content=\"Tutustu pelaajien mielipiteisiin Suomi SpinBetterin palautteessa. Vertaile kilpailijoihin, saat vinkkej\u00e4 ja l\u00f6yd\u00e4t vastauksia usein kysyttyihin kysymyksiin. Kaikki mit\u00e4 sinun tarvitsee tiet\u00e4\u00e4 SpinBetterist\u00e4!\" \/>\n<meta property=\"og:url\" content=\"https:\/\/spinbetter.space\/fi\/feedback\/\" \/>\n<meta property=\"og:site_name\" content=\"spinbetter team fi\" \/>\n<meta property=\"article:modified_time\" content=\"2025-01-15T01:13:46+00:00\" \/>\n<meta name=\"twitter:card\" content=\"summary_large_image\" \/>\n<script type=\"application\/ld+json\" class=\"yoast-schema-graph\">{\"@context\":\"https:\/\/schema.org\",\"@graph\":[{\"@type\":\"WebPage\",\"@id\":\"https:\/\/spinbetter.space\/fi\/feedback\/\",\"url\":\"https:\/\/spinbetter.space\/fi\/feedback\/\",\"name\":\"SpinBetterin Suomi pelaajapalaute: Kaikki mit\u00e4 sinun tarvitsee tiet\u00e4\u00e4\",\"isPartOf\":{\"@id\":\"https:\/\/spinbetter.space\/fi\/#website\"},\"datePublished\":\"2024-09-26T07:44:31+00:00\",\"dateModified\":\"2025-01-15T01:13:46+00:00\",\"description\":\"Tutustu pelaajien mielipiteisiin Suomi SpinBetterin palautteessa. Vertaile kilpailijoihin, saat vinkkej\u00e4 ja l\u00f6yd\u00e4t vastauksia usein kysyttyihin kysymyksiin. Kaikki mit\u00e4 sinun tarvitsee tiet\u00e4\u00e4 SpinBetterist\u00e4!\",\"breadcrumb\":{\"@id\":\"https:\/\/spinbetter.space\/fi\/feedback\/#breadcrumb\"},\"inLanguage\":\"fi\",\"potentialAction\":[{\"@type\":\"ReadAction\",\"target\":[\"https:\/\/spinbetter.space\/fi\/feedback\/\"]}]},{\"@type\":\"BreadcrumbList\",\"@id\":\"https:\/\/spinbetter.space\/fi\/feedback\/#breadcrumb\",\"itemListElement\":[{\"@type\":\"ListItem\",\"position\":1,\"name\":\"\u0413\u043b\u0430\u0432\u043d\u0430\u044f \u0441\u0442\u0440\u0430\u043d\u0438\u0446\u0430\",\"item\":\"https:\/\/spinbetter.space\/fi\/\"},{\"@type\":\"ListItem\",\"position\":2,\"name\":\"Palaute\"}]},{\"@type\":\"WebSite\",\"@id\":\"https:\/\/spinbetter.space\/fi\/#website\",\"url\":\"https:\/\/spinbetter.space\/fi\/\",\"name\":\"spinbetter team fi\",\"description\":\"My WordPress Blog\",\"potentialAction\":[{\"@type\":\"SearchAction\",\"target\":{\"@type\":\"EntryPoint\",\"urlTemplate\":\"https:\/\/spinbetter.space\/fi\/?s={search_term_string}\"},\"query-input\":{\"@type\":\"PropertyValueSpecification\",\"valueRequired\":true,\"valueName\":\"search_term_string\"}}],\"inLanguage\":\"fi\"}]}<\/script>\n<!-- \/ Yoast SEO plugin. -->","yoast_head_json":{"title":"SpinBetterin Suomi pelaajapalaute: Kaikki mit\u00e4 sinun tarvitsee tiet\u00e4\u00e4","description":"Tutustu pelaajien mielipiteisiin Suomi SpinBetterin palautteessa. Vertaile kilpailijoihin, saat vinkkej\u00e4 ja l\u00f6yd\u00e4t vastauksia usein kysyttyihin kysymyksiin. Kaikki mit\u00e4 sinun tarvitsee tiet\u00e4\u00e4 SpinBetterist\u00e4!","robots":{"index":"index","follow":"follow","max-snippet":"max-snippet:-1","max-image-preview":"max-image-preview:large","max-video-preview":"max-video-preview:-1"},"og_locale":"fi_FI","og_type":"article","og_title":"SpinBetterin Suomi pelaajapalaute: Kaikki mit\u00e4 sinun tarvitsee tiet\u00e4\u00e4","og_description":"Tutustu pelaajien mielipiteisiin Suomi SpinBetterin palautteessa. Vertaile kilpailijoihin, saat vinkkej\u00e4 ja l\u00f6yd\u00e4t vastauksia usein kysyttyihin kysymyksiin. Kaikki mit\u00e4 sinun tarvitsee tiet\u00e4\u00e4 SpinBetterist\u00e4!","og_url":"https:\/\/spinbetter.space\/fi\/feedback\/","og_site_name":"spinbetter team fi","article_modified_time":"2025-01-15T01:13:46+00:00","twitter_card":"summary_large_image","schema":{"@context":"https:\/\/schema.org","@graph":[{"@type":"WebPage","@id":"https:\/\/spinbetter.space\/fi\/feedback\/","url":"https:\/\/spinbetter.space\/fi\/feedback\/","name":"SpinBetterin Suomi pelaajapalaute: Kaikki mit\u00e4 sinun tarvitsee tiet\u00e4\u00e4","isPartOf":{"@id":"https:\/\/spinbetter.space\/fi\/#website"},"datePublished":"2024-09-26T07:44:31+00:00","dateModified":"2025-01-15T01:13:46+00:00","description":"Tutustu pelaajien mielipiteisiin Suomi SpinBetterin palautteessa. Vertaile kilpailijoihin, saat vinkkej\u00e4 ja l\u00f6yd\u00e4t vastauksia usein kysyttyihin kysymyksiin. Kaikki mit\u00e4 sinun tarvitsee tiet\u00e4\u00e4 SpinBetterist\u00e4!","breadcrumb":{"@id":"https:\/\/spinbetter.space\/fi\/feedback\/#breadcrumb"},"inLanguage":"fi","potentialAction":[{"@type":"ReadAction","target":["https:\/\/spinbetter.space\/fi\/feedback\/"]}]},{"@type":"BreadcrumbList","@id":"https:\/\/spinbetter.space\/fi\/feedback\/#breadcrumb","itemListElement":[{"@type":"ListItem","position":1,"name":"\u0413\u043b\u0430\u0432\u043d\u0430\u044f \u0441\u0442\u0440\u0430\u043d\u0438\u0446\u0430","item":"https:\/\/spinbetter.space\/fi\/"},{"@type":"ListItem","position":2,"name":"Palaute"}]},{"@type":"WebSite","@id":"https:\/\/spinbetter.space\/fi\/#website","url":"https:\/\/spinbetter.space\/fi\/","name":"spinbetter team fi","description":"My WordPress Blog","potentialAction":[{"@type":"SearchAction","target":{"@type":"EntryPoint","urlTemplate":"https:\/\/spinbetter.space\/fi\/?s={search_term_string}"},"query-input":{"@type":"PropertyValueSpecification","valueRequired":true,"valueName":"search_term_string"}}],"inLanguage":"fi"}]}},"_links":{"self":[{"href":"https:\/\/spinbetter.space\/fi\/wp-json\/wp\/v2\/pages\/353","targetHints":{"allow":["GET"]}}],"collection":[{"href":"https:\/\/spinbetter.space\/fi\/wp-json\/wp\/v2\/pages"}],"about":[{"href":"https:\/\/spinbetter.space\/fi\/wp-json\/wp\/v2\/types\/page"}],"author":[{"embeddable":true,"href":"https:\/\/spinbetter.space\/fi\/wp-json\/wp\/v2\/users\/1"}],"replies":[{"embeddable":true,"href":"https:\/\/spinbetter.space\/fi\/wp-json\/wp\/v2\/comments?post=353"}],"version-history":[{"count":13,"href":"https:\/\/spinbetter.space\/fi\/wp-json\/wp\/v2\/pages\/353\/revisions"}],"predecessor-version":[{"id":550,"href":"https:\/\/spinbetter.space\/fi\/wp-json\/wp\/v2\/pages\/353\/revisions\/550"}],"wp:attachment":[{"href":"https:\/\/spinbetter.space\/fi\/wp-json\/wp\/v2\/media?parent=353"}],"curies":[{"name":"wp","href":"https:\/\/api.w.org\/{rel}","templated":true}]}}