{"id":310,"date":"2024-09-24T14:15:24","date_gmt":"2024-09-24T14:15:24","guid":{"rendered":"https:\/\/spinbetter.team\/fi\/?page_id=310"},"modified":"2025-06-18T18:31:57","modified_gmt":"2025-06-18T18:31:57","slug":"freespins","status":"publish","type":"page","link":"https:\/\/spinbetter.space\/fi\/freespins\/","title":{"rendered":"Vapaakierrokset"},"content":{"rendered":"<ul>\n<li><\/li>\n<\/ul>\n","protected":false},"excerpt":{"rendered":"","protected":false},"author":1,"featured_media":0,"parent":0,"menu_order":0,"comment_status":"closed","ping_status":"closed","template":"","meta":{"footnotes":""},"class_list":["post-310","page","type-page","status-publish","hentry"],"yoast_head":"<!-- This site is optimized with the Yoast SEO plugin v23.5 - https:\/\/yoast.com\/wordpress\/plugins\/seo\/ -->\n<title>SpinBetter Finland Ilmaiskierrokset &gt; Maksimoi voitot<\/title>\n<meta name=\"description\" content=\"Opi k\u00e4ytt\u00e4m\u00e4\u00e4n SpinBetterin Suomi ilmaiskierroksia tehokkaasti, ota kaikki irti kampanjoista, v\u00e4lt\u00e4 yleisi\u00e4 virheit\u00e4 ja pelaa vastuullisesti!\" \/>\n<meta name=\"robots\" content=\"index, follow, max-snippet:-1, max-image-preview:large, max-video-preview:-1\" \/>\n<meta property=\"og:locale\" content=\"fi_FI\" \/>\n<meta property=\"og:type\" content=\"article\" \/>\n<meta property=\"og:title\" content=\"SpinBetter Finland Ilmaiskierrokset &gt; Maksimoi voitot\" \/>\n<meta property=\"og:description\" content=\"Opi k\u00e4ytt\u00e4m\u00e4\u00e4n SpinBetterin Suomi ilmaiskierroksia tehokkaasti, ota kaikki irti kampanjoista, v\u00e4lt\u00e4 yleisi\u00e4 virheit\u00e4 ja pelaa vastuullisesti!\" \/>\n<meta property=\"og:url\" content=\"https:\/\/spinbetter.space\/fi\/freespins\/\" \/>\n<meta property=\"og:site_name\" content=\"spinbetter team fi\" \/>\n<meta property=\"article:modified_time\" content=\"2025-06-18T18:31:57+00:00\" \/>\n<meta name=\"twitter:card\" content=\"summary_large_image\" \/>\n<script type=\"application\/ld+json\" class=\"yoast-schema-graph\">{\"@context\":\"https:\/\/schema.org\",\"@graph\":[{\"@type\":\"WebPage\",\"@id\":\"https:\/\/spinbetter.space\/fi\/freespins\/\",\"url\":\"https:\/\/spinbetter.space\/fi\/freespins\/\",\"name\":\"SpinBetter Finland Ilmaiskierrokset > Maksimoi voitot\",\"isPartOf\":{\"@id\":\"https:\/\/spinbetter.space\/fi\/#website\"},\"datePublished\":\"2024-09-24T14:15:24+00:00\",\"dateModified\":\"2025-06-18T18:31:57+00:00\",\"description\":\"Opi k\u00e4ytt\u00e4m\u00e4\u00e4n SpinBetterin Suomi ilmaiskierroksia tehokkaasti, ota kaikki irti kampanjoista, v\u00e4lt\u00e4 yleisi\u00e4 virheit\u00e4 ja pelaa vastuullisesti!\",\"breadcrumb\":{\"@id\":\"https:\/\/spinbetter.space\/fi\/freespins\/#breadcrumb\"},\"inLanguage\":\"fi\",\"potentialAction\":[{\"@type\":\"ReadAction\",\"target\":[\"https:\/\/spinbetter.space\/fi\/freespins\/\"]}]},{\"@type\":\"BreadcrumbList\",\"@id\":\"https:\/\/spinbetter.space\/fi\/freespins\/#breadcrumb\",\"itemListElement\":[{\"@type\":\"ListItem\",\"position\":1,\"name\":\"\u0413\u043b\u0430\u0432\u043d\u0430\u044f \u0441\u0442\u0440\u0430\u043d\u0438\u0446\u0430\",\"item\":\"https:\/\/spinbetter.space\/fi\/\"},{\"@type\":\"ListItem\",\"position\":2,\"name\":\"Vapaakierrokset\"}]},{\"@type\":\"WebSite\",\"@id\":\"https:\/\/spinbetter.space\/fi\/#website\",\"url\":\"https:\/\/spinbetter.space\/fi\/\",\"name\":\"spinbetter team fi\",\"description\":\"My WordPress Blog\",\"potentialAction\":[{\"@type\":\"SearchAction\",\"target\":{\"@type\":\"EntryPoint\",\"urlTemplate\":\"https:\/\/spinbetter.space\/fi\/?s={search_term_string}\"},\"query-input\":{\"@type\":\"PropertyValueSpecification\",\"valueRequired\":true,\"valueName\":\"search_term_string\"}}],\"inLanguage\":\"fi\"}]}<\/script>\n<!-- \/ Yoast SEO plugin. -->","yoast_head_json":{"title":"SpinBetter Finland Ilmaiskierrokset > Maksimoi voitot","description":"Opi k\u00e4ytt\u00e4m\u00e4\u00e4n SpinBetterin Suomi ilmaiskierroksia tehokkaasti, ota kaikki irti kampanjoista, v\u00e4lt\u00e4 yleisi\u00e4 virheit\u00e4 ja pelaa vastuullisesti!","robots":{"index":"index","follow":"follow","max-snippet":"max-snippet:-1","max-image-preview":"max-image-preview:large","max-video-preview":"max-video-preview:-1"},"og_locale":"fi_FI","og_type":"article","og_title":"SpinBetter Finland Ilmaiskierrokset > Maksimoi voitot","og_description":"Opi k\u00e4ytt\u00e4m\u00e4\u00e4n SpinBetterin Suomi ilmaiskierroksia tehokkaasti, ota kaikki irti kampanjoista, v\u00e4lt\u00e4 yleisi\u00e4 virheit\u00e4 ja pelaa vastuullisesti!","og_url":"https:\/\/spinbetter.space\/fi\/freespins\/","og_site_name":"spinbetter team fi","article_modified_time":"2025-06-18T18:31:57+00:00","twitter_card":"summary_large_image","schema":{"@context":"https:\/\/schema.org","@graph":[{"@type":"WebPage","@id":"https:\/\/spinbetter.space\/fi\/freespins\/","url":"https:\/\/spinbetter.space\/fi\/freespins\/","name":"SpinBetter Finland Ilmaiskierrokset > Maksimoi voitot","isPartOf":{"@id":"https:\/\/spinbetter.space\/fi\/#website"},"datePublished":"2024-09-24T14:15:24+00:00","dateModified":"2025-06-18T18:31:57+00:00","description":"Opi k\u00e4ytt\u00e4m\u00e4\u00e4n SpinBetterin Suomi ilmaiskierroksia tehokkaasti, ota kaikki irti kampanjoista, v\u00e4lt\u00e4 yleisi\u00e4 virheit\u00e4 ja pelaa vastuullisesti!","breadcrumb":{"@id":"https:\/\/spinbetter.space\/fi\/freespins\/#breadcrumb"},"inLanguage":"fi","potentialAction":[{"@type":"ReadAction","target":["https:\/\/spinbetter.space\/fi\/freespins\/"]}]},{"@type":"BreadcrumbList","@id":"https:\/\/spinbetter.space\/fi\/freespins\/#breadcrumb","itemListElement":[{"@type":"ListItem","position":1,"name":"\u0413\u043b\u0430\u0432\u043d\u0430\u044f \u0441\u0442\u0440\u0430\u043d\u0438\u0446\u0430","item":"https:\/\/spinbetter.space\/fi\/"},{"@type":"ListItem","position":2,"name":"Vapaakierrokset"}]},{"@type":"WebSite","@id":"https:\/\/spinbetter.space\/fi\/#website","url":"https:\/\/spinbetter.space\/fi\/","name":"spinbetter team fi","description":"My WordPress Blog","potentialAction":[{"@type":"SearchAction","target":{"@type":"EntryPoint","urlTemplate":"https:\/\/spinbetter.space\/fi\/?s={search_term_string}"},"query-input":{"@type":"PropertyValueSpecification","valueRequired":true,"valueName":"search_term_string"}}],"inLanguage":"fi"}]}},"_links":{"self":[{"href":"https:\/\/spinbetter.space\/fi\/wp-json\/wp\/v2\/pages\/310","targetHints":{"allow":["GET"]}}],"collection":[{"href":"https:\/\/spinbetter.space\/fi\/wp-json\/wp\/v2\/pages"}],"about":[{"href":"https:\/\/spinbetter.space\/fi\/wp-json\/wp\/v2\/types\/page"}],"author":[{"embeddable":true,"href":"https:\/\/spinbetter.space\/fi\/wp-json\/wp\/v2\/users\/1"}],"replies":[{"embeddable":true,"href":"https:\/\/spinbetter.space\/fi\/wp-json\/wp\/v2\/comments?post=310"}],"version-history":[{"count":21,"href":"https:\/\/spinbetter.space\/fi\/wp-json\/wp\/v2\/pages\/310\/revisions"}],"predecessor-version":[{"id":544,"href":"https:\/\/spinbetter.space\/fi\/wp-json\/wp\/v2\/pages\/310\/revisions\/544"}],"wp:attachment":[{"href":"https:\/\/spinbetter.space\/fi\/wp-json\/wp\/v2\/media?parent=310"}],"curies":[{"name":"wp","href":"https:\/\/api.w.org\/{rel}","templated":true}]}}