{"id":216,"date":"2024-09-19T14:36:55","date_gmt":"2024-09-19T14:36:55","guid":{"rendered":"https:\/\/spinbetter.team\/fi\/?page_id=216"},"modified":"2025-06-18T18:32:58","modified_gmt":"2025-06-18T18:32:58","slug":"registration","status":"publish","type":"page","link":"https:\/\/spinbetter.space\/fi\/registration\/","title":{"rendered":"Rekister\u00f6inti"},"content":{"rendered":"","protected":false},"excerpt":{"rendered":"","protected":false},"author":1,"featured_media":0,"parent":0,"menu_order":0,"comment_status":"closed","ping_status":"closed","template":"","meta":{"footnotes":""},"class_list":["post-216","page","type-page","status-publish","hentry"],"yoast_head":"<!-- This site is optimized with the Yoast SEO plugin v23.5 - https:\/\/yoast.com\/wordpress\/plugins\/seo\/ -->\n<title>SpinBetter Suomi rekister\u00f6inti &gt; Vaiheet, vinkit ja vianm\u00e4\u00e4ritys<\/title>\n<meta name=\"description\" content=\"Opi, miten Suomi SpinBetter-rekister\u00f6inti tehd\u00e4\u00e4n nopeasti ja v\u00e4h\u00e4ll\u00e4 vaivalla! Bonuksia, paljon pelej\u00e4 ja urheiluvedonly\u00f6nti\u00e4 - se odottaa sinua SpinBetter-rekister\u00f6innin j\u00e4lkeen.\" \/>\n<meta name=\"robots\" content=\"index, follow, max-snippet:-1, max-image-preview:large, max-video-preview:-1\" \/>\n<meta property=\"og:locale\" content=\"fi_FI\" \/>\n<meta property=\"og:type\" content=\"article\" \/>\n<meta property=\"og:title\" content=\"SpinBetter Suomi rekister\u00f6inti &gt; Vaiheet, vinkit ja vianm\u00e4\u00e4ritys\" \/>\n<meta property=\"og:description\" content=\"Opi, miten Suomi SpinBetter-rekister\u00f6inti tehd\u00e4\u00e4n nopeasti ja v\u00e4h\u00e4ll\u00e4 vaivalla! Bonuksia, paljon pelej\u00e4 ja urheiluvedonly\u00f6nti\u00e4 - se odottaa sinua SpinBetter-rekister\u00f6innin j\u00e4lkeen.\" \/>\n<meta property=\"og:url\" content=\"https:\/\/spinbetter.space\/fi\/registration\/\" \/>\n<meta property=\"og:site_name\" content=\"spinbetter team fi\" \/>\n<meta property=\"article:modified_time\" content=\"2025-06-18T18:32:58+00:00\" \/>\n<meta name=\"twitter:card\" content=\"summary_large_image\" \/>\n<script type=\"application\/ld+json\" class=\"yoast-schema-graph\">{\"@context\":\"https:\/\/schema.org\",\"@graph\":[{\"@type\":\"WebPage\",\"@id\":\"https:\/\/spinbetter.space\/fi\/registration\/\",\"url\":\"https:\/\/spinbetter.space\/fi\/registration\/\",\"name\":\"SpinBetter Suomi rekister\u00f6inti > Vaiheet, vinkit ja vianm\u00e4\u00e4ritys\",\"isPartOf\":{\"@id\":\"https:\/\/spinbetter.space\/fi\/#website\"},\"datePublished\":\"2024-09-19T14:36:55+00:00\",\"dateModified\":\"2025-06-18T18:32:58+00:00\",\"description\":\"Opi, miten Suomi SpinBetter-rekister\u00f6inti tehd\u00e4\u00e4n nopeasti ja v\u00e4h\u00e4ll\u00e4 vaivalla! Bonuksia, paljon pelej\u00e4 ja urheiluvedonly\u00f6nti\u00e4 - se odottaa sinua SpinBetter-rekister\u00f6innin j\u00e4lkeen.\",\"breadcrumb\":{\"@id\":\"https:\/\/spinbetter.space\/fi\/registration\/#breadcrumb\"},\"inLanguage\":\"fi\",\"potentialAction\":[{\"@type\":\"ReadAction\",\"target\":[\"https:\/\/spinbetter.space\/fi\/registration\/\"]}]},{\"@type\":\"BreadcrumbList\",\"@id\":\"https:\/\/spinbetter.space\/fi\/registration\/#breadcrumb\",\"itemListElement\":[{\"@type\":\"ListItem\",\"position\":1,\"name\":\"\u0413\u043b\u0430\u0432\u043d\u0430\u044f \u0441\u0442\u0440\u0430\u043d\u0438\u0446\u0430\",\"item\":\"https:\/\/spinbetter.space\/fi\/\"},{\"@type\":\"ListItem\",\"position\":2,\"name\":\"Rekister\u00f6inti\"}]},{\"@type\":\"WebSite\",\"@id\":\"https:\/\/spinbetter.space\/fi\/#website\",\"url\":\"https:\/\/spinbetter.space\/fi\/\",\"name\":\"spinbetter team fi\",\"description\":\"My WordPress Blog\",\"potentialAction\":[{\"@type\":\"SearchAction\",\"target\":{\"@type\":\"EntryPoint\",\"urlTemplate\":\"https:\/\/spinbetter.space\/fi\/?s={search_term_string}\"},\"query-input\":{\"@type\":\"PropertyValueSpecification\",\"valueRequired\":true,\"valueName\":\"search_term_string\"}}],\"inLanguage\":\"fi\"}]}<\/script>\n<!-- \/ Yoast SEO plugin. -->","yoast_head_json":{"title":"SpinBetter Suomi rekister\u00f6inti > Vaiheet, vinkit ja vianm\u00e4\u00e4ritys","description":"Opi, miten Suomi SpinBetter-rekister\u00f6inti tehd\u00e4\u00e4n nopeasti ja v\u00e4h\u00e4ll\u00e4 vaivalla! Bonuksia, paljon pelej\u00e4 ja urheiluvedonly\u00f6nti\u00e4 - se odottaa sinua SpinBetter-rekister\u00f6innin j\u00e4lkeen.","robots":{"index":"index","follow":"follow","max-snippet":"max-snippet:-1","max-image-preview":"max-image-preview:large","max-video-preview":"max-video-preview:-1"},"og_locale":"fi_FI","og_type":"article","og_title":"SpinBetter Suomi rekister\u00f6inti > Vaiheet, vinkit ja vianm\u00e4\u00e4ritys","og_description":"Opi, miten Suomi SpinBetter-rekister\u00f6inti tehd\u00e4\u00e4n nopeasti ja v\u00e4h\u00e4ll\u00e4 vaivalla! Bonuksia, paljon pelej\u00e4 ja urheiluvedonly\u00f6nti\u00e4 - se odottaa sinua SpinBetter-rekister\u00f6innin j\u00e4lkeen.","og_url":"https:\/\/spinbetter.space\/fi\/registration\/","og_site_name":"spinbetter team fi","article_modified_time":"2025-06-18T18:32:58+00:00","twitter_card":"summary_large_image","schema":{"@context":"https:\/\/schema.org","@graph":[{"@type":"WebPage","@id":"https:\/\/spinbetter.space\/fi\/registration\/","url":"https:\/\/spinbetter.space\/fi\/registration\/","name":"SpinBetter Suomi rekister\u00f6inti > Vaiheet, vinkit ja vianm\u00e4\u00e4ritys","isPartOf":{"@id":"https:\/\/spinbetter.space\/fi\/#website"},"datePublished":"2024-09-19T14:36:55+00:00","dateModified":"2025-06-18T18:32:58+00:00","description":"Opi, miten Suomi SpinBetter-rekister\u00f6inti tehd\u00e4\u00e4n nopeasti ja v\u00e4h\u00e4ll\u00e4 vaivalla! Bonuksia, paljon pelej\u00e4 ja urheiluvedonly\u00f6nti\u00e4 - se odottaa sinua SpinBetter-rekister\u00f6innin j\u00e4lkeen.","breadcrumb":{"@id":"https:\/\/spinbetter.space\/fi\/registration\/#breadcrumb"},"inLanguage":"fi","potentialAction":[{"@type":"ReadAction","target":["https:\/\/spinbetter.space\/fi\/registration\/"]}]},{"@type":"BreadcrumbList","@id":"https:\/\/spinbetter.space\/fi\/registration\/#breadcrumb","itemListElement":[{"@type":"ListItem","position":1,"name":"\u0413\u043b\u0430\u0432\u043d\u0430\u044f \u0441\u0442\u0440\u0430\u043d\u0438\u0446\u0430","item":"https:\/\/spinbetter.space\/fi\/"},{"@type":"ListItem","position":2,"name":"Rekister\u00f6inti"}]},{"@type":"WebSite","@id":"https:\/\/spinbetter.space\/fi\/#website","url":"https:\/\/spinbetter.space\/fi\/","name":"spinbetter team fi","description":"My WordPress Blog","potentialAction":[{"@type":"SearchAction","target":{"@type":"EntryPoint","urlTemplate":"https:\/\/spinbetter.space\/fi\/?s={search_term_string}"},"query-input":{"@type":"PropertyValueSpecification","valueRequired":true,"valueName":"search_term_string"}}],"inLanguage":"fi"}]}},"_links":{"self":[{"href":"https:\/\/spinbetter.space\/fi\/wp-json\/wp\/v2\/pages\/216","targetHints":{"allow":["GET"]}}],"collection":[{"href":"https:\/\/spinbetter.space\/fi\/wp-json\/wp\/v2\/pages"}],"about":[{"href":"https:\/\/spinbetter.space\/fi\/wp-json\/wp\/v2\/types\/page"}],"author":[{"embeddable":true,"href":"https:\/\/spinbetter.space\/fi\/wp-json\/wp\/v2\/users\/1"}],"replies":[{"embeddable":true,"href":"https:\/\/spinbetter.space\/fi\/wp-json\/wp\/v2\/comments?post=216"}],"version-history":[{"count":20,"href":"https:\/\/spinbetter.space\/fi\/wp-json\/wp\/v2\/pages\/216\/revisions"}],"predecessor-version":[{"id":547,"href":"https:\/\/spinbetter.space\/fi\/wp-json\/wp\/v2\/pages\/216\/revisions\/547"}],"wp:attachment":[{"href":"https:\/\/spinbetter.space\/fi\/wp-json\/wp\/v2\/media?parent=216"}],"curies":[{"name":"wp","href":"https:\/\/api.w.org\/{rel}","templated":true}]}}