{"id":152,"date":"2023-05-18T17:39:43","date_gmt":"2023-05-18T17:39:43","guid":{"rendered":"https:\/\/spinbetter.team\/fi\/?page_id=152"},"modified":"2025-08-13T08:17:03","modified_gmt":"2025-08-13T08:17:03","slug":"bonuses","status":"publish","type":"page","link":"https:\/\/spinbetter.space\/fi\/bonuses\/","title":{"rendered":"Bonukset"},"content":{"rendered":"","protected":false},"excerpt":{"rendered":"","protected":false},"author":1,"featured_media":0,"parent":0,"menu_order":0,"comment_status":"closed","ping_status":"closed","template":"","meta":{"footnotes":""},"class_list":["post-152","page","type-page","status-publish","hentry"],"yoast_head":"<!-- This site is optimized with the Yoast SEO plugin v23.5 - https:\/\/yoast.com\/wordpress\/plugins\/seo\/ -->\n<title>Suomi SpinBetter-bonukset &gt; variantit, ehdot ja vinkit<\/title>\n<meta name=\"description\" content=\"Opi, miten saat ja k\u00e4yt\u00e4t Suomi SpinBetter-bonuksia mahdollisimman tehokkaasti. Kaikki parhaista SpinBetter-bonuksista, ehdoista, kierr\u00e4tysvaatimuksista ja bonusten maksuista!\" \/>\n<meta name=\"robots\" content=\"index, follow, max-snippet:-1, max-image-preview:large, max-video-preview:-1\" \/>\n<meta property=\"og:locale\" content=\"fi_FI\" \/>\n<meta property=\"og:type\" content=\"article\" \/>\n<meta property=\"og:title\" content=\"Suomi SpinBetter-bonukset &gt; variantit, ehdot ja vinkit\" \/>\n<meta property=\"og:description\" content=\"Opi, miten saat ja k\u00e4yt\u00e4t Suomi SpinBetter-bonuksia mahdollisimman tehokkaasti. Kaikki parhaista SpinBetter-bonuksista, ehdoista, kierr\u00e4tysvaatimuksista ja bonusten maksuista!\" \/>\n<meta property=\"og:url\" content=\"https:\/\/spinbetter.space\/fi\/bonuses\/\" \/>\n<meta property=\"og:site_name\" content=\"spinbetter team fi\" \/>\n<meta property=\"article:modified_time\" content=\"2025-08-13T08:17:03+00:00\" \/>\n<meta name=\"twitter:card\" content=\"summary_large_image\" \/>\n<script type=\"application\/ld+json\" class=\"yoast-schema-graph\">{\"@context\":\"https:\/\/schema.org\",\"@graph\":[{\"@type\":\"WebPage\",\"@id\":\"https:\/\/spinbetter.space\/fi\/bonuses\/\",\"url\":\"https:\/\/spinbetter.space\/fi\/bonuses\/\",\"name\":\"Suomi SpinBetter-bonukset > variantit, ehdot ja vinkit\",\"isPartOf\":{\"@id\":\"https:\/\/spinbetter.space\/fi\/#website\"},\"datePublished\":\"2023-05-18T17:39:43+00:00\",\"dateModified\":\"2025-08-13T08:17:03+00:00\",\"description\":\"Opi, miten saat ja k\u00e4yt\u00e4t Suomi SpinBetter-bonuksia mahdollisimman tehokkaasti. Kaikki parhaista SpinBetter-bonuksista, ehdoista, kierr\u00e4tysvaatimuksista ja bonusten maksuista!\",\"breadcrumb\":{\"@id\":\"https:\/\/spinbetter.space\/fi\/bonuses\/#breadcrumb\"},\"inLanguage\":\"fi\",\"potentialAction\":[{\"@type\":\"ReadAction\",\"target\":[\"https:\/\/spinbetter.space\/fi\/bonuses\/\"]}]},{\"@type\":\"BreadcrumbList\",\"@id\":\"https:\/\/spinbetter.space\/fi\/bonuses\/#breadcrumb\",\"itemListElement\":[{\"@type\":\"ListItem\",\"position\":1,\"name\":\"\u0413\u043b\u0430\u0432\u043d\u0430\u044f \u0441\u0442\u0440\u0430\u043d\u0438\u0446\u0430\",\"item\":\"https:\/\/spinbetter.space\/fi\/\"},{\"@type\":\"ListItem\",\"position\":2,\"name\":\"Bonukset\"}]},{\"@type\":\"WebSite\",\"@id\":\"https:\/\/spinbetter.space\/fi\/#website\",\"url\":\"https:\/\/spinbetter.space\/fi\/\",\"name\":\"spinbetter team fi\",\"description\":\"My WordPress Blog\",\"potentialAction\":[{\"@type\":\"SearchAction\",\"target\":{\"@type\":\"EntryPoint\",\"urlTemplate\":\"https:\/\/spinbetter.space\/fi\/?s={search_term_string}\"},\"query-input\":{\"@type\":\"PropertyValueSpecification\",\"valueRequired\":true,\"valueName\":\"search_term_string\"}}],\"inLanguage\":\"fi\"}]}<\/script>\n<!-- \/ Yoast SEO plugin. -->","yoast_head_json":{"title":"Suomi SpinBetter-bonukset > variantit, ehdot ja vinkit","description":"Opi, miten saat ja k\u00e4yt\u00e4t Suomi SpinBetter-bonuksia mahdollisimman tehokkaasti. Kaikki parhaista SpinBetter-bonuksista, ehdoista, kierr\u00e4tysvaatimuksista ja bonusten maksuista!","robots":{"index":"index","follow":"follow","max-snippet":"max-snippet:-1","max-image-preview":"max-image-preview:large","max-video-preview":"max-video-preview:-1"},"og_locale":"fi_FI","og_type":"article","og_title":"Suomi SpinBetter-bonukset > variantit, ehdot ja vinkit","og_description":"Opi, miten saat ja k\u00e4yt\u00e4t Suomi SpinBetter-bonuksia mahdollisimman tehokkaasti. Kaikki parhaista SpinBetter-bonuksista, ehdoista, kierr\u00e4tysvaatimuksista ja bonusten maksuista!","og_url":"https:\/\/spinbetter.space\/fi\/bonuses\/","og_site_name":"spinbetter team fi","article_modified_time":"2025-08-13T08:17:03+00:00","twitter_card":"summary_large_image","schema":{"@context":"https:\/\/schema.org","@graph":[{"@type":"WebPage","@id":"https:\/\/spinbetter.space\/fi\/bonuses\/","url":"https:\/\/spinbetter.space\/fi\/bonuses\/","name":"Suomi SpinBetter-bonukset > variantit, ehdot ja vinkit","isPartOf":{"@id":"https:\/\/spinbetter.space\/fi\/#website"},"datePublished":"2023-05-18T17:39:43+00:00","dateModified":"2025-08-13T08:17:03+00:00","description":"Opi, miten saat ja k\u00e4yt\u00e4t Suomi SpinBetter-bonuksia mahdollisimman tehokkaasti. Kaikki parhaista SpinBetter-bonuksista, ehdoista, kierr\u00e4tysvaatimuksista ja bonusten maksuista!","breadcrumb":{"@id":"https:\/\/spinbetter.space\/fi\/bonuses\/#breadcrumb"},"inLanguage":"fi","potentialAction":[{"@type":"ReadAction","target":["https:\/\/spinbetter.space\/fi\/bonuses\/"]}]},{"@type":"BreadcrumbList","@id":"https:\/\/spinbetter.space\/fi\/bonuses\/#breadcrumb","itemListElement":[{"@type":"ListItem","position":1,"name":"\u0413\u043b\u0430\u0432\u043d\u0430\u044f \u0441\u0442\u0440\u0430\u043d\u0438\u0446\u0430","item":"https:\/\/spinbetter.space\/fi\/"},{"@type":"ListItem","position":2,"name":"Bonukset"}]},{"@type":"WebSite","@id":"https:\/\/spinbetter.space\/fi\/#website","url":"https:\/\/spinbetter.space\/fi\/","name":"spinbetter team fi","description":"My WordPress Blog","potentialAction":[{"@type":"SearchAction","target":{"@type":"EntryPoint","urlTemplate":"https:\/\/spinbetter.space\/fi\/?s={search_term_string}"},"query-input":{"@type":"PropertyValueSpecification","valueRequired":true,"valueName":"search_term_string"}}],"inLanguage":"fi"}]}},"_links":{"self":[{"href":"https:\/\/spinbetter.space\/fi\/wp-json\/wp\/v2\/pages\/152","targetHints":{"allow":["GET"]}}],"collection":[{"href":"https:\/\/spinbetter.space\/fi\/wp-json\/wp\/v2\/pages"}],"about":[{"href":"https:\/\/spinbetter.space\/fi\/wp-json\/wp\/v2\/types\/page"}],"author":[{"embeddable":true,"href":"https:\/\/spinbetter.space\/fi\/wp-json\/wp\/v2\/users\/1"}],"replies":[{"embeddable":true,"href":"https:\/\/spinbetter.space\/fi\/wp-json\/wp\/v2\/comments?post=152"}],"version-history":[{"count":23,"href":"https:\/\/spinbetter.space\/fi\/wp-json\/wp\/v2\/pages\/152\/revisions"}],"predecessor-version":[{"id":588,"href":"https:\/\/spinbetter.space\/fi\/wp-json\/wp\/v2\/pages\/152\/revisions\/588"}],"wp:attachment":[{"href":"https:\/\/spinbetter.space\/fi\/wp-json\/wp\/v2\/media?parent=152"}],"curies":[{"name":"wp","href":"https:\/\/api.w.org\/{rel}","templated":true}]}}