{"id":484,"date":"2025-06-13T13:03:38","date_gmt":"2025-06-13T13:03:38","guid":{"rendered":"https:\/\/spinbetter.space\/es\/?page_id=484"},"modified":"2025-06-25T07:31:29","modified_gmt":"2025-06-25T07:31:29","slug":"first-deposit","status":"publish","type":"page","link":"https:\/\/spinbetter.space\/es\/bonuses\/first-deposit\/","title":{"rendered":"Primer dep\u00f3sito"},"content":{"rendered":"","protected":false},"excerpt":{"rendered":"","protected":false},"author":1,"featured_media":0,"parent":152,"menu_order":0,"comment_status":"closed","ping_status":"closed","template":"","meta":{"footnotes":""},"class_list":["post-484","page","type-page","status-publish","hentry"],"yoast_head":"<!-- This site is optimized with the Yoast SEO plugin v23.5 - https:\/\/yoast.com\/wordpress\/plugins\/seo\/ -->\n<title>SpinBetter 100% de bonificaci\u00f3n en el primer dep\u00f3sito<\/title>\n<meta name=\"description\" content=\"Reg\u00edstrate en el casino SpinBetter y consigue un bono del 100% hasta 100 EUR para tu primer dep\u00f3sito. \u00a1El juego comienza con el doble de potencia!\" \/>\n<meta name=\"robots\" content=\"index, follow, max-snippet:-1, max-image-preview:large, max-video-preview:-1\" \/>\n<meta property=\"og:locale\" content=\"es_ES\" \/>\n<meta property=\"og:type\" content=\"article\" \/>\n<meta property=\"og:title\" content=\"SpinBetter 100% de bonificaci\u00f3n en el primer dep\u00f3sito\" \/>\n<meta property=\"og:description\" content=\"Reg\u00edstrate en el casino SpinBetter y consigue un bono del 100% hasta 100 EUR para tu primer dep\u00f3sito. \u00a1El juego comienza con el doble de potencia!\" \/>\n<meta property=\"og:url\" content=\"https:\/\/spinbetter.space\/es\/bonuses\/first-deposit\/\" \/>\n<meta property=\"og:site_name\" content=\"spinbetter team es\" \/>\n<meta property=\"article:modified_time\" content=\"2025-06-25T07:31:29+00:00\" \/>\n<meta name=\"twitter:card\" content=\"summary_large_image\" \/>\n<script type=\"application\/ld+json\" class=\"yoast-schema-graph\">{\"@context\":\"https:\/\/schema.org\",\"@graph\":[{\"@type\":\"WebPage\",\"@id\":\"https:\/\/spinbetter.space\/es\/bonuses\/first-deposit\/\",\"url\":\"https:\/\/spinbetter.space\/es\/bonuses\/first-deposit\/\",\"name\":\"SpinBetter 100% de bonificaci\u00f3n en el primer dep\u00f3sito\",\"isPartOf\":{\"@id\":\"https:\/\/spinbetter.space\/es\/#website\"},\"datePublished\":\"2025-06-13T13:03:38+00:00\",\"dateModified\":\"2025-06-25T07:31:29+00:00\",\"description\":\"Reg\u00edstrate en el casino SpinBetter y consigue un bono del 100% hasta 100 EUR para tu primer dep\u00f3sito. \u00a1El juego comienza con el doble de potencia!\",\"breadcrumb\":{\"@id\":\"https:\/\/spinbetter.space\/es\/bonuses\/first-deposit\/#breadcrumb\"},\"inLanguage\":\"es\",\"potentialAction\":[{\"@type\":\"ReadAction\",\"target\":[\"https:\/\/spinbetter.space\/es\/bonuses\/first-deposit\/\"]}]},{\"@type\":\"BreadcrumbList\",\"@id\":\"https:\/\/spinbetter.space\/es\/bonuses\/first-deposit\/#breadcrumb\",\"itemListElement\":[{\"@type\":\"ListItem\",\"position\":1,\"name\":\"\u0413\u043b\u0430\u0432\u043d\u0430\u044f \u0441\u0442\u0440\u0430\u043d\u0438\u0446\u0430\",\"item\":\"https:\/\/spinbetter.space\/es\/\"},{\"@type\":\"ListItem\",\"position\":2,\"name\":\"Bonos\",\"item\":\"https:\/\/spinbetter.space\/es\/bonuses\/\"},{\"@type\":\"ListItem\",\"position\":3,\"name\":\"Primer dep\u00f3sito\"}]},{\"@type\":\"WebSite\",\"@id\":\"https:\/\/spinbetter.space\/es\/#website\",\"url\":\"https:\/\/spinbetter.space\/es\/\",\"name\":\"spinbetter team es\",\"description\":\"My WordPress Blog\",\"potentialAction\":[{\"@type\":\"SearchAction\",\"target\":{\"@type\":\"EntryPoint\",\"urlTemplate\":\"https:\/\/spinbetter.space\/es\/?s={search_term_string}\"},\"query-input\":{\"@type\":\"PropertyValueSpecification\",\"valueRequired\":true,\"valueName\":\"search_term_string\"}}],\"inLanguage\":\"es\"}]}<\/script>\n<!-- \/ Yoast SEO plugin. -->","yoast_head_json":{"title":"SpinBetter 100% de bonificaci\u00f3n en el primer dep\u00f3sito","description":"Reg\u00edstrate en el casino SpinBetter y consigue un bono del 100% hasta 100 EUR para tu primer dep\u00f3sito. \u00a1El juego comienza con el doble de potencia!","robots":{"index":"index","follow":"follow","max-snippet":"max-snippet:-1","max-image-preview":"max-image-preview:large","max-video-preview":"max-video-preview:-1"},"og_locale":"es_ES","og_type":"article","og_title":"SpinBetter 100% de bonificaci\u00f3n en el primer dep\u00f3sito","og_description":"Reg\u00edstrate en el casino SpinBetter y consigue un bono del 100% hasta 100 EUR para tu primer dep\u00f3sito. \u00a1El juego comienza con el doble de potencia!","og_url":"https:\/\/spinbetter.space\/es\/bonuses\/first-deposit\/","og_site_name":"spinbetter team es","article_modified_time":"2025-06-25T07:31:29+00:00","twitter_card":"summary_large_image","schema":{"@context":"https:\/\/schema.org","@graph":[{"@type":"WebPage","@id":"https:\/\/spinbetter.space\/es\/bonuses\/first-deposit\/","url":"https:\/\/spinbetter.space\/es\/bonuses\/first-deposit\/","name":"SpinBetter 100% de bonificaci\u00f3n en el primer dep\u00f3sito","isPartOf":{"@id":"https:\/\/spinbetter.space\/es\/#website"},"datePublished":"2025-06-13T13:03:38+00:00","dateModified":"2025-06-25T07:31:29+00:00","description":"Reg\u00edstrate en el casino SpinBetter y consigue un bono del 100% hasta 100 EUR para tu primer dep\u00f3sito. \u00a1El juego comienza con el doble de potencia!","breadcrumb":{"@id":"https:\/\/spinbetter.space\/es\/bonuses\/first-deposit\/#breadcrumb"},"inLanguage":"es","potentialAction":[{"@type":"ReadAction","target":["https:\/\/spinbetter.space\/es\/bonuses\/first-deposit\/"]}]},{"@type":"BreadcrumbList","@id":"https:\/\/spinbetter.space\/es\/bonuses\/first-deposit\/#breadcrumb","itemListElement":[{"@type":"ListItem","position":1,"name":"\u0413\u043b\u0430\u0432\u043d\u0430\u044f \u0441\u0442\u0440\u0430\u043d\u0438\u0446\u0430","item":"https:\/\/spinbetter.space\/es\/"},{"@type":"ListItem","position":2,"name":"Bonos","item":"https:\/\/spinbetter.space\/es\/bonuses\/"},{"@type":"ListItem","position":3,"name":"Primer dep\u00f3sito"}]},{"@type":"WebSite","@id":"https:\/\/spinbetter.space\/es\/#website","url":"https:\/\/spinbetter.space\/es\/","name":"spinbetter team es","description":"My WordPress Blog","potentialAction":[{"@type":"SearchAction","target":{"@type":"EntryPoint","urlTemplate":"https:\/\/spinbetter.space\/es\/?s={search_term_string}"},"query-input":{"@type":"PropertyValueSpecification","valueRequired":true,"valueName":"search_term_string"}}],"inLanguage":"es"}]}},"_links":{"self":[{"href":"https:\/\/spinbetter.space\/es\/wp-json\/wp\/v2\/pages\/484","targetHints":{"allow":["GET"]}}],"collection":[{"href":"https:\/\/spinbetter.space\/es\/wp-json\/wp\/v2\/pages"}],"about":[{"href":"https:\/\/spinbetter.space\/es\/wp-json\/wp\/v2\/types\/page"}],"author":[{"embeddable":true,"href":"https:\/\/spinbetter.space\/es\/wp-json\/wp\/v2\/users\/1"}],"replies":[{"embeddable":true,"href":"https:\/\/spinbetter.space\/es\/wp-json\/wp\/v2\/comments?post=484"}],"version-history":[{"count":2,"href":"https:\/\/spinbetter.space\/es\/wp-json\/wp\/v2\/pages\/484\/revisions"}],"predecessor-version":[{"id":496,"href":"https:\/\/spinbetter.space\/es\/wp-json\/wp\/v2\/pages\/484\/revisions\/496"}],"up":[{"embeddable":true,"href":"https:\/\/spinbetter.space\/es\/wp-json\/wp\/v2\/pages\/152"}],"wp:attachment":[{"href":"https:\/\/spinbetter.space\/es\/wp-json\/wp\/v2\/media?parent=484"}],"curies":[{"name":"wp","href":"https:\/\/api.w.org\/{rel}","templated":true}]}}