{"id":238,"date":"2024-09-20T08:33:08","date_gmt":"2024-09-20T08:33:08","guid":{"rendered":"https:\/\/spinbetter.team\/es\/?page_id=238"},"modified":"2026-01-13T14:29:59","modified_gmt":"2026-01-13T14:29:59","slug":"promo-code","status":"publish","type":"page","link":"https:\/\/spinbetter.space\/es\/promo-code\/","title":{"rendered":"C\u00f3digo promocional"},"content":{"rendered":"","protected":false},"excerpt":{"rendered":"","protected":false},"author":1,"featured_media":0,"parent":0,"menu_order":0,"comment_status":"closed","ping_status":"closed","template":"","meta":{"footnotes":""},"class_list":["post-238","page","type-page","status-publish","hentry"],"yoast_head":"<!-- This site is optimized with the Yoast SEO plugin v23.5 - https:\/\/yoast.com\/wordpress\/plugins\/seo\/ -->\n<title>SpinBetter C\u00f3digos Promocionales &gt; Consejos, Bonos y Beneficios<\/title>\n<meta name=\"description\" content=\"Aprenda a utilizar eficazmente los c\u00f3digos promocionales de SpinBetter Espa\u00f1a. Consejos sencillos, bonificaciones \u00fanicas y oportunidades para aumentar tus ganancias con los c\u00f3digos promocionales de SpinBetter.\" \/>\n<meta name=\"robots\" content=\"index, follow, max-snippet:-1, max-image-preview:large, max-video-preview:-1\" \/>\n<meta property=\"og:locale\" content=\"es_ES\" \/>\n<meta property=\"og:type\" content=\"article\" \/>\n<meta property=\"og:title\" content=\"SpinBetter C\u00f3digos Promocionales &gt; Consejos, Bonos y Beneficios\" \/>\n<meta property=\"og:description\" content=\"Aprenda a utilizar eficazmente los c\u00f3digos promocionales de SpinBetter Espa\u00f1a. Consejos sencillos, bonificaciones \u00fanicas y oportunidades para aumentar tus ganancias con los c\u00f3digos promocionales de SpinBetter.\" \/>\n<meta property=\"og:url\" content=\"https:\/\/spinbetter.space\/es\/promo-code\/\" \/>\n<meta property=\"og:site_name\" content=\"spinbetter team es\" \/>\n<meta property=\"article:modified_time\" content=\"2026-01-13T14:29:59+00:00\" \/>\n<meta name=\"twitter:card\" content=\"summary_large_image\" \/>\n<script type=\"application\/ld+json\" class=\"yoast-schema-graph\">{\"@context\":\"https:\/\/schema.org\",\"@graph\":[{\"@type\":\"WebPage\",\"@id\":\"https:\/\/spinbetter.space\/es\/promo-code\/\",\"url\":\"https:\/\/spinbetter.space\/es\/promo-code\/\",\"name\":\"SpinBetter C\u00f3digos Promocionales > Consejos, Bonos y Beneficios\",\"isPartOf\":{\"@id\":\"https:\/\/spinbetter.space\/es\/#website\"},\"datePublished\":\"2024-09-20T08:33:08+00:00\",\"dateModified\":\"2026-01-13T14:29:59+00:00\",\"description\":\"Aprenda a utilizar eficazmente los c\u00f3digos promocionales de SpinBetter Espa\u00f1a. Consejos sencillos, bonificaciones \u00fanicas y oportunidades para aumentar tus ganancias con los c\u00f3digos promocionales de SpinBetter.\",\"breadcrumb\":{\"@id\":\"https:\/\/spinbetter.space\/es\/promo-code\/#breadcrumb\"},\"inLanguage\":\"es\",\"potentialAction\":[{\"@type\":\"ReadAction\",\"target\":[\"https:\/\/spinbetter.space\/es\/promo-code\/\"]}]},{\"@type\":\"BreadcrumbList\",\"@id\":\"https:\/\/spinbetter.space\/es\/promo-code\/#breadcrumb\",\"itemListElement\":[{\"@type\":\"ListItem\",\"position\":1,\"name\":\"\u0413\u043b\u0430\u0432\u043d\u0430\u044f \u0441\u0442\u0440\u0430\u043d\u0438\u0446\u0430\",\"item\":\"https:\/\/spinbetter.space\/es\/\"},{\"@type\":\"ListItem\",\"position\":2,\"name\":\"C\u00f3digo promocional\"}]},{\"@type\":\"WebSite\",\"@id\":\"https:\/\/spinbetter.space\/es\/#website\",\"url\":\"https:\/\/spinbetter.space\/es\/\",\"name\":\"spinbetter team es\",\"description\":\"My WordPress Blog\",\"potentialAction\":[{\"@type\":\"SearchAction\",\"target\":{\"@type\":\"EntryPoint\",\"urlTemplate\":\"https:\/\/spinbetter.space\/es\/?s={search_term_string}\"},\"query-input\":{\"@type\":\"PropertyValueSpecification\",\"valueRequired\":true,\"valueName\":\"search_term_string\"}}],\"inLanguage\":\"es\"}]}<\/script>\n<!-- \/ Yoast SEO plugin. -->","yoast_head_json":{"title":"SpinBetter C\u00f3digos Promocionales > Consejos, Bonos y Beneficios","description":"Aprenda a utilizar eficazmente los c\u00f3digos promocionales de SpinBetter Espa\u00f1a. Consejos sencillos, bonificaciones \u00fanicas y oportunidades para aumentar tus ganancias con los c\u00f3digos promocionales de SpinBetter.","robots":{"index":"index","follow":"follow","max-snippet":"max-snippet:-1","max-image-preview":"max-image-preview:large","max-video-preview":"max-video-preview:-1"},"og_locale":"es_ES","og_type":"article","og_title":"SpinBetter C\u00f3digos Promocionales > Consejos, Bonos y Beneficios","og_description":"Aprenda a utilizar eficazmente los c\u00f3digos promocionales de SpinBetter Espa\u00f1a. Consejos sencillos, bonificaciones \u00fanicas y oportunidades para aumentar tus ganancias con los c\u00f3digos promocionales de SpinBetter.","og_url":"https:\/\/spinbetter.space\/es\/promo-code\/","og_site_name":"spinbetter team es","article_modified_time":"2026-01-13T14:29:59+00:00","twitter_card":"summary_large_image","schema":{"@context":"https:\/\/schema.org","@graph":[{"@type":"WebPage","@id":"https:\/\/spinbetter.space\/es\/promo-code\/","url":"https:\/\/spinbetter.space\/es\/promo-code\/","name":"SpinBetter C\u00f3digos Promocionales > Consejos, Bonos y Beneficios","isPartOf":{"@id":"https:\/\/spinbetter.space\/es\/#website"},"datePublished":"2024-09-20T08:33:08+00:00","dateModified":"2026-01-13T14:29:59+00:00","description":"Aprenda a utilizar eficazmente los c\u00f3digos promocionales de SpinBetter Espa\u00f1a. Consejos sencillos, bonificaciones \u00fanicas y oportunidades para aumentar tus ganancias con los c\u00f3digos promocionales de SpinBetter.","breadcrumb":{"@id":"https:\/\/spinbetter.space\/es\/promo-code\/#breadcrumb"},"inLanguage":"es","potentialAction":[{"@type":"ReadAction","target":["https:\/\/spinbetter.space\/es\/promo-code\/"]}]},{"@type":"BreadcrumbList","@id":"https:\/\/spinbetter.space\/es\/promo-code\/#breadcrumb","itemListElement":[{"@type":"ListItem","position":1,"name":"\u0413\u043b\u0430\u0432\u043d\u0430\u044f \u0441\u0442\u0440\u0430\u043d\u0438\u0446\u0430","item":"https:\/\/spinbetter.space\/es\/"},{"@type":"ListItem","position":2,"name":"C\u00f3digo promocional"}]},{"@type":"WebSite","@id":"https:\/\/spinbetter.space\/es\/#website","url":"https:\/\/spinbetter.space\/es\/","name":"spinbetter team es","description":"My WordPress Blog","potentialAction":[{"@type":"SearchAction","target":{"@type":"EntryPoint","urlTemplate":"https:\/\/spinbetter.space\/es\/?s={search_term_string}"},"query-input":{"@type":"PropertyValueSpecification","valueRequired":true,"valueName":"search_term_string"}}],"inLanguage":"es"}]}},"_links":{"self":[{"href":"https:\/\/spinbetter.space\/es\/wp-json\/wp\/v2\/pages\/238","targetHints":{"allow":["GET"]}}],"collection":[{"href":"https:\/\/spinbetter.space\/es\/wp-json\/wp\/v2\/pages"}],"about":[{"href":"https:\/\/spinbetter.space\/es\/wp-json\/wp\/v2\/types\/page"}],"author":[{"embeddable":true,"href":"https:\/\/spinbetter.space\/es\/wp-json\/wp\/v2\/users\/1"}],"replies":[{"embeddable":true,"href":"https:\/\/spinbetter.space\/es\/wp-json\/wp\/v2\/comments?post=238"}],"version-history":[{"count":15,"href":"https:\/\/spinbetter.space\/es\/wp-json\/wp\/v2\/pages\/238\/revisions"}],"predecessor-version":[{"id":514,"href":"https:\/\/spinbetter.space\/es\/wp-json\/wp\/v2\/pages\/238\/revisions\/514"}],"wp:attachment":[{"href":"https:\/\/spinbetter.space\/es\/wp-json\/wp\/v2\/media?parent=238"}],"curies":[{"name":"wp","href":"https:\/\/api.w.org\/{rel}","templated":true}]}}