{"id":353,"date":"2024-09-26T07:44:31","date_gmt":"2024-09-26T07:44:31","guid":{"rendered":"https:\/\/spinbetter.space\/ee\/?page_id=353"},"modified":"2025-07-02T09:58:19","modified_gmt":"2025-07-02T09:58:19","slug":"feedback","status":"publish","type":"page","link":"https:\/\/spinbetter.space\/ee\/feedback\/","title":{"rendered":"Tagasiside"},"content":{"rendered":"","protected":false},"excerpt":{"rendered":"","protected":false},"author":1,"featured_media":0,"parent":0,"menu_order":0,"comment_status":"closed","ping_status":"closed","template":"","meta":{"footnotes":""},"class_list":["post-353","page","type-page","status-publish","hentry"],"yoast_head":"<!-- This site is optimized with the Yoast SEO plugin v23.5 - https:\/\/yoast.com\/wordpress\/plugins\/seo\/ -->\n<title>SpinBetteri m\u00e4ngijate statistika &gt; kasutajate hinnangud<\/title>\n<meta name=\"description\" content=\"Avasta SpinBetteri m\u00e4ngijate tagasiside: vaata kasutajate arvamusi ja saa kasulikke n\u00e4pun\u00e4iteid. Mida pead SpinBetteri kohta teadma.\" \/>\n<meta name=\"robots\" content=\"index, follow, max-snippet:-1, max-image-preview:large, max-video-preview:-1\" \/>\n<meta property=\"og:locale\" content=\"et_EE\" \/>\n<meta property=\"og:type\" content=\"article\" \/>\n<meta property=\"og:title\" content=\"SpinBetteri m\u00e4ngijate statistika &gt; kasutajate hinnangud\" \/>\n<meta property=\"og:description\" content=\"Avasta SpinBetteri m\u00e4ngijate tagasiside: vaata kasutajate arvamusi ja saa kasulikke n\u00e4pun\u00e4iteid. Mida pead SpinBetteri kohta teadma.\" \/>\n<meta property=\"og:url\" content=\"https:\/\/spinbetter.space\/ee\/feedback\/\" \/>\n<meta property=\"og:site_name\" content=\"Spinbetter Team EE\" \/>\n<meta property=\"article:modified_time\" content=\"2025-07-02T09:58:19+00:00\" \/>\n<meta name=\"twitter:card\" content=\"summary_large_image\" \/>\n<script type=\"application\/ld+json\" class=\"yoast-schema-graph\">{\"@context\":\"https:\/\/schema.org\",\"@graph\":[{\"@type\":\"WebPage\",\"@id\":\"https:\/\/spinbetter.space\/ee\/feedback\/\",\"url\":\"https:\/\/spinbetter.space\/ee\/feedback\/\",\"name\":\"SpinBetteri m\u00e4ngijate statistika > kasutajate hinnangud\",\"isPartOf\":{\"@id\":\"https:\/\/spinbetter.space\/ee\/#website\"},\"datePublished\":\"2024-09-26T07:44:31+00:00\",\"dateModified\":\"2025-07-02T09:58:19+00:00\",\"description\":\"Avasta SpinBetteri m\u00e4ngijate tagasiside: vaata kasutajate arvamusi ja saa kasulikke n\u00e4pun\u00e4iteid. Mida pead SpinBetteri kohta teadma.\",\"breadcrumb\":{\"@id\":\"https:\/\/spinbetter.space\/ee\/feedback\/#breadcrumb\"},\"inLanguage\":\"et\",\"potentialAction\":[{\"@type\":\"ReadAction\",\"target\":[\"https:\/\/spinbetter.space\/ee\/feedback\/\"]}]},{\"@type\":\"BreadcrumbList\",\"@id\":\"https:\/\/spinbetter.space\/ee\/feedback\/#breadcrumb\",\"itemListElement\":[{\"@type\":\"ListItem\",\"position\":1,\"name\":\"\u0413\u043b\u0430\u0432\u043d\u0430\u044f \u0441\u0442\u0440\u0430\u043d\u0438\u0446\u0430\",\"item\":\"https:\/\/spinbetter.space\/ee\/\"},{\"@type\":\"ListItem\",\"position\":2,\"name\":\"Tagasiside\"}]},{\"@type\":\"WebSite\",\"@id\":\"https:\/\/spinbetter.space\/ee\/#website\",\"url\":\"https:\/\/spinbetter.space\/ee\/\",\"name\":\"Spinbetter Team EE\",\"description\":\"My WordPress Blog\",\"potentialAction\":[{\"@type\":\"SearchAction\",\"target\":{\"@type\":\"EntryPoint\",\"urlTemplate\":\"https:\/\/spinbetter.space\/ee\/?s={search_term_string}\"},\"query-input\":{\"@type\":\"PropertyValueSpecification\",\"valueRequired\":true,\"valueName\":\"search_term_string\"}}],\"inLanguage\":\"et\"}]}<\/script>\n<!-- \/ Yoast SEO plugin. -->","yoast_head_json":{"title":"SpinBetteri m\u00e4ngijate statistika > kasutajate hinnangud","description":"Avasta SpinBetteri m\u00e4ngijate tagasiside: vaata kasutajate arvamusi ja saa kasulikke n\u00e4pun\u00e4iteid. Mida pead SpinBetteri kohta teadma.","robots":{"index":"index","follow":"follow","max-snippet":"max-snippet:-1","max-image-preview":"max-image-preview:large","max-video-preview":"max-video-preview:-1"},"og_locale":"et_EE","og_type":"article","og_title":"SpinBetteri m\u00e4ngijate statistika > kasutajate hinnangud","og_description":"Avasta SpinBetteri m\u00e4ngijate tagasiside: vaata kasutajate arvamusi ja saa kasulikke n\u00e4pun\u00e4iteid. Mida pead SpinBetteri kohta teadma.","og_url":"https:\/\/spinbetter.space\/ee\/feedback\/","og_site_name":"Spinbetter Team EE","article_modified_time":"2025-07-02T09:58:19+00:00","twitter_card":"summary_large_image","schema":{"@context":"https:\/\/schema.org","@graph":[{"@type":"WebPage","@id":"https:\/\/spinbetter.space\/ee\/feedback\/","url":"https:\/\/spinbetter.space\/ee\/feedback\/","name":"SpinBetteri m\u00e4ngijate statistika > kasutajate hinnangud","isPartOf":{"@id":"https:\/\/spinbetter.space\/ee\/#website"},"datePublished":"2024-09-26T07:44:31+00:00","dateModified":"2025-07-02T09:58:19+00:00","description":"Avasta SpinBetteri m\u00e4ngijate tagasiside: vaata kasutajate arvamusi ja saa kasulikke n\u00e4pun\u00e4iteid. Mida pead SpinBetteri kohta teadma.","breadcrumb":{"@id":"https:\/\/spinbetter.space\/ee\/feedback\/#breadcrumb"},"inLanguage":"et","potentialAction":[{"@type":"ReadAction","target":["https:\/\/spinbetter.space\/ee\/feedback\/"]}]},{"@type":"BreadcrumbList","@id":"https:\/\/spinbetter.space\/ee\/feedback\/#breadcrumb","itemListElement":[{"@type":"ListItem","position":1,"name":"\u0413\u043b\u0430\u0432\u043d\u0430\u044f \u0441\u0442\u0440\u0430\u043d\u0438\u0446\u0430","item":"https:\/\/spinbetter.space\/ee\/"},{"@type":"ListItem","position":2,"name":"Tagasiside"}]},{"@type":"WebSite","@id":"https:\/\/spinbetter.space\/ee\/#website","url":"https:\/\/spinbetter.space\/ee\/","name":"Spinbetter Team EE","description":"My WordPress Blog","potentialAction":[{"@type":"SearchAction","target":{"@type":"EntryPoint","urlTemplate":"https:\/\/spinbetter.space\/ee\/?s={search_term_string}"},"query-input":{"@type":"PropertyValueSpecification","valueRequired":true,"valueName":"search_term_string"}}],"inLanguage":"et"}]}},"_links":{"self":[{"href":"https:\/\/spinbetter.space\/ee\/wp-json\/wp\/v2\/pages\/353","targetHints":{"allow":["GET"]}}],"collection":[{"href":"https:\/\/spinbetter.space\/ee\/wp-json\/wp\/v2\/pages"}],"about":[{"href":"https:\/\/spinbetter.space\/ee\/wp-json\/wp\/v2\/types\/page"}],"author":[{"embeddable":true,"href":"https:\/\/spinbetter.space\/ee\/wp-json\/wp\/v2\/users\/1"}],"replies":[{"embeddable":true,"href":"https:\/\/spinbetter.space\/ee\/wp-json\/wp\/v2\/comments?post=353"}],"version-history":[{"count":15,"href":"https:\/\/spinbetter.space\/ee\/wp-json\/wp\/v2\/pages\/353\/revisions"}],"predecessor-version":[{"id":603,"href":"https:\/\/spinbetter.space\/ee\/wp-json\/wp\/v2\/pages\/353\/revisions\/603"}],"wp:attachment":[{"href":"https:\/\/spinbetter.space\/ee\/wp-json\/wp\/v2\/media?parent=353"}],"curies":[{"name":"wp","href":"https:\/\/api.w.org\/{rel}","templated":true}]}}