{"id":562,"date":"2025-05-29T06:26:50","date_gmt":"2025-05-29T06:26:50","guid":{"rendered":"https:\/\/spinbetter.space\/de\/?page_id=562"},"modified":"2025-05-29T06:27:54","modified_gmt":"2025-05-29T06:27:54","slug":"app-freebet","status":"publish","type":"page","link":"https:\/\/spinbetter.space\/de\/bonuses\/app-freebet\/","title":{"rendered":"App Freebet"},"content":{"rendered":"","protected":false},"excerpt":{"rendered":"","protected":false},"author":1,"featured_media":0,"parent":152,"menu_order":0,"comment_status":"closed","ping_status":"closed","template":"","meta":{"footnotes":""},"class_list":["post-562","page","type-page","status-publish","hentry"],"yoast_head":"<!-- This site is optimized with the Yoast SEO plugin v23.5 - https:\/\/yoast.com\/wordpress\/plugins\/seo\/ -->\n<title>Wetten in der SpinBetter-App &gt; Freebet f\u00fcr Aktivit\u00e4t erhalten<\/title>\n<meta name=\"description\" content=\"Platziere 10 Wetten in der SpinBetter-App und erhalte eine Gratiswette bis zu 10 EUR. Nur f\u00fcr aktive Spieler!\" \/>\n<meta name=\"robots\" content=\"index, follow, max-snippet:-1, max-image-preview:large, max-video-preview:-1\" \/>\n<meta property=\"og:locale\" content=\"de_DE\" \/>\n<meta property=\"og:type\" content=\"article\" \/>\n<meta property=\"og:title\" content=\"Wetten in der SpinBetter-App &gt; Freebet f\u00fcr Aktivit\u00e4t erhalten\" \/>\n<meta property=\"og:description\" content=\"Platziere 10 Wetten in der SpinBetter-App und erhalte eine Gratiswette bis zu 10 EUR. Nur f\u00fcr aktive Spieler!\" \/>\n<meta property=\"og:url\" content=\"https:\/\/spinbetter.space\/de\/bonuses\/app-freebet\/\" \/>\n<meta property=\"og:site_name\" content=\"spinbetter team de\" \/>\n<meta property=\"article:modified_time\" content=\"2025-05-29T06:27:54+00:00\" \/>\n<meta name=\"twitter:card\" content=\"summary_large_image\" \/>\n<script type=\"application\/ld+json\" class=\"yoast-schema-graph\">{\"@context\":\"https:\/\/schema.org\",\"@graph\":[{\"@type\":\"WebPage\",\"@id\":\"https:\/\/spinbetter.space\/de\/bonuses\/app-freebet\/\",\"url\":\"https:\/\/spinbetter.space\/de\/bonuses\/app-freebet\/\",\"name\":\"Wetten in der SpinBetter-App > Freebet f\u00fcr Aktivit\u00e4t erhalten\",\"isPartOf\":{\"@id\":\"https:\/\/spinbetter.space\/de\/#website\"},\"datePublished\":\"2025-05-29T06:26:50+00:00\",\"dateModified\":\"2025-05-29T06:27:54+00:00\",\"description\":\"Platziere 10 Wetten in der SpinBetter-App und erhalte eine Gratiswette bis zu 10 EUR. Nur f\u00fcr aktive Spieler!\",\"breadcrumb\":{\"@id\":\"https:\/\/spinbetter.space\/de\/bonuses\/app-freebet\/#breadcrumb\"},\"inLanguage\":\"de\",\"potentialAction\":[{\"@type\":\"ReadAction\",\"target\":[\"https:\/\/spinbetter.space\/de\/bonuses\/app-freebet\/\"]}]},{\"@type\":\"BreadcrumbList\",\"@id\":\"https:\/\/spinbetter.space\/de\/bonuses\/app-freebet\/#breadcrumb\",\"itemListElement\":[{\"@type\":\"ListItem\",\"position\":1,\"name\":\"\u0413\u043b\u0430\u0432\u043d\u0430\u044f \u0441\u0442\u0440\u0430\u043d\u0438\u0446\u0430\",\"item\":\"https:\/\/spinbetter.space\/de\/\"},{\"@type\":\"ListItem\",\"position\":2,\"name\":\"Boni\",\"item\":\"https:\/\/spinbetter.space\/de\/bonuses\/\"},{\"@type\":\"ListItem\",\"position\":3,\"name\":\"App Freebet\"}]},{\"@type\":\"WebSite\",\"@id\":\"https:\/\/spinbetter.space\/de\/#website\",\"url\":\"https:\/\/spinbetter.space\/de\/\",\"name\":\"spinbetter team de\",\"description\":\"My WordPress Blog\",\"potentialAction\":[{\"@type\":\"SearchAction\",\"target\":{\"@type\":\"EntryPoint\",\"urlTemplate\":\"https:\/\/spinbetter.space\/de\/?s={search_term_string}\"},\"query-input\":{\"@type\":\"PropertyValueSpecification\",\"valueRequired\":true,\"valueName\":\"search_term_string\"}}],\"inLanguage\":\"de\"}]}<\/script>\n<!-- \/ Yoast SEO plugin. -->","yoast_head_json":{"title":"Wetten in der SpinBetter-App > Freebet f\u00fcr Aktivit\u00e4t erhalten","description":"Platziere 10 Wetten in der SpinBetter-App und erhalte eine Gratiswette bis zu 10 EUR. Nur f\u00fcr aktive Spieler!","robots":{"index":"index","follow":"follow","max-snippet":"max-snippet:-1","max-image-preview":"max-image-preview:large","max-video-preview":"max-video-preview:-1"},"og_locale":"de_DE","og_type":"article","og_title":"Wetten in der SpinBetter-App > Freebet f\u00fcr Aktivit\u00e4t erhalten","og_description":"Platziere 10 Wetten in der SpinBetter-App und erhalte eine Gratiswette bis zu 10 EUR. Nur f\u00fcr aktive Spieler!","og_url":"https:\/\/spinbetter.space\/de\/bonuses\/app-freebet\/","og_site_name":"spinbetter team de","article_modified_time":"2025-05-29T06:27:54+00:00","twitter_card":"summary_large_image","schema":{"@context":"https:\/\/schema.org","@graph":[{"@type":"WebPage","@id":"https:\/\/spinbetter.space\/de\/bonuses\/app-freebet\/","url":"https:\/\/spinbetter.space\/de\/bonuses\/app-freebet\/","name":"Wetten in der SpinBetter-App > Freebet f\u00fcr Aktivit\u00e4t erhalten","isPartOf":{"@id":"https:\/\/spinbetter.space\/de\/#website"},"datePublished":"2025-05-29T06:26:50+00:00","dateModified":"2025-05-29T06:27:54+00:00","description":"Platziere 10 Wetten in der SpinBetter-App und erhalte eine Gratiswette bis zu 10 EUR. Nur f\u00fcr aktive Spieler!","breadcrumb":{"@id":"https:\/\/spinbetter.space\/de\/bonuses\/app-freebet\/#breadcrumb"},"inLanguage":"de","potentialAction":[{"@type":"ReadAction","target":["https:\/\/spinbetter.space\/de\/bonuses\/app-freebet\/"]}]},{"@type":"BreadcrumbList","@id":"https:\/\/spinbetter.space\/de\/bonuses\/app-freebet\/#breadcrumb","itemListElement":[{"@type":"ListItem","position":1,"name":"\u0413\u043b\u0430\u0432\u043d\u0430\u044f \u0441\u0442\u0440\u0430\u043d\u0438\u0446\u0430","item":"https:\/\/spinbetter.space\/de\/"},{"@type":"ListItem","position":2,"name":"Boni","item":"https:\/\/spinbetter.space\/de\/bonuses\/"},{"@type":"ListItem","position":3,"name":"App Freebet"}]},{"@type":"WebSite","@id":"https:\/\/spinbetter.space\/de\/#website","url":"https:\/\/spinbetter.space\/de\/","name":"spinbetter team de","description":"My WordPress Blog","potentialAction":[{"@type":"SearchAction","target":{"@type":"EntryPoint","urlTemplate":"https:\/\/spinbetter.space\/de\/?s={search_term_string}"},"query-input":{"@type":"PropertyValueSpecification","valueRequired":true,"valueName":"search_term_string"}}],"inLanguage":"de"}]}},"_links":{"self":[{"href":"https:\/\/spinbetter.space\/de\/wp-json\/wp\/v2\/pages\/562","targetHints":{"allow":["GET"]}}],"collection":[{"href":"https:\/\/spinbetter.space\/de\/wp-json\/wp\/v2\/pages"}],"about":[{"href":"https:\/\/spinbetter.space\/de\/wp-json\/wp\/v2\/types\/page"}],"author":[{"embeddable":true,"href":"https:\/\/spinbetter.space\/de\/wp-json\/wp\/v2\/users\/1"}],"replies":[{"embeddable":true,"href":"https:\/\/spinbetter.space\/de\/wp-json\/wp\/v2\/comments?post=562"}],"version-history":[{"count":1,"href":"https:\/\/spinbetter.space\/de\/wp-json\/wp\/v2\/pages\/562\/revisions"}],"predecessor-version":[{"id":563,"href":"https:\/\/spinbetter.space\/de\/wp-json\/wp\/v2\/pages\/562\/revisions\/563"}],"up":[{"embeddable":true,"href":"https:\/\/spinbetter.space\/de\/wp-json\/wp\/v2\/pages\/152"}],"wp:attachment":[{"href":"https:\/\/spinbetter.space\/de\/wp-json\/wp\/v2\/media?parent=562"}],"curies":[{"name":"wp","href":"https:\/\/api.w.org\/{rel}","templated":true}]}}