{"id":214,"date":"2024-09-19T08:40:42","date_gmt":"2024-09-19T08:40:42","guid":{"rendered":"https:\/\/spinbetter.team\/de\/?page_id=214"},"modified":"2025-06-18T12:44:35","modified_gmt":"2025-06-18T12:44:35","slug":"login","status":"publish","type":"page","link":"https:\/\/spinbetter.space\/de\/login\/","title":{"rendered":"Login"},"content":{"rendered":"","protected":false},"excerpt":{"rendered":"","protected":false},"author":1,"featured_media":0,"parent":0,"menu_order":0,"comment_status":"closed","ping_status":"closed","template":"","meta":{"footnotes":""},"class_list":["post-214","page","type-page","status-publish","hentry"],"yoast_head":"<!-- This site is optimized with the Yoast SEO plugin v23.5 - https:\/\/yoast.com\/wordpress\/plugins\/seo\/ -->\n<title>SpinBetter Deutschland Login &gt; \u00dcbersicht der Login-Methoden<\/title>\n<meta name=\"description\" content=\"Lesen Sie die vollst\u00e4ndige \u00dcbersicht \u00fcber den Deutschland SpinBetter-Anmeldevorgang: alle SpinBetter-Anmeldemethoden, Tipps und Kontowiederherstellung!\" \/>\n<meta name=\"robots\" content=\"index, follow, max-snippet:-1, max-image-preview:large, max-video-preview:-1\" \/>\n<meta property=\"og:locale\" content=\"de_DE\" \/>\n<meta property=\"og:type\" content=\"article\" \/>\n<meta property=\"og:title\" content=\"SpinBetter Deutschland Login &gt; \u00dcbersicht der Login-Methoden\" \/>\n<meta property=\"og:description\" content=\"Lesen Sie die vollst\u00e4ndige \u00dcbersicht \u00fcber den Deutschland SpinBetter-Anmeldevorgang: alle SpinBetter-Anmeldemethoden, Tipps und Kontowiederherstellung!\" \/>\n<meta property=\"og:url\" content=\"https:\/\/spinbetter.space\/de\/login\/\" \/>\n<meta property=\"og:site_name\" content=\"spinbetter team de\" \/>\n<meta property=\"article:modified_time\" content=\"2025-06-18T12:44:35+00:00\" \/>\n<meta name=\"twitter:card\" content=\"summary_large_image\" \/>\n<script type=\"application\/ld+json\" class=\"yoast-schema-graph\">{\"@context\":\"https:\/\/schema.org\",\"@graph\":[{\"@type\":\"WebPage\",\"@id\":\"https:\/\/spinbetter.space\/de\/login\/\",\"url\":\"https:\/\/spinbetter.space\/de\/login\/\",\"name\":\"SpinBetter Deutschland Login > \u00dcbersicht der Login-Methoden\",\"isPartOf\":{\"@id\":\"https:\/\/spinbetter.space\/de\/#website\"},\"datePublished\":\"2024-09-19T08:40:42+00:00\",\"dateModified\":\"2025-06-18T12:44:35+00:00\",\"description\":\"Lesen Sie die vollst\u00e4ndige \u00dcbersicht \u00fcber den Deutschland SpinBetter-Anmeldevorgang: alle SpinBetter-Anmeldemethoden, Tipps und Kontowiederherstellung!\",\"breadcrumb\":{\"@id\":\"https:\/\/spinbetter.space\/de\/login\/#breadcrumb\"},\"inLanguage\":\"de\",\"potentialAction\":[{\"@type\":\"ReadAction\",\"target\":[\"https:\/\/spinbetter.space\/de\/login\/\"]}]},{\"@type\":\"BreadcrumbList\",\"@id\":\"https:\/\/spinbetter.space\/de\/login\/#breadcrumb\",\"itemListElement\":[{\"@type\":\"ListItem\",\"position\":1,\"name\":\"\u0413\u043b\u0430\u0432\u043d\u0430\u044f \u0441\u0442\u0440\u0430\u043d\u0438\u0446\u0430\",\"item\":\"https:\/\/spinbetter.space\/de\/\"},{\"@type\":\"ListItem\",\"position\":2,\"name\":\"Login\"}]},{\"@type\":\"WebSite\",\"@id\":\"https:\/\/spinbetter.space\/de\/#website\",\"url\":\"https:\/\/spinbetter.space\/de\/\",\"name\":\"spinbetter team de\",\"description\":\"My WordPress Blog\",\"potentialAction\":[{\"@type\":\"SearchAction\",\"target\":{\"@type\":\"EntryPoint\",\"urlTemplate\":\"https:\/\/spinbetter.space\/de\/?s={search_term_string}\"},\"query-input\":{\"@type\":\"PropertyValueSpecification\",\"valueRequired\":true,\"valueName\":\"search_term_string\"}}],\"inLanguage\":\"de\"}]}<\/script>\n<!-- \/ Yoast SEO plugin. -->","yoast_head_json":{"title":"SpinBetter Deutschland Login > \u00dcbersicht der Login-Methoden","description":"Lesen Sie die vollst\u00e4ndige \u00dcbersicht \u00fcber den Deutschland SpinBetter-Anmeldevorgang: alle SpinBetter-Anmeldemethoden, Tipps und Kontowiederherstellung!","robots":{"index":"index","follow":"follow","max-snippet":"max-snippet:-1","max-image-preview":"max-image-preview:large","max-video-preview":"max-video-preview:-1"},"og_locale":"de_DE","og_type":"article","og_title":"SpinBetter Deutschland Login > \u00dcbersicht der Login-Methoden","og_description":"Lesen Sie die vollst\u00e4ndige \u00dcbersicht \u00fcber den Deutschland SpinBetter-Anmeldevorgang: alle SpinBetter-Anmeldemethoden, Tipps und Kontowiederherstellung!","og_url":"https:\/\/spinbetter.space\/de\/login\/","og_site_name":"spinbetter team de","article_modified_time":"2025-06-18T12:44:35+00:00","twitter_card":"summary_large_image","schema":{"@context":"https:\/\/schema.org","@graph":[{"@type":"WebPage","@id":"https:\/\/spinbetter.space\/de\/login\/","url":"https:\/\/spinbetter.space\/de\/login\/","name":"SpinBetter Deutschland Login > \u00dcbersicht der Login-Methoden","isPartOf":{"@id":"https:\/\/spinbetter.space\/de\/#website"},"datePublished":"2024-09-19T08:40:42+00:00","dateModified":"2025-06-18T12:44:35+00:00","description":"Lesen Sie die vollst\u00e4ndige \u00dcbersicht \u00fcber den Deutschland SpinBetter-Anmeldevorgang: alle SpinBetter-Anmeldemethoden, Tipps und Kontowiederherstellung!","breadcrumb":{"@id":"https:\/\/spinbetter.space\/de\/login\/#breadcrumb"},"inLanguage":"de","potentialAction":[{"@type":"ReadAction","target":["https:\/\/spinbetter.space\/de\/login\/"]}]},{"@type":"BreadcrumbList","@id":"https:\/\/spinbetter.space\/de\/login\/#breadcrumb","itemListElement":[{"@type":"ListItem","position":1,"name":"\u0413\u043b\u0430\u0432\u043d\u0430\u044f \u0441\u0442\u0440\u0430\u043d\u0438\u0446\u0430","item":"https:\/\/spinbetter.space\/de\/"},{"@type":"ListItem","position":2,"name":"Login"}]},{"@type":"WebSite","@id":"https:\/\/spinbetter.space\/de\/#website","url":"https:\/\/spinbetter.space\/de\/","name":"spinbetter team de","description":"My WordPress Blog","potentialAction":[{"@type":"SearchAction","target":{"@type":"EntryPoint","urlTemplate":"https:\/\/spinbetter.space\/de\/?s={search_term_string}"},"query-input":{"@type":"PropertyValueSpecification","valueRequired":true,"valueName":"search_term_string"}}],"inLanguage":"de"}]}},"_links":{"self":[{"href":"https:\/\/spinbetter.space\/de\/wp-json\/wp\/v2\/pages\/214","targetHints":{"allow":["GET"]}}],"collection":[{"href":"https:\/\/spinbetter.space\/de\/wp-json\/wp\/v2\/pages"}],"about":[{"href":"https:\/\/spinbetter.space\/de\/wp-json\/wp\/v2\/types\/page"}],"author":[{"embeddable":true,"href":"https:\/\/spinbetter.space\/de\/wp-json\/wp\/v2\/users\/1"}],"replies":[{"embeddable":true,"href":"https:\/\/spinbetter.space\/de\/wp-json\/wp\/v2\/comments?post=214"}],"version-history":[{"count":13,"href":"https:\/\/spinbetter.space\/de\/wp-json\/wp\/v2\/pages\/214\/revisions"}],"predecessor-version":[{"id":546,"href":"https:\/\/spinbetter.space\/de\/wp-json\/wp\/v2\/pages\/214\/revisions\/546"}],"wp:attachment":[{"href":"https:\/\/spinbetter.space\/de\/wp-json\/wp\/v2\/media?parent=214"}],"curies":[{"name":"wp","href":"https:\/\/api.w.org\/{rel}","templated":true}]}}