{"id":589,"date":"2025-08-12T10:22:06","date_gmt":"2025-08-12T10:22:06","guid":{"rendered":"https:\/\/spinbetter.space\/da\/?page_id=589"},"modified":"2025-08-12T10:22:18","modified_gmt":"2025-08-12T10:22:18","slug":"20-cashback","status":"publish","type":"page","link":"https:\/\/spinbetter.space\/da\/bonuses\/20-cashback\/","title":{"rendered":"F\u00e5 op til 20% cashback"},"content":{"rendered":"","protected":false},"excerpt":{"rendered":"","protected":false},"author":1,"featured_media":0,"parent":152,"menu_order":0,"comment_status":"closed","ping_status":"closed","template":"","meta":{"footnotes":""},"class_list":["post-589","page","type-page","status-publish","hentry"],"yoast_head":"<!-- This site is optimized with the Yoast SEO plugin v23.5 - https:\/\/yoast.com\/wordpress\/plugins\/seo\/ -->\n<title>SpinBetter &gt; Op til 20% cashback p\u00e5 fodboldv\u00e6ddem\u00e5l<\/title>\n<meta name=\"description\" content=\"Deltag i SpinBetter-kampagnen: f\u00e5 op til 20% tilbage af bel\u00f8bet for dine fodboldv\u00e6ddem\u00e5l hver uge. Fra 4. august til 5. oktober 2025. Tilg\u00e6ngelig p\u00e5 alle enheder.\" \/>\n<meta name=\"robots\" content=\"index, follow, max-snippet:-1, max-image-preview:large, max-video-preview:-1\" \/>\n<meta property=\"og:locale\" content=\"da_DK\" \/>\n<meta property=\"og:type\" content=\"article\" \/>\n<meta property=\"og:title\" content=\"SpinBetter &gt; Op til 20% cashback p\u00e5 fodboldv\u00e6ddem\u00e5l\" \/>\n<meta property=\"og:description\" content=\"Deltag i SpinBetter-kampagnen: f\u00e5 op til 20% tilbage af bel\u00f8bet for dine fodboldv\u00e6ddem\u00e5l hver uge. Fra 4. august til 5. oktober 2025. Tilg\u00e6ngelig p\u00e5 alle enheder.\" \/>\n<meta property=\"og:url\" content=\"https:\/\/spinbetter.space\/da\/bonuses\/20-cashback\/\" \/>\n<meta property=\"og:site_name\" content=\"spinbetter team da\" \/>\n<meta property=\"article:modified_time\" content=\"2025-08-12T10:22:18+00:00\" \/>\n<meta name=\"twitter:card\" content=\"summary_large_image\" \/>\n<script type=\"application\/ld+json\" class=\"yoast-schema-graph\">{\"@context\":\"https:\/\/schema.org\",\"@graph\":[{\"@type\":\"WebPage\",\"@id\":\"https:\/\/spinbetter.space\/da\/bonuses\/20-cashback\/\",\"url\":\"https:\/\/spinbetter.space\/da\/bonuses\/20-cashback\/\",\"name\":\"SpinBetter > Op til 20% cashback p\u00e5 fodboldv\u00e6ddem\u00e5l\",\"isPartOf\":{\"@id\":\"https:\/\/spinbetter.space\/da\/#website\"},\"datePublished\":\"2025-08-12T10:22:06+00:00\",\"dateModified\":\"2025-08-12T10:22:18+00:00\",\"description\":\"Deltag i SpinBetter-kampagnen: f\u00e5 op til 20% tilbage af bel\u00f8bet for dine fodboldv\u00e6ddem\u00e5l hver uge. Fra 4. august til 5. oktober 2025. Tilg\u00e6ngelig p\u00e5 alle enheder.\",\"breadcrumb\":{\"@id\":\"https:\/\/spinbetter.space\/da\/bonuses\/20-cashback\/#breadcrumb\"},\"inLanguage\":\"da-DK\",\"potentialAction\":[{\"@type\":\"ReadAction\",\"target\":[\"https:\/\/spinbetter.space\/da\/bonuses\/20-cashback\/\"]}]},{\"@type\":\"BreadcrumbList\",\"@id\":\"https:\/\/spinbetter.space\/da\/bonuses\/20-cashback\/#breadcrumb\",\"itemListElement\":[{\"@type\":\"ListItem\",\"position\":1,\"name\":\"\u0413\u043b\u0430\u0432\u043d\u0430\u044f \u0441\u0442\u0440\u0430\u043d\u0438\u0446\u0430\",\"item\":\"https:\/\/spinbetter.space\/da\/\"},{\"@type\":\"ListItem\",\"position\":2,\"name\":\"Bonusser\",\"item\":\"https:\/\/spinbetter.space\/da\/bonuses\/\"},{\"@type\":\"ListItem\",\"position\":3,\"name\":\"F\u00e5 op til 20% cashback\"}]},{\"@type\":\"WebSite\",\"@id\":\"https:\/\/spinbetter.space\/da\/#website\",\"url\":\"https:\/\/spinbetter.space\/da\/\",\"name\":\"spinbetter team da\",\"description\":\"My WordPress Blog\",\"potentialAction\":[{\"@type\":\"SearchAction\",\"target\":{\"@type\":\"EntryPoint\",\"urlTemplate\":\"https:\/\/spinbetter.space\/da\/?s={search_term_string}\"},\"query-input\":{\"@type\":\"PropertyValueSpecification\",\"valueRequired\":true,\"valueName\":\"search_term_string\"}}],\"inLanguage\":\"da-DK\"}]}<\/script>\n<!-- \/ Yoast SEO plugin. -->","yoast_head_json":{"title":"SpinBetter > Op til 20% cashback p\u00e5 fodboldv\u00e6ddem\u00e5l","description":"Deltag i SpinBetter-kampagnen: f\u00e5 op til 20% tilbage af bel\u00f8bet for dine fodboldv\u00e6ddem\u00e5l hver uge. Fra 4. august til 5. oktober 2025. Tilg\u00e6ngelig p\u00e5 alle enheder.","robots":{"index":"index","follow":"follow","max-snippet":"max-snippet:-1","max-image-preview":"max-image-preview:large","max-video-preview":"max-video-preview:-1"},"og_locale":"da_DK","og_type":"article","og_title":"SpinBetter > Op til 20% cashback p\u00e5 fodboldv\u00e6ddem\u00e5l","og_description":"Deltag i SpinBetter-kampagnen: f\u00e5 op til 20% tilbage af bel\u00f8bet for dine fodboldv\u00e6ddem\u00e5l hver uge. Fra 4. august til 5. oktober 2025. Tilg\u00e6ngelig p\u00e5 alle enheder.","og_url":"https:\/\/spinbetter.space\/da\/bonuses\/20-cashback\/","og_site_name":"spinbetter team da","article_modified_time":"2025-08-12T10:22:18+00:00","twitter_card":"summary_large_image","schema":{"@context":"https:\/\/schema.org","@graph":[{"@type":"WebPage","@id":"https:\/\/spinbetter.space\/da\/bonuses\/20-cashback\/","url":"https:\/\/spinbetter.space\/da\/bonuses\/20-cashback\/","name":"SpinBetter > Op til 20% cashback p\u00e5 fodboldv\u00e6ddem\u00e5l","isPartOf":{"@id":"https:\/\/spinbetter.space\/da\/#website"},"datePublished":"2025-08-12T10:22:06+00:00","dateModified":"2025-08-12T10:22:18+00:00","description":"Deltag i SpinBetter-kampagnen: f\u00e5 op til 20% tilbage af bel\u00f8bet for dine fodboldv\u00e6ddem\u00e5l hver uge. Fra 4. august til 5. oktober 2025. Tilg\u00e6ngelig p\u00e5 alle enheder.","breadcrumb":{"@id":"https:\/\/spinbetter.space\/da\/bonuses\/20-cashback\/#breadcrumb"},"inLanguage":"da-DK","potentialAction":[{"@type":"ReadAction","target":["https:\/\/spinbetter.space\/da\/bonuses\/20-cashback\/"]}]},{"@type":"BreadcrumbList","@id":"https:\/\/spinbetter.space\/da\/bonuses\/20-cashback\/#breadcrumb","itemListElement":[{"@type":"ListItem","position":1,"name":"\u0413\u043b\u0430\u0432\u043d\u0430\u044f \u0441\u0442\u0440\u0430\u043d\u0438\u0446\u0430","item":"https:\/\/spinbetter.space\/da\/"},{"@type":"ListItem","position":2,"name":"Bonusser","item":"https:\/\/spinbetter.space\/da\/bonuses\/"},{"@type":"ListItem","position":3,"name":"F\u00e5 op til 20% cashback"}]},{"@type":"WebSite","@id":"https:\/\/spinbetter.space\/da\/#website","url":"https:\/\/spinbetter.space\/da\/","name":"spinbetter team da","description":"My WordPress Blog","potentialAction":[{"@type":"SearchAction","target":{"@type":"EntryPoint","urlTemplate":"https:\/\/spinbetter.space\/da\/?s={search_term_string}"},"query-input":{"@type":"PropertyValueSpecification","valueRequired":true,"valueName":"search_term_string"}}],"inLanguage":"da-DK"}]}},"_links":{"self":[{"href":"https:\/\/spinbetter.space\/da\/wp-json\/wp\/v2\/pages\/589","targetHints":{"allow":["GET"]}}],"collection":[{"href":"https:\/\/spinbetter.space\/da\/wp-json\/wp\/v2\/pages"}],"about":[{"href":"https:\/\/spinbetter.space\/da\/wp-json\/wp\/v2\/types\/page"}],"author":[{"embeddable":true,"href":"https:\/\/spinbetter.space\/da\/wp-json\/wp\/v2\/users\/1"}],"replies":[{"embeddable":true,"href":"https:\/\/spinbetter.space\/da\/wp-json\/wp\/v2\/comments?post=589"}],"version-history":[{"count":1,"href":"https:\/\/spinbetter.space\/da\/wp-json\/wp\/v2\/pages\/589\/revisions"}],"predecessor-version":[{"id":590,"href":"https:\/\/spinbetter.space\/da\/wp-json\/wp\/v2\/pages\/589\/revisions\/590"}],"up":[{"embeddable":true,"href":"https:\/\/spinbetter.space\/da\/wp-json\/wp\/v2\/pages\/152"}],"wp:attachment":[{"href":"https:\/\/spinbetter.space\/da\/wp-json\/wp\/v2\/media?parent=589"}],"curies":[{"name":"wp","href":"https:\/\/api.w.org\/{rel}","templated":true}]}}