{"id":574,"date":"2025-06-24T08:54:14","date_gmt":"2025-06-24T08:54:14","guid":{"rendered":"https:\/\/spinbetter.space\/da\/?page_id=574"},"modified":"2025-06-24T08:54:14","modified_gmt":"2025-06-24T08:54:14","slug":"app-freebet","status":"publish","type":"page","link":"https:\/\/spinbetter.space\/da\/bonuses\/app-freebet\/","title":{"rendered":"App Freebet"},"content":{"rendered":"","protected":false},"excerpt":{"rendered":"","protected":false},"author":1,"featured_media":0,"parent":152,"menu_order":0,"comment_status":"closed","ping_status":"closed","template":"","meta":{"footnotes":""},"class_list":["post-574","page","type-page","status-publish","hentry"],"yoast_head":"<!-- This site is optimized with the Yoast SEO plugin v23.5 - https:\/\/yoast.com\/wordpress\/plugins\/seo\/ -->\n<title>Spil i SpinBetter-appen &gt; F\u00e5 Freebet til aktivitet<\/title>\n<meta name=\"description\" content=\"Placer 10 indsatser i SpinBetter mobilappen og f\u00e5 et gratis v\u00e6ddem\u00e5l p\u00e5 op til 10 EUR. Kun for aktive Line- og Live-spillere - spil og f\u00e5 bonussen!\" \/>\n<meta name=\"robots\" content=\"index, follow, max-snippet:-1, max-image-preview:large, max-video-preview:-1\" \/>\n<meta property=\"og:locale\" content=\"da_DK\" \/>\n<meta property=\"og:type\" content=\"article\" \/>\n<meta property=\"og:title\" content=\"Spil i SpinBetter-appen &gt; F\u00e5 Freebet til aktivitet\" \/>\n<meta property=\"og:description\" content=\"Placer 10 indsatser i SpinBetter mobilappen og f\u00e5 et gratis v\u00e6ddem\u00e5l p\u00e5 op til 10 EUR. Kun for aktive Line- og Live-spillere - spil og f\u00e5 bonussen!\" \/>\n<meta property=\"og:url\" content=\"https:\/\/spinbetter.space\/da\/bonuses\/app-freebet\/\" \/>\n<meta property=\"og:site_name\" content=\"spinbetter team da\" \/>\n<meta name=\"twitter:card\" content=\"summary_large_image\" \/>\n<script type=\"application\/ld+json\" class=\"yoast-schema-graph\">{\"@context\":\"https:\/\/schema.org\",\"@graph\":[{\"@type\":\"WebPage\",\"@id\":\"https:\/\/spinbetter.space\/da\/bonuses\/app-freebet\/\",\"url\":\"https:\/\/spinbetter.space\/da\/bonuses\/app-freebet\/\",\"name\":\"Spil i SpinBetter-appen > F\u00e5 Freebet til aktivitet\",\"isPartOf\":{\"@id\":\"https:\/\/spinbetter.space\/da\/#website\"},\"datePublished\":\"2025-06-24T08:54:14+00:00\",\"dateModified\":\"2025-06-24T08:54:14+00:00\",\"description\":\"Placer 10 indsatser i SpinBetter mobilappen og f\u00e5 et gratis v\u00e6ddem\u00e5l p\u00e5 op til 10 EUR. Kun for aktive Line- og Live-spillere - spil og f\u00e5 bonussen!\",\"breadcrumb\":{\"@id\":\"https:\/\/spinbetter.space\/da\/bonuses\/app-freebet\/#breadcrumb\"},\"inLanguage\":\"da-DK\",\"potentialAction\":[{\"@type\":\"ReadAction\",\"target\":[\"https:\/\/spinbetter.space\/da\/bonuses\/app-freebet\/\"]}]},{\"@type\":\"BreadcrumbList\",\"@id\":\"https:\/\/spinbetter.space\/da\/bonuses\/app-freebet\/#breadcrumb\",\"itemListElement\":[{\"@type\":\"ListItem\",\"position\":1,\"name\":\"\u0413\u043b\u0430\u0432\u043d\u0430\u044f \u0441\u0442\u0440\u0430\u043d\u0438\u0446\u0430\",\"item\":\"https:\/\/spinbetter.space\/da\/\"},{\"@type\":\"ListItem\",\"position\":2,\"name\":\"Bonusser\",\"item\":\"https:\/\/spinbetter.space\/da\/bonuses\/\"},{\"@type\":\"ListItem\",\"position\":3,\"name\":\"App Freebet\"}]},{\"@type\":\"WebSite\",\"@id\":\"https:\/\/spinbetter.space\/da\/#website\",\"url\":\"https:\/\/spinbetter.space\/da\/\",\"name\":\"spinbetter team da\",\"description\":\"My WordPress Blog\",\"potentialAction\":[{\"@type\":\"SearchAction\",\"target\":{\"@type\":\"EntryPoint\",\"urlTemplate\":\"https:\/\/spinbetter.space\/da\/?s={search_term_string}\"},\"query-input\":{\"@type\":\"PropertyValueSpecification\",\"valueRequired\":true,\"valueName\":\"search_term_string\"}}],\"inLanguage\":\"da-DK\"}]}<\/script>\n<!-- \/ Yoast SEO plugin. -->","yoast_head_json":{"title":"Spil i SpinBetter-appen > F\u00e5 Freebet til aktivitet","description":"Placer 10 indsatser i SpinBetter mobilappen og f\u00e5 et gratis v\u00e6ddem\u00e5l p\u00e5 op til 10 EUR. Kun for aktive Line- og Live-spillere - spil og f\u00e5 bonussen!","robots":{"index":"index","follow":"follow","max-snippet":"max-snippet:-1","max-image-preview":"max-image-preview:large","max-video-preview":"max-video-preview:-1"},"og_locale":"da_DK","og_type":"article","og_title":"Spil i SpinBetter-appen > F\u00e5 Freebet til aktivitet","og_description":"Placer 10 indsatser i SpinBetter mobilappen og f\u00e5 et gratis v\u00e6ddem\u00e5l p\u00e5 op til 10 EUR. Kun for aktive Line- og Live-spillere - spil og f\u00e5 bonussen!","og_url":"https:\/\/spinbetter.space\/da\/bonuses\/app-freebet\/","og_site_name":"spinbetter team da","twitter_card":"summary_large_image","schema":{"@context":"https:\/\/schema.org","@graph":[{"@type":"WebPage","@id":"https:\/\/spinbetter.space\/da\/bonuses\/app-freebet\/","url":"https:\/\/spinbetter.space\/da\/bonuses\/app-freebet\/","name":"Spil i SpinBetter-appen > F\u00e5 Freebet til aktivitet","isPartOf":{"@id":"https:\/\/spinbetter.space\/da\/#website"},"datePublished":"2025-06-24T08:54:14+00:00","dateModified":"2025-06-24T08:54:14+00:00","description":"Placer 10 indsatser i SpinBetter mobilappen og f\u00e5 et gratis v\u00e6ddem\u00e5l p\u00e5 op til 10 EUR. Kun for aktive Line- og Live-spillere - spil og f\u00e5 bonussen!","breadcrumb":{"@id":"https:\/\/spinbetter.space\/da\/bonuses\/app-freebet\/#breadcrumb"},"inLanguage":"da-DK","potentialAction":[{"@type":"ReadAction","target":["https:\/\/spinbetter.space\/da\/bonuses\/app-freebet\/"]}]},{"@type":"BreadcrumbList","@id":"https:\/\/spinbetter.space\/da\/bonuses\/app-freebet\/#breadcrumb","itemListElement":[{"@type":"ListItem","position":1,"name":"\u0413\u043b\u0430\u0432\u043d\u0430\u044f \u0441\u0442\u0440\u0430\u043d\u0438\u0446\u0430","item":"https:\/\/spinbetter.space\/da\/"},{"@type":"ListItem","position":2,"name":"Bonusser","item":"https:\/\/spinbetter.space\/da\/bonuses\/"},{"@type":"ListItem","position":3,"name":"App Freebet"}]},{"@type":"WebSite","@id":"https:\/\/spinbetter.space\/da\/#website","url":"https:\/\/spinbetter.space\/da\/","name":"spinbetter team da","description":"My WordPress Blog","potentialAction":[{"@type":"SearchAction","target":{"@type":"EntryPoint","urlTemplate":"https:\/\/spinbetter.space\/da\/?s={search_term_string}"},"query-input":{"@type":"PropertyValueSpecification","valueRequired":true,"valueName":"search_term_string"}}],"inLanguage":"da-DK"}]}},"_links":{"self":[{"href":"https:\/\/spinbetter.space\/da\/wp-json\/wp\/v2\/pages\/574","targetHints":{"allow":["GET"]}}],"collection":[{"href":"https:\/\/spinbetter.space\/da\/wp-json\/wp\/v2\/pages"}],"about":[{"href":"https:\/\/spinbetter.space\/da\/wp-json\/wp\/v2\/types\/page"}],"author":[{"embeddable":true,"href":"https:\/\/spinbetter.space\/da\/wp-json\/wp\/v2\/users\/1"}],"replies":[{"embeddable":true,"href":"https:\/\/spinbetter.space\/da\/wp-json\/wp\/v2\/comments?post=574"}],"version-history":[{"count":1,"href":"https:\/\/spinbetter.space\/da\/wp-json\/wp\/v2\/pages\/574\/revisions"}],"predecessor-version":[{"id":575,"href":"https:\/\/spinbetter.space\/da\/wp-json\/wp\/v2\/pages\/574\/revisions\/575"}],"up":[{"embeddable":true,"href":"https:\/\/spinbetter.space\/da\/wp-json\/wp\/v2\/pages\/152"}],"wp:attachment":[{"href":"https:\/\/spinbetter.space\/da\/wp-json\/wp\/v2\/media?parent=574"}],"curies":[{"name":"wp","href":"https:\/\/api.w.org\/{rel}","templated":true}]}}