{"id":578,"date":"2025-07-09T13:08:00","date_gmt":"2025-07-09T13:08:00","guid":{"rendered":"https:\/\/spinbetter.space\/cz\/?page_id=578"},"modified":"2025-07-09T13:08:07","modified_gmt":"2025-07-09T13:08:07","slug":"spinbetter-vip-program","status":"publish","type":"page","link":"https:\/\/spinbetter.space\/cz\/bonuses\/spinbetter-vip-program\/","title":{"rendered":"VIP program SpinBetter"},"content":{"rendered":"","protected":false},"excerpt":{"rendered":"","protected":false},"author":1,"featured_media":0,"parent":152,"menu_order":0,"comment_status":"closed","ping_status":"closed","template":"","meta":{"footnotes":""},"class_list":["post-578","page","type-page","status-publish","hentry"],"yoast_head":"<!-- This site is optimized with the Yoast SEO plugin v23.5 - https:\/\/yoast.com\/wordpress\/plugins\/seo\/ -->\n<title>VIP program SpinBetter \u1405 P\u0159ipojte se a z\u00edskejte v\u00edce<\/title>\n<meta name=\"description\" content=\"P\u0159ipojte se k v\u011brnostn\u00edmu programu SpinBetter. Zvy\u0161te si \u00farove\u0148, z\u00edskejte v\u00edce cashbacku a otev\u0159ete si p\u0159\u00edstup k exkluzivn\u00edm akc\u00edm a VIP bonus\u016fm!\" \/>\n<meta name=\"robots\" content=\"index, follow, max-snippet:-1, max-image-preview:large, max-video-preview:-1\" \/>\n<meta property=\"og:locale\" content=\"cs_CZ\" \/>\n<meta property=\"og:type\" content=\"article\" \/>\n<meta property=\"og:title\" content=\"VIP program SpinBetter \u1405 P\u0159ipojte se a z\u00edskejte v\u00edce\" \/>\n<meta property=\"og:description\" content=\"P\u0159ipojte se k v\u011brnostn\u00edmu programu SpinBetter. Zvy\u0161te si \u00farove\u0148, z\u00edskejte v\u00edce cashbacku a otev\u0159ete si p\u0159\u00edstup k exkluzivn\u00edm akc\u00edm a VIP bonus\u016fm!\" \/>\n<meta property=\"og:url\" content=\"https:\/\/spinbetter.space\/cz\/bonuses\/spinbetter-vip-program\/\" \/>\n<meta property=\"og:site_name\" content=\"spinbetter team cz\" \/>\n<meta property=\"article:modified_time\" content=\"2025-07-09T13:08:07+00:00\" \/>\n<meta name=\"twitter:card\" content=\"summary_large_image\" \/>\n<script type=\"application\/ld+json\" class=\"yoast-schema-graph\">{\"@context\":\"https:\/\/schema.org\",\"@graph\":[{\"@type\":\"WebPage\",\"@id\":\"https:\/\/spinbetter.space\/cz\/bonuses\/spinbetter-vip-program\/\",\"url\":\"https:\/\/spinbetter.space\/cz\/bonuses\/spinbetter-vip-program\/\",\"name\":\"VIP program SpinBetter \u1405 P\u0159ipojte se a z\u00edskejte v\u00edce\",\"isPartOf\":{\"@id\":\"https:\/\/spinbetter.space\/cz\/#website\"},\"datePublished\":\"2025-07-09T13:08:00+00:00\",\"dateModified\":\"2025-07-09T13:08:07+00:00\",\"description\":\"P\u0159ipojte se k v\u011brnostn\u00edmu programu SpinBetter. Zvy\u0161te si \u00farove\u0148, z\u00edskejte v\u00edce cashbacku a otev\u0159ete si p\u0159\u00edstup k exkluzivn\u00edm akc\u00edm a VIP bonus\u016fm!\",\"breadcrumb\":{\"@id\":\"https:\/\/spinbetter.space\/cz\/bonuses\/spinbetter-vip-program\/#breadcrumb\"},\"inLanguage\":\"cs\",\"potentialAction\":[{\"@type\":\"ReadAction\",\"target\":[\"https:\/\/spinbetter.space\/cz\/bonuses\/spinbetter-vip-program\/\"]}]},{\"@type\":\"BreadcrumbList\",\"@id\":\"https:\/\/spinbetter.space\/cz\/bonuses\/spinbetter-vip-program\/#breadcrumb\",\"itemListElement\":[{\"@type\":\"ListItem\",\"position\":1,\"name\":\"\u0413\u043b\u0430\u0432\u043d\u0430\u044f \u0441\u0442\u0440\u0430\u043d\u0438\u0446\u0430\",\"item\":\"https:\/\/spinbetter.space\/cz\/\"},{\"@type\":\"ListItem\",\"position\":2,\"name\":\"Bonusy\",\"item\":\"https:\/\/spinbetter.space\/cz\/bonuses\/\"},{\"@type\":\"ListItem\",\"position\":3,\"name\":\"VIP program SpinBetter\"}]},{\"@type\":\"WebSite\",\"@id\":\"https:\/\/spinbetter.space\/cz\/#website\",\"url\":\"https:\/\/spinbetter.space\/cz\/\",\"name\":\"spinbetter team cz\",\"description\":\"My WordPress Blog\",\"potentialAction\":[{\"@type\":\"SearchAction\",\"target\":{\"@type\":\"EntryPoint\",\"urlTemplate\":\"https:\/\/spinbetter.space\/cz\/?s={search_term_string}\"},\"query-input\":{\"@type\":\"PropertyValueSpecification\",\"valueRequired\":true,\"valueName\":\"search_term_string\"}}],\"inLanguage\":\"cs\"}]}<\/script>\n<!-- \/ Yoast SEO plugin. -->","yoast_head_json":{"title":"VIP program SpinBetter \u1405 P\u0159ipojte se a z\u00edskejte v\u00edce","description":"P\u0159ipojte se k v\u011brnostn\u00edmu programu SpinBetter. Zvy\u0161te si \u00farove\u0148, z\u00edskejte v\u00edce cashbacku a otev\u0159ete si p\u0159\u00edstup k exkluzivn\u00edm akc\u00edm a VIP bonus\u016fm!","robots":{"index":"index","follow":"follow","max-snippet":"max-snippet:-1","max-image-preview":"max-image-preview:large","max-video-preview":"max-video-preview:-1"},"og_locale":"cs_CZ","og_type":"article","og_title":"VIP program SpinBetter \u1405 P\u0159ipojte se a z\u00edskejte v\u00edce","og_description":"P\u0159ipojte se k v\u011brnostn\u00edmu programu SpinBetter. Zvy\u0161te si \u00farove\u0148, z\u00edskejte v\u00edce cashbacku a otev\u0159ete si p\u0159\u00edstup k exkluzivn\u00edm akc\u00edm a VIP bonus\u016fm!","og_url":"https:\/\/spinbetter.space\/cz\/bonuses\/spinbetter-vip-program\/","og_site_name":"spinbetter team cz","article_modified_time":"2025-07-09T13:08:07+00:00","twitter_card":"summary_large_image","schema":{"@context":"https:\/\/schema.org","@graph":[{"@type":"WebPage","@id":"https:\/\/spinbetter.space\/cz\/bonuses\/spinbetter-vip-program\/","url":"https:\/\/spinbetter.space\/cz\/bonuses\/spinbetter-vip-program\/","name":"VIP program SpinBetter \u1405 P\u0159ipojte se a z\u00edskejte v\u00edce","isPartOf":{"@id":"https:\/\/spinbetter.space\/cz\/#website"},"datePublished":"2025-07-09T13:08:00+00:00","dateModified":"2025-07-09T13:08:07+00:00","description":"P\u0159ipojte se k v\u011brnostn\u00edmu programu SpinBetter. Zvy\u0161te si \u00farove\u0148, z\u00edskejte v\u00edce cashbacku a otev\u0159ete si p\u0159\u00edstup k exkluzivn\u00edm akc\u00edm a VIP bonus\u016fm!","breadcrumb":{"@id":"https:\/\/spinbetter.space\/cz\/bonuses\/spinbetter-vip-program\/#breadcrumb"},"inLanguage":"cs","potentialAction":[{"@type":"ReadAction","target":["https:\/\/spinbetter.space\/cz\/bonuses\/spinbetter-vip-program\/"]}]},{"@type":"BreadcrumbList","@id":"https:\/\/spinbetter.space\/cz\/bonuses\/spinbetter-vip-program\/#breadcrumb","itemListElement":[{"@type":"ListItem","position":1,"name":"\u0413\u043b\u0430\u0432\u043d\u0430\u044f \u0441\u0442\u0440\u0430\u043d\u0438\u0446\u0430","item":"https:\/\/spinbetter.space\/cz\/"},{"@type":"ListItem","position":2,"name":"Bonusy","item":"https:\/\/spinbetter.space\/cz\/bonuses\/"},{"@type":"ListItem","position":3,"name":"VIP program SpinBetter"}]},{"@type":"WebSite","@id":"https:\/\/spinbetter.space\/cz\/#website","url":"https:\/\/spinbetter.space\/cz\/","name":"spinbetter team cz","description":"My WordPress Blog","potentialAction":[{"@type":"SearchAction","target":{"@type":"EntryPoint","urlTemplate":"https:\/\/spinbetter.space\/cz\/?s={search_term_string}"},"query-input":{"@type":"PropertyValueSpecification","valueRequired":true,"valueName":"search_term_string"}}],"inLanguage":"cs"}]}},"_links":{"self":[{"href":"https:\/\/spinbetter.space\/cz\/wp-json\/wp\/v2\/pages\/578","targetHints":{"allow":["GET"]}}],"collection":[{"href":"https:\/\/spinbetter.space\/cz\/wp-json\/wp\/v2\/pages"}],"about":[{"href":"https:\/\/spinbetter.space\/cz\/wp-json\/wp\/v2\/types\/page"}],"author":[{"embeddable":true,"href":"https:\/\/spinbetter.space\/cz\/wp-json\/wp\/v2\/users\/1"}],"replies":[{"embeddable":true,"href":"https:\/\/spinbetter.space\/cz\/wp-json\/wp\/v2\/comments?post=578"}],"version-history":[{"count":1,"href":"https:\/\/spinbetter.space\/cz\/wp-json\/wp\/v2\/pages\/578\/revisions"}],"predecessor-version":[{"id":579,"href":"https:\/\/spinbetter.space\/cz\/wp-json\/wp\/v2\/pages\/578\/revisions\/579"}],"up":[{"embeddable":true,"href":"https:\/\/spinbetter.space\/cz\/wp-json\/wp\/v2\/pages\/152"}],"wp:attachment":[{"href":"https:\/\/spinbetter.space\/cz\/wp-json\/wp\/v2\/media?parent=578"}],"curies":[{"name":"wp","href":"https:\/\/api.w.org\/{rel}","templated":true}]}}