{"id":559,"date":"2025-06-04T13:18:23","date_gmt":"2025-06-04T13:18:23","guid":{"rendered":"https:\/\/spinbetter.space\/cz\/?page_id=559"},"modified":"2025-06-04T13:19:24","modified_gmt":"2025-06-04T13:19:24","slug":"first-deposit","status":"publish","type":"page","link":"https:\/\/spinbetter.space\/cz\/bonuses\/first-deposit\/","title":{"rendered":"First deposit"},"content":{"rendered":"","protected":false},"excerpt":{"rendered":"","protected":false},"author":1,"featured_media":0,"parent":152,"menu_order":0,"comment_status":"closed","ping_status":"closed","template":"","meta":{"footnotes":""},"class_list":["post-559","page","type-page","status-publish","hentry"],"yoast_head":"<!-- This site is optimized with the Yoast SEO plugin v23.5 - https:\/\/yoast.com\/wordpress\/plugins\/seo\/ -->\n<title>SpinBetter 100% bonus na prvn\u00ed vklad &gt; dohnat a\u017e 2 500 CZK<\/title>\n<meta name=\"description\" content=\"Zaregistrujte se v kasinu SpinBetter a z\u00edskejte 100% bonus a\u017e do v\u00fd\u0161e 2 500 CZK za prvn\u00ed vklad. Hra za\u010d\u00edn\u00e1 s dvojn\u00e1sobnou silou!\" \/>\n<meta name=\"robots\" content=\"index, follow, max-snippet:-1, max-image-preview:large, max-video-preview:-1\" \/>\n<meta property=\"og:locale\" content=\"cs_CZ\" \/>\n<meta property=\"og:type\" content=\"article\" \/>\n<meta property=\"og:title\" content=\"SpinBetter 100% bonus na prvn\u00ed vklad &gt; dohnat a\u017e 2 500 CZK\" \/>\n<meta property=\"og:description\" content=\"Zaregistrujte se v kasinu SpinBetter a z\u00edskejte 100% bonus a\u017e do v\u00fd\u0161e 2 500 CZK za prvn\u00ed vklad. Hra za\u010d\u00edn\u00e1 s dvojn\u00e1sobnou silou!\" \/>\n<meta property=\"og:url\" content=\"https:\/\/spinbetter.space\/cz\/bonuses\/first-deposit\/\" \/>\n<meta property=\"og:site_name\" content=\"spinbetter team cz\" \/>\n<meta property=\"article:modified_time\" content=\"2025-06-04T13:19:24+00:00\" \/>\n<meta name=\"twitter:card\" content=\"summary_large_image\" \/>\n<script type=\"application\/ld+json\" class=\"yoast-schema-graph\">{\"@context\":\"https:\/\/schema.org\",\"@graph\":[{\"@type\":\"WebPage\",\"@id\":\"https:\/\/spinbetter.space\/cz\/bonuses\/first-deposit\/\",\"url\":\"https:\/\/spinbetter.space\/cz\/bonuses\/first-deposit\/\",\"name\":\"SpinBetter 100% bonus na prvn\u00ed vklad > dohnat a\u017e 2 500 CZK\",\"isPartOf\":{\"@id\":\"https:\/\/spinbetter.space\/cz\/#website\"},\"datePublished\":\"2025-06-04T13:18:23+00:00\",\"dateModified\":\"2025-06-04T13:19:24+00:00\",\"description\":\"Zaregistrujte se v kasinu SpinBetter a z\u00edskejte 100% bonus a\u017e do v\u00fd\u0161e 2 500 CZK za prvn\u00ed vklad. Hra za\u010d\u00edn\u00e1 s dvojn\u00e1sobnou silou!\",\"breadcrumb\":{\"@id\":\"https:\/\/spinbetter.space\/cz\/bonuses\/first-deposit\/#breadcrumb\"},\"inLanguage\":\"cs\",\"potentialAction\":[{\"@type\":\"ReadAction\",\"target\":[\"https:\/\/spinbetter.space\/cz\/bonuses\/first-deposit\/\"]}]},{\"@type\":\"BreadcrumbList\",\"@id\":\"https:\/\/spinbetter.space\/cz\/bonuses\/first-deposit\/#breadcrumb\",\"itemListElement\":[{\"@type\":\"ListItem\",\"position\":1,\"name\":\"\u0413\u043b\u0430\u0432\u043d\u0430\u044f \u0441\u0442\u0440\u0430\u043d\u0438\u0446\u0430\",\"item\":\"https:\/\/spinbetter.space\/cz\/\"},{\"@type\":\"ListItem\",\"position\":2,\"name\":\"Bonusy\",\"item\":\"https:\/\/spinbetter.space\/cz\/bonuses\/\"},{\"@type\":\"ListItem\",\"position\":3,\"name\":\"First deposit\"}]},{\"@type\":\"WebSite\",\"@id\":\"https:\/\/spinbetter.space\/cz\/#website\",\"url\":\"https:\/\/spinbetter.space\/cz\/\",\"name\":\"spinbetter team cz\",\"description\":\"My WordPress Blog\",\"potentialAction\":[{\"@type\":\"SearchAction\",\"target\":{\"@type\":\"EntryPoint\",\"urlTemplate\":\"https:\/\/spinbetter.space\/cz\/?s={search_term_string}\"},\"query-input\":{\"@type\":\"PropertyValueSpecification\",\"valueRequired\":true,\"valueName\":\"search_term_string\"}}],\"inLanguage\":\"cs\"}]}<\/script>\n<!-- \/ Yoast SEO plugin. -->","yoast_head_json":{"title":"SpinBetter 100% bonus na prvn\u00ed vklad > dohnat a\u017e 2 500 CZK","description":"Zaregistrujte se v kasinu SpinBetter a z\u00edskejte 100% bonus a\u017e do v\u00fd\u0161e 2 500 CZK za prvn\u00ed vklad. Hra za\u010d\u00edn\u00e1 s dvojn\u00e1sobnou silou!","robots":{"index":"index","follow":"follow","max-snippet":"max-snippet:-1","max-image-preview":"max-image-preview:large","max-video-preview":"max-video-preview:-1"},"og_locale":"cs_CZ","og_type":"article","og_title":"SpinBetter 100% bonus na prvn\u00ed vklad > dohnat a\u017e 2 500 CZK","og_description":"Zaregistrujte se v kasinu SpinBetter a z\u00edskejte 100% bonus a\u017e do v\u00fd\u0161e 2 500 CZK za prvn\u00ed vklad. Hra za\u010d\u00edn\u00e1 s dvojn\u00e1sobnou silou!","og_url":"https:\/\/spinbetter.space\/cz\/bonuses\/first-deposit\/","og_site_name":"spinbetter team cz","article_modified_time":"2025-06-04T13:19:24+00:00","twitter_card":"summary_large_image","schema":{"@context":"https:\/\/schema.org","@graph":[{"@type":"WebPage","@id":"https:\/\/spinbetter.space\/cz\/bonuses\/first-deposit\/","url":"https:\/\/spinbetter.space\/cz\/bonuses\/first-deposit\/","name":"SpinBetter 100% bonus na prvn\u00ed vklad > dohnat a\u017e 2 500 CZK","isPartOf":{"@id":"https:\/\/spinbetter.space\/cz\/#website"},"datePublished":"2025-06-04T13:18:23+00:00","dateModified":"2025-06-04T13:19:24+00:00","description":"Zaregistrujte se v kasinu SpinBetter a z\u00edskejte 100% bonus a\u017e do v\u00fd\u0161e 2 500 CZK za prvn\u00ed vklad. Hra za\u010d\u00edn\u00e1 s dvojn\u00e1sobnou silou!","breadcrumb":{"@id":"https:\/\/spinbetter.space\/cz\/bonuses\/first-deposit\/#breadcrumb"},"inLanguage":"cs","potentialAction":[{"@type":"ReadAction","target":["https:\/\/spinbetter.space\/cz\/bonuses\/first-deposit\/"]}]},{"@type":"BreadcrumbList","@id":"https:\/\/spinbetter.space\/cz\/bonuses\/first-deposit\/#breadcrumb","itemListElement":[{"@type":"ListItem","position":1,"name":"\u0413\u043b\u0430\u0432\u043d\u0430\u044f \u0441\u0442\u0440\u0430\u043d\u0438\u0446\u0430","item":"https:\/\/spinbetter.space\/cz\/"},{"@type":"ListItem","position":2,"name":"Bonusy","item":"https:\/\/spinbetter.space\/cz\/bonuses\/"},{"@type":"ListItem","position":3,"name":"First deposit"}]},{"@type":"WebSite","@id":"https:\/\/spinbetter.space\/cz\/#website","url":"https:\/\/spinbetter.space\/cz\/","name":"spinbetter team cz","description":"My WordPress Blog","potentialAction":[{"@type":"SearchAction","target":{"@type":"EntryPoint","urlTemplate":"https:\/\/spinbetter.space\/cz\/?s={search_term_string}"},"query-input":{"@type":"PropertyValueSpecification","valueRequired":true,"valueName":"search_term_string"}}],"inLanguage":"cs"}]}},"_links":{"self":[{"href":"https:\/\/spinbetter.space\/cz\/wp-json\/wp\/v2\/pages\/559","targetHints":{"allow":["GET"]}}],"collection":[{"href":"https:\/\/spinbetter.space\/cz\/wp-json\/wp\/v2\/pages"}],"about":[{"href":"https:\/\/spinbetter.space\/cz\/wp-json\/wp\/v2\/types\/page"}],"author":[{"embeddable":true,"href":"https:\/\/spinbetter.space\/cz\/wp-json\/wp\/v2\/users\/1"}],"replies":[{"embeddable":true,"href":"https:\/\/spinbetter.space\/cz\/wp-json\/wp\/v2\/comments?post=559"}],"version-history":[{"count":1,"href":"https:\/\/spinbetter.space\/cz\/wp-json\/wp\/v2\/pages\/559\/revisions"}],"predecessor-version":[{"id":560,"href":"https:\/\/spinbetter.space\/cz\/wp-json\/wp\/v2\/pages\/559\/revisions\/560"}],"up":[{"embeddable":true,"href":"https:\/\/spinbetter.space\/cz\/wp-json\/wp\/v2\/pages\/152"}],"wp:attachment":[{"href":"https:\/\/spinbetter.space\/cz\/wp-json\/wp\/v2\/media?parent=559"}],"curies":[{"name":"wp","href":"https:\/\/api.w.org\/{rel}","templated":true}]}}