{"id":557,"date":"2025-06-04T13:13:16","date_gmt":"2025-06-04T13:13:16","guid":{"rendered":"https:\/\/spinbetter.space\/cz\/?page_id=557"},"modified":"2025-06-04T13:17:12","modified_gmt":"2025-06-04T13:17:12","slug":"app-freebet","status":"publish","type":"page","link":"https:\/\/spinbetter.space\/cz\/bonuses\/app-freebet\/","title":{"rendered":"App Freebet"},"content":{"rendered":"","protected":false},"excerpt":{"rendered":"","protected":false},"author":1,"featured_media":0,"parent":152,"menu_order":0,"comment_status":"closed","ping_status":"closed","template":"","meta":{"footnotes":""},"class_list":["post-557","page","type-page","status-publish","hentry"],"yoast_head":"<!-- This site is optimized with the Yoast SEO plugin v23.5 - https:\/\/yoast.com\/wordpress\/plugins\/seo\/ -->\n<title>S\u00e1zen\u00ed v aplikaci SpinBetter &gt; Z\u00edskat Freebet za aktivitu<\/title>\n<meta name=\"description\" content=\"Podejte 10 s\u00e1zek v mobiln\u00ed aplikaci SpinBetter a z\u00edskejte freebet a\u017e do v\u00fd\u0161e 250 CZK. Pouze pro aktivn\u00ed hr\u00e1\u010de Line a Live - hrajte a z\u00edskejte bonus!\" \/>\n<meta name=\"robots\" content=\"index, follow, max-snippet:-1, max-image-preview:large, max-video-preview:-1\" \/>\n<meta property=\"og:locale\" content=\"cs_CZ\" \/>\n<meta property=\"og:type\" content=\"article\" \/>\n<meta property=\"og:title\" content=\"S\u00e1zen\u00ed v aplikaci SpinBetter &gt; Z\u00edskat Freebet za aktivitu\" \/>\n<meta property=\"og:description\" content=\"Podejte 10 s\u00e1zek v mobiln\u00ed aplikaci SpinBetter a z\u00edskejte freebet a\u017e do v\u00fd\u0161e 250 CZK. Pouze pro aktivn\u00ed hr\u00e1\u010de Line a Live - hrajte a z\u00edskejte bonus!\" \/>\n<meta property=\"og:url\" content=\"https:\/\/spinbetter.space\/cz\/bonuses\/app-freebet\/\" \/>\n<meta property=\"og:site_name\" content=\"spinbetter team cz\" \/>\n<meta property=\"article:modified_time\" content=\"2025-06-04T13:17:12+00:00\" \/>\n<meta name=\"twitter:card\" content=\"summary_large_image\" \/>\n<script type=\"application\/ld+json\" class=\"yoast-schema-graph\">{\"@context\":\"https:\/\/schema.org\",\"@graph\":[{\"@type\":\"WebPage\",\"@id\":\"https:\/\/spinbetter.space\/cz\/bonuses\/app-freebet\/\",\"url\":\"https:\/\/spinbetter.space\/cz\/bonuses\/app-freebet\/\",\"name\":\"S\u00e1zen\u00ed v aplikaci SpinBetter > Z\u00edskat Freebet za aktivitu\",\"isPartOf\":{\"@id\":\"https:\/\/spinbetter.space\/cz\/#website\"},\"datePublished\":\"2025-06-04T13:13:16+00:00\",\"dateModified\":\"2025-06-04T13:17:12+00:00\",\"description\":\"Podejte 10 s\u00e1zek v mobiln\u00ed aplikaci SpinBetter a z\u00edskejte freebet a\u017e do v\u00fd\u0161e 250 CZK. Pouze pro aktivn\u00ed hr\u00e1\u010de Line a Live - hrajte a z\u00edskejte bonus!\",\"breadcrumb\":{\"@id\":\"https:\/\/spinbetter.space\/cz\/bonuses\/app-freebet\/#breadcrumb\"},\"inLanguage\":\"cs\",\"potentialAction\":[{\"@type\":\"ReadAction\",\"target\":[\"https:\/\/spinbetter.space\/cz\/bonuses\/app-freebet\/\"]}]},{\"@type\":\"BreadcrumbList\",\"@id\":\"https:\/\/spinbetter.space\/cz\/bonuses\/app-freebet\/#breadcrumb\",\"itemListElement\":[{\"@type\":\"ListItem\",\"position\":1,\"name\":\"\u0413\u043b\u0430\u0432\u043d\u0430\u044f \u0441\u0442\u0440\u0430\u043d\u0438\u0446\u0430\",\"item\":\"https:\/\/spinbetter.space\/cz\/\"},{\"@type\":\"ListItem\",\"position\":2,\"name\":\"Bonusy\",\"item\":\"https:\/\/spinbetter.space\/cz\/bonuses\/\"},{\"@type\":\"ListItem\",\"position\":3,\"name\":\"App Freebet\"}]},{\"@type\":\"WebSite\",\"@id\":\"https:\/\/spinbetter.space\/cz\/#website\",\"url\":\"https:\/\/spinbetter.space\/cz\/\",\"name\":\"spinbetter team cz\",\"description\":\"My WordPress Blog\",\"potentialAction\":[{\"@type\":\"SearchAction\",\"target\":{\"@type\":\"EntryPoint\",\"urlTemplate\":\"https:\/\/spinbetter.space\/cz\/?s={search_term_string}\"},\"query-input\":{\"@type\":\"PropertyValueSpecification\",\"valueRequired\":true,\"valueName\":\"search_term_string\"}}],\"inLanguage\":\"cs\"}]}<\/script>\n<!-- \/ Yoast SEO plugin. -->","yoast_head_json":{"title":"S\u00e1zen\u00ed v aplikaci SpinBetter > Z\u00edskat Freebet za aktivitu","description":"Podejte 10 s\u00e1zek v mobiln\u00ed aplikaci SpinBetter a z\u00edskejte freebet a\u017e do v\u00fd\u0161e 250 CZK. Pouze pro aktivn\u00ed hr\u00e1\u010de Line a Live - hrajte a z\u00edskejte bonus!","robots":{"index":"index","follow":"follow","max-snippet":"max-snippet:-1","max-image-preview":"max-image-preview:large","max-video-preview":"max-video-preview:-1"},"og_locale":"cs_CZ","og_type":"article","og_title":"S\u00e1zen\u00ed v aplikaci SpinBetter > Z\u00edskat Freebet za aktivitu","og_description":"Podejte 10 s\u00e1zek v mobiln\u00ed aplikaci SpinBetter a z\u00edskejte freebet a\u017e do v\u00fd\u0161e 250 CZK. Pouze pro aktivn\u00ed hr\u00e1\u010de Line a Live - hrajte a z\u00edskejte bonus!","og_url":"https:\/\/spinbetter.space\/cz\/bonuses\/app-freebet\/","og_site_name":"spinbetter team cz","article_modified_time":"2025-06-04T13:17:12+00:00","twitter_card":"summary_large_image","schema":{"@context":"https:\/\/schema.org","@graph":[{"@type":"WebPage","@id":"https:\/\/spinbetter.space\/cz\/bonuses\/app-freebet\/","url":"https:\/\/spinbetter.space\/cz\/bonuses\/app-freebet\/","name":"S\u00e1zen\u00ed v aplikaci SpinBetter > Z\u00edskat Freebet za aktivitu","isPartOf":{"@id":"https:\/\/spinbetter.space\/cz\/#website"},"datePublished":"2025-06-04T13:13:16+00:00","dateModified":"2025-06-04T13:17:12+00:00","description":"Podejte 10 s\u00e1zek v mobiln\u00ed aplikaci SpinBetter a z\u00edskejte freebet a\u017e do v\u00fd\u0161e 250 CZK. Pouze pro aktivn\u00ed hr\u00e1\u010de Line a Live - hrajte a z\u00edskejte bonus!","breadcrumb":{"@id":"https:\/\/spinbetter.space\/cz\/bonuses\/app-freebet\/#breadcrumb"},"inLanguage":"cs","potentialAction":[{"@type":"ReadAction","target":["https:\/\/spinbetter.space\/cz\/bonuses\/app-freebet\/"]}]},{"@type":"BreadcrumbList","@id":"https:\/\/spinbetter.space\/cz\/bonuses\/app-freebet\/#breadcrumb","itemListElement":[{"@type":"ListItem","position":1,"name":"\u0413\u043b\u0430\u0432\u043d\u0430\u044f \u0441\u0442\u0440\u0430\u043d\u0438\u0446\u0430","item":"https:\/\/spinbetter.space\/cz\/"},{"@type":"ListItem","position":2,"name":"Bonusy","item":"https:\/\/spinbetter.space\/cz\/bonuses\/"},{"@type":"ListItem","position":3,"name":"App Freebet"}]},{"@type":"WebSite","@id":"https:\/\/spinbetter.space\/cz\/#website","url":"https:\/\/spinbetter.space\/cz\/","name":"spinbetter team cz","description":"My WordPress Blog","potentialAction":[{"@type":"SearchAction","target":{"@type":"EntryPoint","urlTemplate":"https:\/\/spinbetter.space\/cz\/?s={search_term_string}"},"query-input":{"@type":"PropertyValueSpecification","valueRequired":true,"valueName":"search_term_string"}}],"inLanguage":"cs"}]}},"_links":{"self":[{"href":"https:\/\/spinbetter.space\/cz\/wp-json\/wp\/v2\/pages\/557","targetHints":{"allow":["GET"]}}],"collection":[{"href":"https:\/\/spinbetter.space\/cz\/wp-json\/wp\/v2\/pages"}],"about":[{"href":"https:\/\/spinbetter.space\/cz\/wp-json\/wp\/v2\/types\/page"}],"author":[{"embeddable":true,"href":"https:\/\/spinbetter.space\/cz\/wp-json\/wp\/v2\/users\/1"}],"replies":[{"embeddable":true,"href":"https:\/\/spinbetter.space\/cz\/wp-json\/wp\/v2\/comments?post=557"}],"version-history":[{"count":1,"href":"https:\/\/spinbetter.space\/cz\/wp-json\/wp\/v2\/pages\/557\/revisions"}],"predecessor-version":[{"id":558,"href":"https:\/\/spinbetter.space\/cz\/wp-json\/wp\/v2\/pages\/557\/revisions\/558"}],"up":[{"embeddable":true,"href":"https:\/\/spinbetter.space\/cz\/wp-json\/wp\/v2\/pages\/152"}],"wp:attachment":[{"href":"https:\/\/spinbetter.space\/cz\/wp-json\/wp\/v2\/media?parent=557"}],"curies":[{"name":"wp","href":"https:\/\/api.w.org\/{rel}","templated":true}]}}