{"id":334,"date":"2024-09-25T14:32:23","date_gmt":"2024-09-25T14:32:23","guid":{"rendered":"https:\/\/spinbetter.team\/es\/?page_id=334"},"modified":"2025-06-18T18:07:44","modified_gmt":"2025-06-18T18:07:44","slug":"download","status":"publish","type":"page","link":"https:\/\/spinbetter.space\/co\/download\/","title":{"rendered":"Descargar"},"content":{"rendered":"","protected":false},"excerpt":{"rendered":"","protected":false},"author":1,"featured_media":0,"parent":0,"menu_order":0,"comment_status":"closed","ping_status":"closed","template":"","meta":{"footnotes":""},"class_list":["post-334","page","type-page","status-publish","hentry"],"yoast_head":"<!-- This site is optimized with the Yoast SEO plugin v23.5 - https:\/\/yoast.com\/wordpress\/plugins\/seo\/ -->\n<title>C\u00f3mo descargar SpinBetter Colombia &gt; Gu\u00eda y Consejos<\/title>\n<meta name=\"description\" content=\"Una revisi\u00f3n detallada de la aplicaci\u00f3n Colombia SpinBetter. Aprende a descargar SpinBetter y s\u00e1cale el m\u00e1ximo partido: \u00a1juegos, apuestas y bonos exclusivos!\" \/>\n<meta name=\"robots\" content=\"index, follow, max-snippet:-1, max-image-preview:large, max-video-preview:-1\" \/>\n<meta property=\"og:locale\" content=\"es_ES\" \/>\n<meta property=\"og:type\" content=\"article\" \/>\n<meta property=\"og:title\" content=\"C\u00f3mo descargar SpinBetter Colombia &gt; Gu\u00eda y Consejos\" \/>\n<meta property=\"og:description\" content=\"Una revisi\u00f3n detallada de la aplicaci\u00f3n Colombia SpinBetter. Aprende a descargar SpinBetter y s\u00e1cale el m\u00e1ximo partido: \u00a1juegos, apuestas y bonos exclusivos!\" \/>\n<meta property=\"og:url\" content=\"https:\/\/spinbetter.space\/co\/download\/\" \/>\n<meta property=\"og:site_name\" content=\"Spinbetter Team CO\" \/>\n<meta property=\"article:modified_time\" content=\"2025-06-18T18:07:44+00:00\" \/>\n<meta name=\"twitter:card\" content=\"summary_large_image\" \/>\n<script type=\"application\/ld+json\" class=\"yoast-schema-graph\">{\"@context\":\"https:\/\/schema.org\",\"@graph\":[{\"@type\":\"WebPage\",\"@id\":\"https:\/\/spinbetter.space\/co\/download\/\",\"url\":\"https:\/\/spinbetter.space\/co\/download\/\",\"name\":\"C\u00f3mo descargar SpinBetter Colombia > Gu\u00eda y Consejos\",\"isPartOf\":{\"@id\":\"https:\/\/spinbetter.space\/co\/#website\"},\"datePublished\":\"2024-09-25T14:32:23+00:00\",\"dateModified\":\"2025-06-18T18:07:44+00:00\",\"description\":\"Una revisi\u00f3n detallada de la aplicaci\u00f3n Colombia SpinBetter. Aprende a descargar SpinBetter y s\u00e1cale el m\u00e1ximo partido: \u00a1juegos, apuestas y bonos exclusivos!\",\"breadcrumb\":{\"@id\":\"https:\/\/spinbetter.space\/co\/download\/#breadcrumb\"},\"inLanguage\":\"es-CO\",\"potentialAction\":[{\"@type\":\"ReadAction\",\"target\":[\"https:\/\/spinbetter.space\/co\/download\/\"]}]},{\"@type\":\"BreadcrumbList\",\"@id\":\"https:\/\/spinbetter.space\/co\/download\/#breadcrumb\",\"itemListElement\":[{\"@type\":\"ListItem\",\"position\":1,\"name\":\"\u0413\u043b\u0430\u0432\u043d\u0430\u044f \u0441\u0442\u0440\u0430\u043d\u0438\u0446\u0430\",\"item\":\"https:\/\/spinbetter.space\/co\/\"},{\"@type\":\"ListItem\",\"position\":2,\"name\":\"Descargar\"}]},{\"@type\":\"WebSite\",\"@id\":\"https:\/\/spinbetter.space\/co\/#website\",\"url\":\"https:\/\/spinbetter.space\/co\/\",\"name\":\"Spinbetter Team CO\",\"description\":\"My WordPress Blog\",\"potentialAction\":[{\"@type\":\"SearchAction\",\"target\":{\"@type\":\"EntryPoint\",\"urlTemplate\":\"https:\/\/spinbetter.space\/co\/?s={search_term_string}\"},\"query-input\":{\"@type\":\"PropertyValueSpecification\",\"valueRequired\":true,\"valueName\":\"search_term_string\"}}],\"inLanguage\":\"es-CO\"}]}<\/script>\n<!-- \/ Yoast SEO plugin. -->","yoast_head_json":{"title":"C\u00f3mo descargar SpinBetter Colombia > Gu\u00eda y Consejos","description":"Una revisi\u00f3n detallada de la aplicaci\u00f3n Colombia SpinBetter. Aprende a descargar SpinBetter y s\u00e1cale el m\u00e1ximo partido: \u00a1juegos, apuestas y bonos exclusivos!","robots":{"index":"index","follow":"follow","max-snippet":"max-snippet:-1","max-image-preview":"max-image-preview:large","max-video-preview":"max-video-preview:-1"},"og_locale":"es_ES","og_type":"article","og_title":"C\u00f3mo descargar SpinBetter Colombia > Gu\u00eda y Consejos","og_description":"Una revisi\u00f3n detallada de la aplicaci\u00f3n Colombia SpinBetter. Aprende a descargar SpinBetter y s\u00e1cale el m\u00e1ximo partido: \u00a1juegos, apuestas y bonos exclusivos!","og_url":"https:\/\/spinbetter.space\/co\/download\/","og_site_name":"Spinbetter Team CO","article_modified_time":"2025-06-18T18:07:44+00:00","twitter_card":"summary_large_image","schema":{"@context":"https:\/\/schema.org","@graph":[{"@type":"WebPage","@id":"https:\/\/spinbetter.space\/co\/download\/","url":"https:\/\/spinbetter.space\/co\/download\/","name":"C\u00f3mo descargar SpinBetter Colombia > Gu\u00eda y Consejos","isPartOf":{"@id":"https:\/\/spinbetter.space\/co\/#website"},"datePublished":"2024-09-25T14:32:23+00:00","dateModified":"2025-06-18T18:07:44+00:00","description":"Una revisi\u00f3n detallada de la aplicaci\u00f3n Colombia SpinBetter. Aprende a descargar SpinBetter y s\u00e1cale el m\u00e1ximo partido: \u00a1juegos, apuestas y bonos exclusivos!","breadcrumb":{"@id":"https:\/\/spinbetter.space\/co\/download\/#breadcrumb"},"inLanguage":"es-CO","potentialAction":[{"@type":"ReadAction","target":["https:\/\/spinbetter.space\/co\/download\/"]}]},{"@type":"BreadcrumbList","@id":"https:\/\/spinbetter.space\/co\/download\/#breadcrumb","itemListElement":[{"@type":"ListItem","position":1,"name":"\u0413\u043b\u0430\u0432\u043d\u0430\u044f \u0441\u0442\u0440\u0430\u043d\u0438\u0446\u0430","item":"https:\/\/spinbetter.space\/co\/"},{"@type":"ListItem","position":2,"name":"Descargar"}]},{"@type":"WebSite","@id":"https:\/\/spinbetter.space\/co\/#website","url":"https:\/\/spinbetter.space\/co\/","name":"Spinbetter Team CO","description":"My WordPress Blog","potentialAction":[{"@type":"SearchAction","target":{"@type":"EntryPoint","urlTemplate":"https:\/\/spinbetter.space\/co\/?s={search_term_string}"},"query-input":{"@type":"PropertyValueSpecification","valueRequired":true,"valueName":"search_term_string"}}],"inLanguage":"es-CO"}]}},"_links":{"self":[{"href":"https:\/\/spinbetter.space\/co\/wp-json\/wp\/v2\/pages\/334","targetHints":{"allow":["GET"]}}],"collection":[{"href":"https:\/\/spinbetter.space\/co\/wp-json\/wp\/v2\/pages"}],"about":[{"href":"https:\/\/spinbetter.space\/co\/wp-json\/wp\/v2\/types\/page"}],"author":[{"embeddable":true,"href":"https:\/\/spinbetter.space\/co\/wp-json\/wp\/v2\/users\/1"}],"replies":[{"embeddable":true,"href":"https:\/\/spinbetter.space\/co\/wp-json\/wp\/v2\/comments?post=334"}],"version-history":[{"count":14,"href":"https:\/\/spinbetter.space\/co\/wp-json\/wp\/v2\/pages\/334\/revisions"}],"predecessor-version":[{"id":479,"href":"https:\/\/spinbetter.space\/co\/wp-json\/wp\/v2\/pages\/334\/revisions\/479"}],"wp:attachment":[{"href":"https:\/\/spinbetter.space\/co\/wp-json\/wp\/v2\/media?parent=334"}],"curies":[{"name":"wp","href":"https:\/\/api.w.org\/{rel}","templated":true}]}}