{"id":334,"date":"2024-09-25T14:32:23","date_gmt":"2024-09-25T14:32:23","guid":{"rendered":"https:\/\/spinbetter.team\/br\/?page_id=334"},"modified":"2025-06-19T08:49:43","modified_gmt":"2025-06-19T08:49:43","slug":"download","status":"publish","type":"page","link":"https:\/\/spinbetter.space\/br\/download\/","title":{"rendered":"Baixar"},"content":{"rendered":"","protected":false},"excerpt":{"rendered":"","protected":false},"author":1,"featured_media":0,"parent":0,"menu_order":0,"comment_status":"closed","ping_status":"closed","template":"","meta":{"footnotes":""},"class_list":["post-334","page","type-page","status-publish","hentry"],"yoast_head":"<!-- This site is optimized with the Yoast SEO plugin v23.5 - https:\/\/yoast.com\/wordpress\/plugins\/seo\/ -->\n<title>Como fazer o download do SpinBetter Brasil &gt; Guia e dicas<\/title>\n<meta name=\"description\" content=\"Uma an\u00e1lise detalhada do aplicativo SpinBetter Brasil. Saiba como baixar o SpinBetter e aproveit\u00e1-lo ao m\u00e1ximo: jogos, apostas e b\u00f4nus exclusivos!\" \/>\n<meta name=\"robots\" content=\"index, follow, max-snippet:-1, max-image-preview:large, max-video-preview:-1\" \/>\n<meta property=\"og:locale\" content=\"pt_BR\" \/>\n<meta property=\"og:type\" content=\"article\" \/>\n<meta property=\"og:title\" content=\"Como fazer o download do SpinBetter Brasil &gt; Guia e dicas\" \/>\n<meta property=\"og:description\" content=\"Uma an\u00e1lise detalhada do aplicativo SpinBetter Brasil. Saiba como baixar o SpinBetter e aproveit\u00e1-lo ao m\u00e1ximo: jogos, apostas e b\u00f4nus exclusivos!\" \/>\n<meta property=\"og:url\" content=\"https:\/\/spinbetter.space\/br\/download\/\" \/>\n<meta property=\"og:site_name\" content=\"spinbetter team br\" \/>\n<meta property=\"article:modified_time\" content=\"2025-06-19T08:49:43+00:00\" \/>\n<meta name=\"twitter:card\" content=\"summary_large_image\" \/>\n<script type=\"application\/ld+json\" class=\"yoast-schema-graph\">{\"@context\":\"https:\/\/schema.org\",\"@graph\":[{\"@type\":\"WebPage\",\"@id\":\"https:\/\/spinbetter.space\/br\/download\/\",\"url\":\"https:\/\/spinbetter.space\/br\/download\/\",\"name\":\"Como fazer o download do SpinBetter Brasil > Guia e dicas\",\"isPartOf\":{\"@id\":\"https:\/\/spinbetter.space\/br\/#website\"},\"datePublished\":\"2024-09-25T14:32:23+00:00\",\"dateModified\":\"2025-06-19T08:49:43+00:00\",\"description\":\"Uma an\u00e1lise detalhada do aplicativo SpinBetter Brasil. Saiba como baixar o SpinBetter e aproveit\u00e1-lo ao m\u00e1ximo: jogos, apostas e b\u00f4nus exclusivos!\",\"breadcrumb\":{\"@id\":\"https:\/\/spinbetter.space\/br\/download\/#breadcrumb\"},\"inLanguage\":\"pt-BR\",\"potentialAction\":[{\"@type\":\"ReadAction\",\"target\":[\"https:\/\/spinbetter.space\/br\/download\/\"]}]},{\"@type\":\"BreadcrumbList\",\"@id\":\"https:\/\/spinbetter.space\/br\/download\/#breadcrumb\",\"itemListElement\":[{\"@type\":\"ListItem\",\"position\":1,\"name\":\"\u0413\u043b\u0430\u0432\u043d\u0430\u044f \u0441\u0442\u0440\u0430\u043d\u0438\u0446\u0430\",\"item\":\"https:\/\/spinbetter.space\/br\/\"},{\"@type\":\"ListItem\",\"position\":2,\"name\":\"Baixar\"}]},{\"@type\":\"WebSite\",\"@id\":\"https:\/\/spinbetter.space\/br\/#website\",\"url\":\"https:\/\/spinbetter.space\/br\/\",\"name\":\"spinbetter team br\",\"description\":\"My WordPress Blog\",\"potentialAction\":[{\"@type\":\"SearchAction\",\"target\":{\"@type\":\"EntryPoint\",\"urlTemplate\":\"https:\/\/spinbetter.space\/br\/?s={search_term_string}\"},\"query-input\":{\"@type\":\"PropertyValueSpecification\",\"valueRequired\":true,\"valueName\":\"search_term_string\"}}],\"inLanguage\":\"pt-BR\"}]}<\/script>\n<!-- \/ Yoast SEO plugin. -->","yoast_head_json":{"title":"Como fazer o download do SpinBetter Brasil > Guia e dicas","description":"Uma an\u00e1lise detalhada do aplicativo SpinBetter Brasil. Saiba como baixar o SpinBetter e aproveit\u00e1-lo ao m\u00e1ximo: jogos, apostas e b\u00f4nus exclusivos!","robots":{"index":"index","follow":"follow","max-snippet":"max-snippet:-1","max-image-preview":"max-image-preview:large","max-video-preview":"max-video-preview:-1"},"og_locale":"pt_BR","og_type":"article","og_title":"Como fazer o download do SpinBetter Brasil > Guia e dicas","og_description":"Uma an\u00e1lise detalhada do aplicativo SpinBetter Brasil. Saiba como baixar o SpinBetter e aproveit\u00e1-lo ao m\u00e1ximo: jogos, apostas e b\u00f4nus exclusivos!","og_url":"https:\/\/spinbetter.space\/br\/download\/","og_site_name":"spinbetter team br","article_modified_time":"2025-06-19T08:49:43+00:00","twitter_card":"summary_large_image","schema":{"@context":"https:\/\/schema.org","@graph":[{"@type":"WebPage","@id":"https:\/\/spinbetter.space\/br\/download\/","url":"https:\/\/spinbetter.space\/br\/download\/","name":"Como fazer o download do SpinBetter Brasil > Guia e dicas","isPartOf":{"@id":"https:\/\/spinbetter.space\/br\/#website"},"datePublished":"2024-09-25T14:32:23+00:00","dateModified":"2025-06-19T08:49:43+00:00","description":"Uma an\u00e1lise detalhada do aplicativo SpinBetter Brasil. Saiba como baixar o SpinBetter e aproveit\u00e1-lo ao m\u00e1ximo: jogos, apostas e b\u00f4nus exclusivos!","breadcrumb":{"@id":"https:\/\/spinbetter.space\/br\/download\/#breadcrumb"},"inLanguage":"pt-BR","potentialAction":[{"@type":"ReadAction","target":["https:\/\/spinbetter.space\/br\/download\/"]}]},{"@type":"BreadcrumbList","@id":"https:\/\/spinbetter.space\/br\/download\/#breadcrumb","itemListElement":[{"@type":"ListItem","position":1,"name":"\u0413\u043b\u0430\u0432\u043d\u0430\u044f \u0441\u0442\u0440\u0430\u043d\u0438\u0446\u0430","item":"https:\/\/spinbetter.space\/br\/"},{"@type":"ListItem","position":2,"name":"Baixar"}]},{"@type":"WebSite","@id":"https:\/\/spinbetter.space\/br\/#website","url":"https:\/\/spinbetter.space\/br\/","name":"spinbetter team br","description":"My WordPress Blog","potentialAction":[{"@type":"SearchAction","target":{"@type":"EntryPoint","urlTemplate":"https:\/\/spinbetter.space\/br\/?s={search_term_string}"},"query-input":{"@type":"PropertyValueSpecification","valueRequired":true,"valueName":"search_term_string"}}],"inLanguage":"pt-BR"}]}},"_links":{"self":[{"href":"https:\/\/spinbetter.space\/br\/wp-json\/wp\/v2\/pages\/334","targetHints":{"allow":["GET"]}}],"collection":[{"href":"https:\/\/spinbetter.space\/br\/wp-json\/wp\/v2\/pages"}],"about":[{"href":"https:\/\/spinbetter.space\/br\/wp-json\/wp\/v2\/types\/page"}],"author":[{"embeddable":true,"href":"https:\/\/spinbetter.space\/br\/wp-json\/wp\/v2\/users\/1"}],"replies":[{"embeddable":true,"href":"https:\/\/spinbetter.space\/br\/wp-json\/wp\/v2\/comments?post=334"}],"version-history":[{"count":22,"href":"https:\/\/spinbetter.space\/br\/wp-json\/wp\/v2\/pages\/334\/revisions"}],"predecessor-version":[{"id":541,"href":"https:\/\/spinbetter.space\/br\/wp-json\/wp\/v2\/pages\/334\/revisions\/541"}],"wp:attachment":[{"href":"https:\/\/spinbetter.space\/br\/wp-json\/wp\/v2\/media?parent=334"}],"curies":[{"name":"wp","href":"https:\/\/api.w.org\/{rel}","templated":true}]}}