{"id":363,"date":"2024-09-26T08:40:59","date_gmt":"2024-09-26T08:40:59","guid":{"rendered":"https:\/\/spinbetter.space\/bf\/?page_id=363"},"modified":"2025-06-18T18:53:05","modified_gmt":"2025-06-18T18:53:05","slug":"mirror","status":"publish","type":"page","link":"https:\/\/spinbetter.space\/bf\/mirror\/","title":{"rendered":"Miroir"},"content":{"rendered":"","protected":false},"excerpt":{"rendered":"","protected":false},"author":1,"featured_media":0,"parent":0,"menu_order":0,"comment_status":"closed","ping_status":"closed","template":"","meta":{"footnotes":""},"class_list":["post-363","page","type-page","status-publish","hentry"],"yoast_head":"<!-- This site is optimized with the Yoast SEO plugin v23.5 - https:\/\/yoast.com\/wordpress\/plugins\/seo\/ -->\n<title>D\u00e9bloquer les miroirs SpinBetter au Burkina Faso &gt; alternatives<\/title>\n<meta name=\"description\" content=\"D\u00e9couvrez l&#039;univers des miroirs SpinBetter Burkina Faso : d\u00e9couvrez leur fonctionnement, acc\u00e9dez aux liens les plus r\u00e9cents et prot\u00e9gez vos donn\u00e9es en toute simplicit\u00e9.\" \/>\n<meta name=\"robots\" content=\"index, follow, max-snippet:-1, max-image-preview:large, max-video-preview:-1\" \/>\n<meta property=\"og:locale\" content=\"en_US\" \/>\n<meta property=\"og:type\" content=\"article\" \/>\n<meta property=\"og:title\" content=\"D\u00e9bloquer les miroirs SpinBetter au Burkina Faso &gt; alternatives\" \/>\n<meta property=\"og:description\" content=\"D\u00e9couvrez l&#039;univers des miroirs SpinBetter Burkina Faso : d\u00e9couvrez leur fonctionnement, acc\u00e9dez aux liens les plus r\u00e9cents et prot\u00e9gez vos donn\u00e9es en toute simplicit\u00e9.\" \/>\n<meta property=\"og:url\" content=\"https:\/\/spinbetter.space\/bf\/mirror\/\" \/>\n<meta property=\"og:site_name\" content=\"Spinbetter team BF\" \/>\n<meta property=\"article:modified_time\" content=\"2025-06-18T18:53:05+00:00\" \/>\n<meta name=\"twitter:card\" content=\"summary_large_image\" \/>\n<script type=\"application\/ld+json\" class=\"yoast-schema-graph\">{\"@context\":\"https:\/\/schema.org\",\"@graph\":[{\"@type\":\"WebPage\",\"@id\":\"https:\/\/spinbetter.space\/bf\/mirror\/\",\"url\":\"https:\/\/spinbetter.space\/bf\/mirror\/\",\"name\":\"D\u00e9bloquer les miroirs SpinBetter au Burkina Faso > alternatives\",\"isPartOf\":{\"@id\":\"https:\/\/spinbetter.space\/bf\/#website\"},\"datePublished\":\"2024-09-26T08:40:59+00:00\",\"dateModified\":\"2025-06-18T18:53:05+00:00\",\"description\":\"D\u00e9couvrez l'univers des miroirs SpinBetter Burkina Faso : d\u00e9couvrez leur fonctionnement, acc\u00e9dez aux liens les plus r\u00e9cents et prot\u00e9gez vos donn\u00e9es en toute simplicit\u00e9.\",\"breadcrumb\":{\"@id\":\"https:\/\/spinbetter.space\/bf\/mirror\/#breadcrumb\"},\"inLanguage\":\"fy\",\"potentialAction\":[{\"@type\":\"ReadAction\",\"target\":[\"https:\/\/spinbetter.space\/bf\/mirror\/\"]}]},{\"@type\":\"BreadcrumbList\",\"@id\":\"https:\/\/spinbetter.space\/bf\/mirror\/#breadcrumb\",\"itemListElement\":[{\"@type\":\"ListItem\",\"position\":1,\"name\":\"\u0413\u043b\u0430\u0432\u043d\u0430\u044f \u0441\u0442\u0440\u0430\u043d\u0438\u0446\u0430\",\"item\":\"https:\/\/spinbetter.space\/bf\/\"},{\"@type\":\"ListItem\",\"position\":2,\"name\":\"Miroir\"}]},{\"@type\":\"WebSite\",\"@id\":\"https:\/\/spinbetter.space\/bf\/#website\",\"url\":\"https:\/\/spinbetter.space\/bf\/\",\"name\":\"Spinbetter team BF\",\"description\":\"My WordPress Blog\",\"potentialAction\":[{\"@type\":\"SearchAction\",\"target\":{\"@type\":\"EntryPoint\",\"urlTemplate\":\"https:\/\/spinbetter.space\/bf\/?s={search_term_string}\"},\"query-input\":{\"@type\":\"PropertyValueSpecification\",\"valueRequired\":true,\"valueName\":\"search_term_string\"}}],\"inLanguage\":\"fy\"}]}<\/script>\n<!-- \/ Yoast SEO plugin. -->","yoast_head_json":{"title":"D\u00e9bloquer les miroirs SpinBetter au Burkina Faso > alternatives","description":"D\u00e9couvrez l'univers des miroirs SpinBetter Burkina Faso : d\u00e9couvrez leur fonctionnement, acc\u00e9dez aux liens les plus r\u00e9cents et prot\u00e9gez vos donn\u00e9es en toute simplicit\u00e9.","robots":{"index":"index","follow":"follow","max-snippet":"max-snippet:-1","max-image-preview":"max-image-preview:large","max-video-preview":"max-video-preview:-1"},"og_locale":"en_US","og_type":"article","og_title":"D\u00e9bloquer les miroirs SpinBetter au Burkina Faso > alternatives","og_description":"D\u00e9couvrez l'univers des miroirs SpinBetter Burkina Faso : d\u00e9couvrez leur fonctionnement, acc\u00e9dez aux liens les plus r\u00e9cents et prot\u00e9gez vos donn\u00e9es en toute simplicit\u00e9.","og_url":"https:\/\/spinbetter.space\/bf\/mirror\/","og_site_name":"Spinbetter team BF","article_modified_time":"2025-06-18T18:53:05+00:00","twitter_card":"summary_large_image","schema":{"@context":"https:\/\/schema.org","@graph":[{"@type":"WebPage","@id":"https:\/\/spinbetter.space\/bf\/mirror\/","url":"https:\/\/spinbetter.space\/bf\/mirror\/","name":"D\u00e9bloquer les miroirs SpinBetter au Burkina Faso > alternatives","isPartOf":{"@id":"https:\/\/spinbetter.space\/bf\/#website"},"datePublished":"2024-09-26T08:40:59+00:00","dateModified":"2025-06-18T18:53:05+00:00","description":"D\u00e9couvrez l'univers des miroirs SpinBetter Burkina Faso : d\u00e9couvrez leur fonctionnement, acc\u00e9dez aux liens les plus r\u00e9cents et prot\u00e9gez vos donn\u00e9es en toute simplicit\u00e9.","breadcrumb":{"@id":"https:\/\/spinbetter.space\/bf\/mirror\/#breadcrumb"},"inLanguage":"fy","potentialAction":[{"@type":"ReadAction","target":["https:\/\/spinbetter.space\/bf\/mirror\/"]}]},{"@type":"BreadcrumbList","@id":"https:\/\/spinbetter.space\/bf\/mirror\/#breadcrumb","itemListElement":[{"@type":"ListItem","position":1,"name":"\u0413\u043b\u0430\u0432\u043d\u0430\u044f \u0441\u0442\u0440\u0430\u043d\u0438\u0446\u0430","item":"https:\/\/spinbetter.space\/bf\/"},{"@type":"ListItem","position":2,"name":"Miroir"}]},{"@type":"WebSite","@id":"https:\/\/spinbetter.space\/bf\/#website","url":"https:\/\/spinbetter.space\/bf\/","name":"Spinbetter team BF","description":"My WordPress Blog","potentialAction":[{"@type":"SearchAction","target":{"@type":"EntryPoint","urlTemplate":"https:\/\/spinbetter.space\/bf\/?s={search_term_string}"},"query-input":{"@type":"PropertyValueSpecification","valueRequired":true,"valueName":"search_term_string"}}],"inLanguage":"fy"}]}},"_links":{"self":[{"href":"https:\/\/spinbetter.space\/bf\/wp-json\/wp\/v2\/pages\/363","targetHints":{"allow":["GET"]}}],"collection":[{"href":"https:\/\/spinbetter.space\/bf\/wp-json\/wp\/v2\/pages"}],"about":[{"href":"https:\/\/spinbetter.space\/bf\/wp-json\/wp\/v2\/types\/page"}],"author":[{"embeddable":true,"href":"https:\/\/spinbetter.space\/bf\/wp-json\/wp\/v2\/users\/1"}],"replies":[{"embeddable":true,"href":"https:\/\/spinbetter.space\/bf\/wp-json\/wp\/v2\/comments?post=363"}],"version-history":[{"count":15,"href":"https:\/\/spinbetter.space\/bf\/wp-json\/wp\/v2\/pages\/363\/revisions"}],"predecessor-version":[{"id":572,"href":"https:\/\/spinbetter.space\/bf\/wp-json\/wp\/v2\/pages\/363\/revisions\/572"}],"wp:attachment":[{"href":"https:\/\/spinbetter.space\/bf\/wp-json\/wp\/v2\/media?parent=363"}],"curies":[{"name":"wp","href":"https:\/\/api.w.org\/{rel}","templated":true}]}}