{"id":238,"date":"2024-09-20T08:33:08","date_gmt":"2024-09-20T08:33:08","guid":{"rendered":"https:\/\/spinbetter.space\/bf\/?page_id=238"},"modified":"2026-01-13T14:42:15","modified_gmt":"2026-01-13T14:42:15","slug":"promo-code","status":"publish","type":"page","link":"https:\/\/spinbetter.space\/bf\/promo-code\/","title":{"rendered":"Code promo"},"content":{"rendered":"","protected":false},"excerpt":{"rendered":"","protected":false},"author":1,"featured_media":0,"parent":0,"menu_order":0,"comment_status":"closed","ping_status":"closed","template":"","meta":{"footnotes":""},"class_list":["post-238","page","type-page","status-publish","hentry"],"yoast_head":"<!-- This site is optimized with the Yoast SEO plugin v23.5 - https:\/\/yoast.com\/wordpress\/plugins\/seo\/ -->\n<title>Codes promo SpinBetter Burkina Faso\u00a0&gt; am\u00e9liorez votre jeu<\/title>\n<meta name=\"description\" content=\"Obtenez des conseils simples sur le Burkina Faso, d\u00e9couvrez des bonus uniques et d\u00e9couvrez comment ces codes peuvent vous aider \u00e0 augmenter vos gains et \u00e0 am\u00e9liorer votre exp\u00e9rience de jeu.\" \/>\n<meta name=\"robots\" content=\"index, follow, max-snippet:-1, max-image-preview:large, max-video-preview:-1\" \/>\n<meta property=\"og:locale\" content=\"en_US\" \/>\n<meta property=\"og:type\" content=\"article\" \/>\n<meta property=\"og:title\" content=\"Codes promo SpinBetter Burkina Faso\u00a0&gt; am\u00e9liorez votre jeu\" \/>\n<meta property=\"og:description\" content=\"Obtenez des conseils simples sur le Burkina Faso, d\u00e9couvrez des bonus uniques et d\u00e9couvrez comment ces codes peuvent vous aider \u00e0 augmenter vos gains et \u00e0 am\u00e9liorer votre exp\u00e9rience de jeu.\" \/>\n<meta property=\"og:url\" content=\"https:\/\/spinbetter.space\/bf\/promo-code\/\" \/>\n<meta property=\"og:site_name\" content=\"Spinbetter team BF\" \/>\n<meta property=\"article:modified_time\" content=\"2026-01-13T14:42:15+00:00\" \/>\n<meta name=\"twitter:card\" content=\"summary_large_image\" \/>\n<script type=\"application\/ld+json\" class=\"yoast-schema-graph\">{\"@context\":\"https:\/\/schema.org\",\"@graph\":[{\"@type\":\"WebPage\",\"@id\":\"https:\/\/spinbetter.space\/bf\/promo-code\/\",\"url\":\"https:\/\/spinbetter.space\/bf\/promo-code\/\",\"name\":\"Codes promo SpinBetter Burkina Faso\u00a0> am\u00e9liorez votre jeu\",\"isPartOf\":{\"@id\":\"https:\/\/spinbetter.space\/bf\/#website\"},\"datePublished\":\"2024-09-20T08:33:08+00:00\",\"dateModified\":\"2026-01-13T14:42:15+00:00\",\"description\":\"Obtenez des conseils simples sur le Burkina Faso, d\u00e9couvrez des bonus uniques et d\u00e9couvrez comment ces codes peuvent vous aider \u00e0 augmenter vos gains et \u00e0 am\u00e9liorer votre exp\u00e9rience de jeu.\",\"breadcrumb\":{\"@id\":\"https:\/\/spinbetter.space\/bf\/promo-code\/#breadcrumb\"},\"inLanguage\":\"fy\",\"potentialAction\":[{\"@type\":\"ReadAction\",\"target\":[\"https:\/\/spinbetter.space\/bf\/promo-code\/\"]}]},{\"@type\":\"BreadcrumbList\",\"@id\":\"https:\/\/spinbetter.space\/bf\/promo-code\/#breadcrumb\",\"itemListElement\":[{\"@type\":\"ListItem\",\"position\":1,\"name\":\"\u0413\u043b\u0430\u0432\u043d\u0430\u044f \u0441\u0442\u0440\u0430\u043d\u0438\u0446\u0430\",\"item\":\"https:\/\/spinbetter.space\/bf\/\"},{\"@type\":\"ListItem\",\"position\":2,\"name\":\"Code promo\"}]},{\"@type\":\"WebSite\",\"@id\":\"https:\/\/spinbetter.space\/bf\/#website\",\"url\":\"https:\/\/spinbetter.space\/bf\/\",\"name\":\"Spinbetter team BF\",\"description\":\"My WordPress Blog\",\"potentialAction\":[{\"@type\":\"SearchAction\",\"target\":{\"@type\":\"EntryPoint\",\"urlTemplate\":\"https:\/\/spinbetter.space\/bf\/?s={search_term_string}\"},\"query-input\":{\"@type\":\"PropertyValueSpecification\",\"valueRequired\":true,\"valueName\":\"search_term_string\"}}],\"inLanguage\":\"fy\"}]}<\/script>\n<!-- \/ Yoast SEO plugin. -->","yoast_head_json":{"title":"Codes promo SpinBetter Burkina Faso\u00a0> am\u00e9liorez votre jeu","description":"Obtenez des conseils simples sur le Burkina Faso, d\u00e9couvrez des bonus uniques et d\u00e9couvrez comment ces codes peuvent vous aider \u00e0 augmenter vos gains et \u00e0 am\u00e9liorer votre exp\u00e9rience de jeu.","robots":{"index":"index","follow":"follow","max-snippet":"max-snippet:-1","max-image-preview":"max-image-preview:large","max-video-preview":"max-video-preview:-1"},"og_locale":"en_US","og_type":"article","og_title":"Codes promo SpinBetter Burkina Faso\u00a0> am\u00e9liorez votre jeu","og_description":"Obtenez des conseils simples sur le Burkina Faso, d\u00e9couvrez des bonus uniques et d\u00e9couvrez comment ces codes peuvent vous aider \u00e0 augmenter vos gains et \u00e0 am\u00e9liorer votre exp\u00e9rience de jeu.","og_url":"https:\/\/spinbetter.space\/bf\/promo-code\/","og_site_name":"Spinbetter team BF","article_modified_time":"2026-01-13T14:42:15+00:00","twitter_card":"summary_large_image","schema":{"@context":"https:\/\/schema.org","@graph":[{"@type":"WebPage","@id":"https:\/\/spinbetter.space\/bf\/promo-code\/","url":"https:\/\/spinbetter.space\/bf\/promo-code\/","name":"Codes promo SpinBetter Burkina Faso\u00a0> am\u00e9liorez votre jeu","isPartOf":{"@id":"https:\/\/spinbetter.space\/bf\/#website"},"datePublished":"2024-09-20T08:33:08+00:00","dateModified":"2026-01-13T14:42:15+00:00","description":"Obtenez des conseils simples sur le Burkina Faso, d\u00e9couvrez des bonus uniques et d\u00e9couvrez comment ces codes peuvent vous aider \u00e0 augmenter vos gains et \u00e0 am\u00e9liorer votre exp\u00e9rience de jeu.","breadcrumb":{"@id":"https:\/\/spinbetter.space\/bf\/promo-code\/#breadcrumb"},"inLanguage":"fy","potentialAction":[{"@type":"ReadAction","target":["https:\/\/spinbetter.space\/bf\/promo-code\/"]}]},{"@type":"BreadcrumbList","@id":"https:\/\/spinbetter.space\/bf\/promo-code\/#breadcrumb","itemListElement":[{"@type":"ListItem","position":1,"name":"\u0413\u043b\u0430\u0432\u043d\u0430\u044f \u0441\u0442\u0440\u0430\u043d\u0438\u0446\u0430","item":"https:\/\/spinbetter.space\/bf\/"},{"@type":"ListItem","position":2,"name":"Code promo"}]},{"@type":"WebSite","@id":"https:\/\/spinbetter.space\/bf\/#website","url":"https:\/\/spinbetter.space\/bf\/","name":"Spinbetter team BF","description":"My WordPress Blog","potentialAction":[{"@type":"SearchAction","target":{"@type":"EntryPoint","urlTemplate":"https:\/\/spinbetter.space\/bf\/?s={search_term_string}"},"query-input":{"@type":"PropertyValueSpecification","valueRequired":true,"valueName":"search_term_string"}}],"inLanguage":"fy"}]}},"_links":{"self":[{"href":"https:\/\/spinbetter.space\/bf\/wp-json\/wp\/v2\/pages\/238","targetHints":{"allow":["GET"]}}],"collection":[{"href":"https:\/\/spinbetter.space\/bf\/wp-json\/wp\/v2\/pages"}],"about":[{"href":"https:\/\/spinbetter.space\/bf\/wp-json\/wp\/v2\/types\/page"}],"author":[{"embeddable":true,"href":"https:\/\/spinbetter.space\/bf\/wp-json\/wp\/v2\/users\/1"}],"replies":[{"embeddable":true,"href":"https:\/\/spinbetter.space\/bf\/wp-json\/wp\/v2\/comments?post=238"}],"version-history":[{"count":25,"href":"https:\/\/spinbetter.space\/bf\/wp-json\/wp\/v2\/pages\/238\/revisions"}],"predecessor-version":[{"id":649,"href":"https:\/\/spinbetter.space\/bf\/wp-json\/wp\/v2\/pages\/238\/revisions\/649"}],"wp:attachment":[{"href":"https:\/\/spinbetter.space\/bf\/wp-json\/wp\/v2\/media?parent=238"}],"curies":[{"name":"wp","href":"https:\/\/api.w.org\/{rel}","templated":true}]}}